{"id":1945,"date":"2025-06-05T01:59:24","date_gmt":"2025-06-05T01:59:24","guid":{"rendered":"https:\/\/agriomac.com.br\/loja\/?post_type=product&#038;p=1945"},"modified":"2025-06-05T02:14:10","modified_gmt":"2025-06-05T02:14:10","slug":"contrapino-1-4-x-2","status":"publish","type":"product","link":"https:\/\/agriomac.com.br\/loja\/produto\/contrapino-1-4-x-2\/","title":{"rendered":"CONTRAPINO 1\/4&#8243; X 2&#8243;"},"content":{"rendered":"<p data-start=\"2719\" data-end=\"2999\">O contrapino 1\/4&#8243; x 2&#8243; \u00e9 um componente de seguran\u00e7a mec\u00e2nica, projetado para impedir a sa\u00edda de porcas ou pinos atrav\u00e9s de travamento por dobra. Composto por a\u00e7o galvanizado, \u00e9 comum em implementos agr\u00edcolas, estruturas met\u00e1licas e montagens industriais.<\/p>\n<p data-start=\"3001\" data-end=\"3030\"><strong data-start=\"3001\" data-end=\"3030\">Caracter\u00edsticas t\u00e9cnicas:<\/strong><\/p>\n<ul data-start=\"3032\" data-end=\"3277\">\n<li data-start=\"3032\" data-end=\"3065\">\n<p data-start=\"3034\" data-end=\"3065\"><strong data-start=\"3034\" data-end=\"3043\">Tipo:<\/strong> Contrapino met\u00e1lico<\/p>\n<\/li>\n<li data-start=\"3066\" data-end=\"3088\">\n<p data-start=\"3068\" data-end=\"3088\"><strong data-start=\"3068\" data-end=\"3081\">Di\u00e2metro:<\/strong> 1\/4&#8243;<\/p>\n<\/li>\n<li data-start=\"3089\" data-end=\"3112\">\n<p data-start=\"3091\" data-end=\"3112\"><strong data-start=\"3091\" data-end=\"3107\">Comprimento:<\/strong> 2&#8243;<\/p>\n<\/li>\n<li data-start=\"3113\" data-end=\"3146\">\n<p data-start=\"3115\" data-end=\"3146\"><strong data-start=\"3115\" data-end=\"3128\">Material:<\/strong> A\u00e7o galvanizado<\/p>\n<\/li>\n<li data-start=\"3147\" data-end=\"3174\">\n<p data-start=\"3149\" data-end=\"3174\"><strong data-start=\"3149\" data-end=\"3164\">Acabamento:<\/strong> Zincado<\/p>\n<\/li>\n<li data-start=\"3175\" data-end=\"3277\">\n<p data-start=\"3177\" data-end=\"3277\"><strong data-start=\"3177\" data-end=\"3192\">Aplica\u00e7\u00f5es:<\/strong> Fixa\u00e7\u00e3o de porcas, travamento de pinos e eixos em m\u00e1quinas, implementos e estruturas<\/p>\n<\/li>\n<\/ul>\n","protected":false},"excerpt":{"rendered":"<p data-start=\"2589\" data-end=\"2717\">Contrapino met\u00e1lico 1\/4&#8243; x 2&#8243; \u2013 Utilizado para travamento de pinos, porcas e eixos em sistemas mec\u00e2nicos.<\/p>\n<p data-start=\"2719\" data-end=\"2999\">\n","protected":false},"featured_media":1962,"comment_status":"open","ping_status":"closed","template":"","meta":{"_price":"4.06","_stock":"10","_tribe_ticket_header":"","_tribe_default_ticket_provider":"","_tribe_ticket_capacity":"10","_ticket_start_date":"","_ticket_end_date":"","_tribe_ticket_show_description":"","_tribe_ticket_show_not_going":false,"_tribe_ticket_use_global_stock":"","_tribe_ticket_global_stock_level":"","_global_stock_mode":"","_global_stock_cap":"","_tribe_rsvp_for_event":"","_tribe_ticket_going_count":"","_tribe_ticket_not_going_count":"","_tribe_tickets_list":"[]","_tribe_ticket_has_attendee_info_fields":false,"_EventAllDay":false,"_EventTimezone":"","_EventStartDate":"","_EventEndDate":"","_EventStartDateUTC":"","_EventEndDateUTC":"","_EventShowMap":false,"_EventShowMapLink":false,"_EventURL":"","_EventCost":"","_EventCostDescription":"","_EventCurrencySymbol":"","_EventCurrencyCode":"","_EventCurrencyPosition":"","_EventDateTimeSeparator":"","_EventTimeRangeSeparator":"","_EventOrganizerID":[],"_EventVenueID":[],"_OrganizerEmail":"","_OrganizerPhone":"","_OrganizerWebsite":"","_VenueAddress":"","_VenueCity":"","_VenueCountry":"","_VenueProvince":"","_VenueState":"","_VenueZip":"","_VenuePhone":"","_VenueURL":"","_VenueStateProvince":"","_VenueLat":"","_VenueLng":"","_VenueShowMap":false,"_VenueShowMapLink":false},"product_brand":[],"product_cat":[38],"product_tag":[],"class_list":{"0":"post-1945","1":"product","2":"type-product","3":"status-publish","4":"has-post-thumbnail","6":"product_cat-pinosebuchas","8":"first","9":"instock","10":"shipping-taxable","11":"purchasable","12":"product-type-simple"},"jetpack_sharing_enabled":true,"_links":{"self":[{"href":"https:\/\/agriomac.com.br\/loja\/wp-json\/wp\/v2\/product\/1945","targetHints":{"allow":["GET"]}}],"collection":[{"href":"https:\/\/agriomac.com.br\/loja\/wp-json\/wp\/v2\/product"}],"about":[{"href":"https:\/\/agriomac.com.br\/loja\/wp-json\/wp\/v2\/types\/product"}],"replies":[{"embeddable":true,"href":"https:\/\/agriomac.com.br\/loja\/wp-json\/wp\/v2\/comments?post=1945"}],"version-history":[{"count":1,"href":"https:\/\/agriomac.com.br\/loja\/wp-json\/wp\/v2\/product\/1945\/revisions"}],"predecessor-version":[{"id":1947,"href":"https:\/\/agriomac.com.br\/loja\/wp-json\/wp\/v2\/product\/1945\/revisions\/1947"}],"wp:featuredmedia":[{"embeddable":true,"href":"https:\/\/agriomac.com.br\/loja\/wp-json\/wp\/v2\/media\/1962"}],"wp:attachment":[{"href":"https:\/\/agriomac.com.br\/loja\/wp-json\/wp\/v2\/media?parent=1945"}],"wp:term":[{"taxonomy":"product_brand","embeddable":true,"href":"https:\/\/agriomac.com.br\/loja\/wp-json\/wp\/v2\/product_brand?post=1945"},{"taxonomy":"product_cat","embeddable":true,"href":"https:\/\/agriomac.com.br\/loja\/wp-json\/wp\/v2\/product_cat?post=1945"},{"taxonomy":"product_tag","embeddable":true,"href":"https:\/\/agriomac.com.br\/loja\/wp-json\/wp\/v2\/product_tag?post=1945"}],"curies":[{"name":"wp","href":"https:\/\/api.w.org\/{rel}","templated":true}]}}