{"id":1950,"date":"2025-06-05T02:02:42","date_gmt":"2025-06-05T02:02:42","guid":{"rendered":"https:\/\/agriomac.com.br\/loja\/?post_type=product&#038;p=1950"},"modified":"2025-07-18T10:58:10","modified_gmt":"2025-07-18T10:58:10","slug":"camisa-cravar-sem-desc-r2at-2sn-2-cod22h","status":"publish","type":"product","link":"https:\/\/agriomac.com.br\/loja\/produto\/camisa-cravar-sem-desc-r2at-2sn-2-cod22h\/","title":{"rendered":"CAMISA CRAVAR  R2AT\/2SN 2&#8243; &#8211; COD22H"},"content":{"rendered":"<p data-start=\"326\" data-end=\"710\">A Camisa de Cravar para mangueiras hidr\u00e1ulicas R2AT e 2SN na bitola 2&#8243; \u00e9 utilizada em conjunto com terminais de crimpagem para garantir veda\u00e7\u00e3o eficiente e resist\u00eancia \u00e0 press\u00e3o. O modelo sem descascamento (sem necessidade de remover a cobertura da mangueira) agiliza o processo de montagem, mantendo a integridade da mangueira e reduzindo o risco de falhas.<\/p>\n<p data-start=\"712\" data-end=\"741\"><strong data-start=\"712\" data-end=\"741\">Caracter\u00edsticas t\u00e9cnicas:<\/strong><\/p>\n<ul data-start=\"743\" data-end=\"1119\">\n<li data-start=\"743\" data-end=\"794\">\n<p data-start=\"745\" data-end=\"794\"><strong data-start=\"745\" data-end=\"754\">Tipo:<\/strong> Camisa de crimpagem sem descascamento<\/p>\n<\/li>\n<li data-start=\"795\" data-end=\"840\">\n<p data-start=\"797\" data-end=\"840\"><strong data-start=\"797\" data-end=\"811\">Aplica\u00e7\u00e3o:<\/strong> Mangueiras R2AT e 2SN (2&#8243;)<\/p>\n<\/li>\n<li data-start=\"841\" data-end=\"859\">\n<p data-start=\"843\" data-end=\"859\"><strong data-start=\"843\" data-end=\"854\">Bitola:<\/strong> 2&#8243;<\/p>\n<\/li>\n<li data-start=\"860\" data-end=\"909\">\n<p data-start=\"862\" data-end=\"909\"><strong data-start=\"862\" data-end=\"875\">Material:<\/strong> A\u00e7o carbono de alta resist\u00eancia<\/p>\n<\/li>\n<li data-start=\"910\" data-end=\"964\">\n<p data-start=\"912\" data-end=\"964\"><strong data-start=\"912\" data-end=\"927\">Acabamento:<\/strong> Zincado (prote\u00e7\u00e3o contra oxida\u00e7\u00e3o)<\/p>\n<\/li>\n<li data-start=\"965\" data-end=\"1050\">\n<p data-start=\"967\" data-end=\"1050\"><strong data-start=\"967\" data-end=\"975\">Uso:<\/strong> Conex\u00e3o e veda\u00e7\u00e3o de terminais em mangueiras hidr\u00e1ulicas de alta press\u00e3o<\/p>\n<\/li>\n<li data-start=\"1051\" data-end=\"1119\">\n<p data-start=\"1053\" data-end=\"1119\"><strong data-start=\"1053\" data-end=\"1066\">Vantagem:<\/strong> N\u00e3o necessita remo\u00e7\u00e3o da camada externa da mangueira<\/p>\n<\/li>\n<\/ul>\n","protected":false},"excerpt":{"rendered":"<p data-start=\"184\" data-end=\"324\">Camisa para crimpagem de mangueiras R2AT\/2SN 2&#8243;, sem descascamento, ideal para terminais hidr\u00e1ulicos de alta press\u00e3o.<\/p>\n<p data-start=\"326\" data-end=\"710\">\n","protected":false},"featured_media":1974,"comment_status":"open","ping_status":"closed","template":"","meta":{"_price":"29.90","_stock":"10","_tribe_ticket_header":"","_tribe_default_ticket_provider":"","_tribe_ticket_capacity":"10","_ticket_start_date":"","_ticket_end_date":"","_tribe_ticket_show_description":"","_tribe_ticket_show_not_going":false,"_tribe_ticket_use_global_stock":"","_tribe_ticket_global_stock_level":"","_global_stock_mode":"","_global_stock_cap":"","_tribe_rsvp_for_event":"","_tribe_ticket_going_count":"","_tribe_ticket_not_going_count":"","_tribe_tickets_list":"[]","_tribe_ticket_has_attendee_info_fields":false,"_EventAllDay":false,"_EventTimezone":"","_EventStartDate":"","_EventEndDate":"","_EventStartDateUTC":"","_EventEndDateUTC":"","_EventShowMap":false,"_EventShowMapLink":false,"_EventURL":"","_EventCost":"","_EventCostDescription":"","_EventCurrencySymbol":"","_EventCurrencyCode":"","_EventCurrencyPosition":"","_EventDateTimeSeparator":"","_EventTimeRangeSeparator":"","_EventOrganizerID":[],"_EventVenueID":[],"_OrganizerEmail":"","_OrganizerPhone":"","_OrganizerWebsite":"","_VenueAddress":"","_VenueCity":"","_VenueCountry":"","_VenueProvince":"","_VenueState":"","_VenueZip":"","_VenuePhone":"","_VenueURL":"","_VenueStateProvince":"","_VenueLat":"","_VenueLng":"","_VenueShowMap":false,"_VenueShowMapLink":false},"product_brand":[],"product_cat":[42],"product_tag":[],"class_list":{"0":"post-1950","1":"product","2":"type-product","3":"status-publish","4":"has-post-thumbnail","6":"product_cat-mangueiraseconexoes","8":"first","9":"instock","10":"shipping-taxable","11":"purchasable","12":"product-type-simple"},"jetpack_sharing_enabled":true,"_links":{"self":[{"href":"https:\/\/agriomac.com.br\/loja\/wp-json\/wp\/v2\/product\/1950","targetHints":{"allow":["GET"]}}],"collection":[{"href":"https:\/\/agriomac.com.br\/loja\/wp-json\/wp\/v2\/product"}],"about":[{"href":"https:\/\/agriomac.com.br\/loja\/wp-json\/wp\/v2\/types\/product"}],"replies":[{"embeddable":true,"href":"https:\/\/agriomac.com.br\/loja\/wp-json\/wp\/v2\/comments?post=1950"}],"version-history":[{"count":2,"href":"https:\/\/agriomac.com.br\/loja\/wp-json\/wp\/v2\/product\/1950\/revisions"}],"predecessor-version":[{"id":2693,"href":"https:\/\/agriomac.com.br\/loja\/wp-json\/wp\/v2\/product\/1950\/revisions\/2693"}],"wp:featuredmedia":[{"embeddable":true,"href":"https:\/\/agriomac.com.br\/loja\/wp-json\/wp\/v2\/media\/1974"}],"wp:attachment":[{"href":"https:\/\/agriomac.com.br\/loja\/wp-json\/wp\/v2\/media?parent=1950"}],"wp:term":[{"taxonomy":"product_brand","embeddable":true,"href":"https:\/\/agriomac.com.br\/loja\/wp-json\/wp\/v2\/product_brand?post=1950"},{"taxonomy":"product_cat","embeddable":true,"href":"https:\/\/agriomac.com.br\/loja\/wp-json\/wp\/v2\/product_cat?post=1950"},{"taxonomy":"product_tag","embeddable":true,"href":"https:\/\/agriomac.com.br\/loja\/wp-json\/wp\/v2\/product_tag?post=1950"}],"curies":[{"name":"wp","href":"https:\/\/api.w.org\/{rel}","templated":true}]}}