{"id":1954,"date":"2025-06-05T02:04:11","date_gmt":"2025-06-05T02:04:11","guid":{"rendered":"https:\/\/agriomac.com.br\/loja\/?post_type=product&#038;p=1954"},"modified":"2025-06-05T02:06:28","modified_gmt":"2025-06-05T02:06:28","slug":"camisa-cravar-sem-desc-r1at-r2at-r16-1sn-2sn-2sc-1-4-cod21","status":"publish","type":"product","link":"https:\/\/agriomac.com.br\/loja\/produto\/camisa-cravar-sem-desc-r1at-r2at-r16-1sn-2sn-2sc-1-4-cod21\/","title":{"rendered":"CAMISA CRAVAR SEM DESC. R1AT\/R2AT\/R16\/1SN\/2SN\/2SC 1\/4&#8243; &#8211; COD21"},"content":{"rendered":"<p data-start=\"2105\" data-end=\"2470\">Essa camisa de cravar 1\/4&#8243; \u00e9 compat\u00edvel com diversos tipos de mangueiras hidr\u00e1ulicas (R1AT, R2AT, R16, 1SN, 2SN, 2SC), sendo extremamente vers\u00e1til para sistemas hidr\u00e1ulicos. O modelo sem descascamento reduz tempo de montagem e preserva a estrutura da mangueira, ideal para aplica\u00e7\u00f5es de manuten\u00e7\u00e3o, reposi\u00e7\u00e3o ou montagens industriais\/agro.<\/p>\n<p data-start=\"2472\" data-end=\"2501\"><strong data-start=\"2472\" data-end=\"2501\">Caracter\u00edsticas t\u00e9cnicas:<\/strong><\/p>\n<ul data-start=\"2503\" data-end=\"2829\">\n<li data-start=\"2503\" data-end=\"2554\">\n<p data-start=\"2505\" data-end=\"2554\"><strong data-start=\"2505\" data-end=\"2514\">Tipo:<\/strong> Camisa de crimpagem sem descascamento<\/p>\n<\/li>\n<li data-start=\"2555\" data-end=\"2604\">\n<p data-start=\"2557\" data-end=\"2604\"><strong data-start=\"2557\" data-end=\"2571\">Aplica\u00e7\u00e3o:<\/strong> R1AT, R2AT, R16, 1SN, 2SN, 2SC<\/p>\n<\/li>\n<li data-start=\"2605\" data-end=\"2625\">\n<p data-start=\"2607\" data-end=\"2625\"><strong data-start=\"2607\" data-end=\"2618\">Bitola:<\/strong> 1\/4&#8243;<\/p>\n<\/li>\n<li data-start=\"2626\" data-end=\"2665\">\n<p data-start=\"2628\" data-end=\"2665\"><strong data-start=\"2628\" data-end=\"2641\">Material:<\/strong> A\u00e7o carbono refor\u00e7ado<\/p>\n<\/li>\n<li data-start=\"2666\" data-end=\"2693\">\n<p data-start=\"2668\" data-end=\"2693\"><strong data-start=\"2668\" data-end=\"2683\">Acabamento:<\/strong> Zincado<\/p>\n<\/li>\n<li data-start=\"2694\" data-end=\"2769\">\n<p data-start=\"2696\" data-end=\"2769\"><strong data-start=\"2696\" data-end=\"2704\">Uso:<\/strong> Alta versatilidade \u2013 m\u00faltiplos tipos de mangueiras hidr\u00e1ulicas<\/p>\n<\/li>\n<li data-start=\"2770\" data-end=\"2829\">\n<p data-start=\"2772\" data-end=\"2829\"><strong data-start=\"2772\" data-end=\"2785\">Vantagem:<\/strong> Instala\u00e7\u00e3o r\u00e1pida, sem remo\u00e7\u00e3o da cobertura<\/p>\n<\/li>\n<\/ul>\n","protected":false},"excerpt":{"rendered":"<p data-start=\"1971\" data-end=\"2103\">Camisa de cravar 1\/4&#8243; para mangueiras hidr\u00e1ulicas R1AT, R2AT, R16, 1SN, 2SN e 2SC \u2013 Modelo sem descascamento.<\/p>\n<p data-start=\"2105\" data-end=\"2470\">\n","protected":false},"featured_media":1957,"comment_status":"open","ping_status":"closed","template":"","meta":{"_price":"4.68","_stock":"10","_tribe_ticket_header":"","_tribe_default_ticket_provider":"","_tribe_ticket_capacity":"10","_ticket_start_date":"","_ticket_end_date":"","_tribe_ticket_show_description":"","_tribe_ticket_show_not_going":false,"_tribe_ticket_use_global_stock":"","_tribe_ticket_global_stock_level":"","_global_stock_mode":"","_global_stock_cap":"","_tribe_rsvp_for_event":"","_tribe_ticket_going_count":"","_tribe_ticket_not_going_count":"","_tribe_tickets_list":"[]","_tribe_ticket_has_attendee_info_fields":false,"_EventAllDay":false,"_EventTimezone":"","_EventStartDate":"","_EventEndDate":"","_EventStartDateUTC":"","_EventEndDateUTC":"","_EventShowMap":false,"_EventShowMapLink":false,"_EventURL":"","_EventCost":"","_EventCostDescription":"","_EventCurrencySymbol":"","_EventCurrencyCode":"","_EventCurrencyPosition":"","_EventDateTimeSeparator":"","_EventTimeRangeSeparator":"","_EventOrganizerID":[],"_EventVenueID":[],"_OrganizerEmail":"","_OrganizerPhone":"","_OrganizerWebsite":"","_VenueAddress":"","_VenueCity":"","_VenueCountry":"","_VenueProvince":"","_VenueState":"","_VenueZip":"","_VenuePhone":"","_VenueURL":"","_VenueStateProvince":"","_VenueLat":"","_VenueLng":"","_VenueShowMap":false,"_VenueShowMapLink":false},"product_brand":[],"product_cat":[42],"product_tag":[],"class_list":{"0":"post-1954","1":"product","2":"type-product","3":"status-publish","4":"has-post-thumbnail","6":"product_cat-mangueiraseconexoes","8":"first","9":"instock","10":"shipping-taxable","11":"purchasable","12":"product-type-simple"},"jetpack_sharing_enabled":true,"_links":{"self":[{"href":"https:\/\/agriomac.com.br\/loja\/wp-json\/wp\/v2\/product\/1954","targetHints":{"allow":["GET"]}}],"collection":[{"href":"https:\/\/agriomac.com.br\/loja\/wp-json\/wp\/v2\/product"}],"about":[{"href":"https:\/\/agriomac.com.br\/loja\/wp-json\/wp\/v2\/types\/product"}],"replies":[{"embeddable":true,"href":"https:\/\/agriomac.com.br\/loja\/wp-json\/wp\/v2\/comments?post=1954"}],"version-history":[{"count":1,"href":"https:\/\/agriomac.com.br\/loja\/wp-json\/wp\/v2\/product\/1954\/revisions"}],"predecessor-version":[{"id":1955,"href":"https:\/\/agriomac.com.br\/loja\/wp-json\/wp\/v2\/product\/1954\/revisions\/1955"}],"wp:featuredmedia":[{"embeddable":true,"href":"https:\/\/agriomac.com.br\/loja\/wp-json\/wp\/v2\/media\/1957"}],"wp:attachment":[{"href":"https:\/\/agriomac.com.br\/loja\/wp-json\/wp\/v2\/media?parent=1954"}],"wp:term":[{"taxonomy":"product_brand","embeddable":true,"href":"https:\/\/agriomac.com.br\/loja\/wp-json\/wp\/v2\/product_brand?post=1954"},{"taxonomy":"product_cat","embeddable":true,"href":"https:\/\/agriomac.com.br\/loja\/wp-json\/wp\/v2\/product_cat?post=1954"},{"taxonomy":"product_tag","embeddable":true,"href":"https:\/\/agriomac.com.br\/loja\/wp-json\/wp\/v2\/product_tag?post=1954"}],"curies":[{"name":"wp","href":"https:\/\/api.w.org\/{rel}","templated":true}]}}