{"id":1959,"date":"2025-06-05T02:10:23","date_gmt":"2025-06-05T02:10:23","guid":{"rendered":"https:\/\/agriomac.com.br\/loja\/?post_type=product&#038;p=1959"},"modified":"2025-07-22T13:20:41","modified_gmt":"2025-07-22T13:20:41","slug":"conector-femea-1-2-rosca-macho-7-8-unf","status":"publish","type":"product","link":"https:\/\/agriomac.com.br\/loja\/produto\/conector-femea-1-2-rosca-macho-7-8-unf\/","title":{"rendered":"CONECTOR FEMEA 1\/2&#8243; ROSCA MACHO 7\/8&#8243; UNF"},"content":{"rendered":"<p data-start=\"307\" data-end=\"695\">Este conector f\u00eamea \u00e9 projetado para ser acoplado a sistemas hidr\u00e1ulicos que utilizam roscas padr\u00e3o UNF (rosca fina), garantindo veda\u00e7\u00e3o segura e compatibilidade com mangueiras e blocos hidr\u00e1ulicos. A conex\u00e3o macho com rosca 7\/8&#8243; UNF permite integra\u00e7\u00e3o com terminais padr\u00e3o JIC 37\u00b0, sendo amplamente utilizado em tratores, pulverizadores e implementos agr\u00edcolas.<\/p>\n<p data-start=\"697\" data-end=\"726\"><strong data-start=\"697\" data-end=\"726\">Caracter\u00edsticas t\u00e9cnicas:<\/strong><\/p>\n<ul data-start=\"728\" data-end=\"1017\">\n<li data-start=\"728\" data-end=\"761\">\n<p data-start=\"730\" data-end=\"761\"><strong data-start=\"730\" data-end=\"739\">Tipo:<\/strong> Conector f\u00eamea reto<\/p>\n<\/li>\n<li data-start=\"762\" data-end=\"793\">\n<p data-start=\"764\" data-end=\"793\"><strong data-start=\"764\" data-end=\"786\">Bitola da conex\u00e3o:<\/strong> 1\/2&#8243;<\/p>\n<\/li>\n<li data-start=\"794\" data-end=\"836\">\n<p data-start=\"796\" data-end=\"836\"><strong data-start=\"796\" data-end=\"806\">Rosca:<\/strong> Macho 7\/8&#8243; UNF (rosca fina)<\/p>\n<\/li>\n<li data-start=\"837\" data-end=\"871\">\n<p data-start=\"839\" data-end=\"871\"><strong data-start=\"839\" data-end=\"861\">Padr\u00e3o de veda\u00e7\u00e3o:<\/strong> JIC 37\u00b0<\/p>\n<\/li>\n<li data-start=\"872\" data-end=\"901\">\n<p data-start=\"874\" data-end=\"901\"><strong data-start=\"874\" data-end=\"887\">Material:<\/strong> A\u00e7o carbono<\/p>\n<\/li>\n<li data-start=\"902\" data-end=\"929\">\n<p data-start=\"904\" data-end=\"929\"><strong data-start=\"904\" data-end=\"919\">Acabamento:<\/strong> Zincado<\/p>\n<\/li>\n<li data-start=\"930\" data-end=\"1017\">\n<p data-start=\"932\" data-end=\"1017\"><strong data-start=\"932\" data-end=\"947\">Aplica\u00e7\u00f5es:<\/strong> Conex\u00f5es hidr\u00e1ulicas de tratores, pulverizadores e m\u00e1quinas agr\u00edcolas<\/p>\n<\/li>\n<\/ul>\n","protected":false},"excerpt":{"rendered":"<p data-start=\"158\" data-end=\"305\">Conector f\u00eamea 1\/2&#8243; com rosca macho 7\/8&#8243; UNF \u2013 Ideal para sistemas hidr\u00e1ulicos de m\u00e9dia e alta press\u00e3o com veda\u00e7\u00e3o tipo JIC.<\/p>\n<p data-start=\"307\" data-end=\"695\">\n","protected":false},"featured_media":1973,"comment_status":"open","ping_status":"closed","template":"","meta":{"_price":"199.00","_stock":"6","_tribe_ticket_header":"","_tribe_default_ticket_provider":"","_tribe_ticket_capacity":"10","_ticket_start_date":"","_ticket_end_date":"","_tribe_ticket_show_description":"","_tribe_ticket_show_not_going":false,"_tribe_ticket_use_global_stock":"","_tribe_ticket_global_stock_level":"","_global_stock_mode":"","_global_stock_cap":"","_tribe_rsvp_for_event":"","_tribe_ticket_going_count":"","_tribe_ticket_not_going_count":"","_tribe_tickets_list":"[]","_tribe_ticket_has_attendee_info_fields":false,"_EventAllDay":false,"_EventTimezone":"","_EventStartDate":"","_EventEndDate":"","_EventStartDateUTC":"","_EventEndDateUTC":"","_EventShowMap":false,"_EventShowMapLink":false,"_EventURL":"","_EventCost":"","_EventCostDescription":"","_EventCurrencySymbol":"","_EventCurrencyCode":"","_EventCurrencyPosition":"","_EventDateTimeSeparator":"","_EventTimeRangeSeparator":"","_EventOrganizerID":[],"_EventVenueID":[],"_OrganizerEmail":"","_OrganizerPhone":"","_OrganizerWebsite":"","_VenueAddress":"","_VenueCity":"","_VenueCountry":"","_VenueProvince":"","_VenueState":"","_VenueZip":"","_VenuePhone":"","_VenueURL":"","_VenueStateProvince":"","_VenueLat":"","_VenueLng":"","_VenueShowMap":false,"_VenueShowMapLink":false},"product_brand":[],"product_cat":[42],"product_tag":[],"class_list":{"0":"post-1959","1":"product","2":"type-product","3":"status-publish","4":"has-post-thumbnail","6":"product_cat-mangueiraseconexoes","8":"first","9":"instock","10":"shipping-taxable","11":"purchasable","12":"product-type-simple"},"jetpack_sharing_enabled":true,"_links":{"self":[{"href":"https:\/\/agriomac.com.br\/loja\/wp-json\/wp\/v2\/product\/1959","targetHints":{"allow":["GET"]}}],"collection":[{"href":"https:\/\/agriomac.com.br\/loja\/wp-json\/wp\/v2\/product"}],"about":[{"href":"https:\/\/agriomac.com.br\/loja\/wp-json\/wp\/v2\/types\/product"}],"replies":[{"embeddable":true,"href":"https:\/\/agriomac.com.br\/loja\/wp-json\/wp\/v2\/comments?post=1959"}],"version-history":[{"count":1,"href":"https:\/\/agriomac.com.br\/loja\/wp-json\/wp\/v2\/product\/1959\/revisions"}],"predecessor-version":[{"id":1960,"href":"https:\/\/agriomac.com.br\/loja\/wp-json\/wp\/v2\/product\/1959\/revisions\/1960"}],"wp:featuredmedia":[{"embeddable":true,"href":"https:\/\/agriomac.com.br\/loja\/wp-json\/wp\/v2\/media\/1973"}],"wp:attachment":[{"href":"https:\/\/agriomac.com.br\/loja\/wp-json\/wp\/v2\/media?parent=1959"}],"wp:term":[{"taxonomy":"product_brand","embeddable":true,"href":"https:\/\/agriomac.com.br\/loja\/wp-json\/wp\/v2\/product_brand?post=1959"},{"taxonomy":"product_cat","embeddable":true,"href":"https:\/\/agriomac.com.br\/loja\/wp-json\/wp\/v2\/product_cat?post=1959"},{"taxonomy":"product_tag","embeddable":true,"href":"https:\/\/agriomac.com.br\/loja\/wp-json\/wp\/v2\/product_tag?post=1959"}],"curies":[{"name":"wp","href":"https:\/\/api.w.org\/{rel}","templated":true}]}}