{"id":1964,"date":"2025-06-05T02:11:36","date_gmt":"2025-06-05T02:11:36","guid":{"rendered":"https:\/\/agriomac.com.br\/loja\/?post_type=product&#038;p=1964"},"modified":"2025-06-17T00:26:22","modified_gmt":"2025-06-17T00:26:22","slug":"engate-rapido-hid-agric-1-2-npt-2112d-cod256","status":"publish","type":"product","link":"https:\/\/agriomac.com.br\/loja\/produto\/engate-rapido-hid-agric-1-2-npt-2112d-cod256\/","title":{"rendered":"ENGATE RAPIDO HID AGRIC 1\/2&#8243; NPT 2112D &#8211; COD256"},"content":{"rendered":"<p data-start=\"2135\" data-end=\"2502\">O engate r\u00e1pido hidr\u00e1ulico modelo 2112D com rosca NPT de 1\/2&#8243; \u00e9 amplamente utilizado em aplica\u00e7\u00f5es agr\u00edcolas para facilitar a conex\u00e3o e desconex\u00e3o de mangueiras com rapidez e seguran\u00e7a. Fabricado em a\u00e7o com tratamento anticorrosivo, oferece excelente estanqueidade e \u00e9 compat\u00edvel com tratores, pulverizadores e sistemas hidr\u00e1ulicos diversos.<\/p>\n<p data-start=\"2504\" data-end=\"2533\"><strong data-start=\"2504\" data-end=\"2533\">Caracter\u00edsticas t\u00e9cnicas:<\/strong><\/p>\n<ul data-start=\"2535\" data-end=\"2883\">\n<li data-start=\"2535\" data-end=\"2589\">\n<p data-start=\"2537\" data-end=\"2589\"><strong data-start=\"2537\" data-end=\"2546\">Tipo:<\/strong> Engate r\u00e1pido hidr\u00e1ulico padr\u00e3o agr\u00edcola<\/p>\n<\/li>\n<li data-start=\"2590\" data-end=\"2610\">\n<p data-start=\"2592\" data-end=\"2610\"><strong data-start=\"2592\" data-end=\"2603\">Bitola:<\/strong> 1\/2&#8243;<\/p>\n<\/li>\n<li data-start=\"2611\" data-end=\"2640\">\n<p data-start=\"2613\" data-end=\"2640\"><strong data-start=\"2613\" data-end=\"2623\">Rosca:<\/strong> NPT macho 1\/2&#8243;<\/p>\n<\/li>\n<li data-start=\"2641\" data-end=\"2662\">\n<p data-start=\"2643\" data-end=\"2662\"><strong data-start=\"2643\" data-end=\"2654\">Modelo:<\/strong> 2112D<\/p>\n<\/li>\n<li data-start=\"2663\" data-end=\"2700\">\n<p data-start=\"2665\" data-end=\"2700\"><strong data-start=\"2665\" data-end=\"2678\">Material:<\/strong> A\u00e7o carbono tratado<\/p>\n<\/li>\n<li data-start=\"2701\" data-end=\"2739\">\n<p data-start=\"2703\" data-end=\"2739\"><strong data-start=\"2703\" data-end=\"2718\">Acabamento:<\/strong> Zincado ou cromado<\/p>\n<\/li>\n<li data-start=\"2740\" data-end=\"2831\">\n<p data-start=\"2742\" data-end=\"2831\"><strong data-start=\"2742\" data-end=\"2757\">Aplica\u00e7\u00f5es:<\/strong> Sistemas hidr\u00e1ulicos de tratores, pulverizadores, implementos agr\u00edcolas<\/p>\n<\/li>\n<li data-start=\"2832\" data-end=\"2883\">\n<p data-start=\"2834\" data-end=\"2883\"><strong data-start=\"2834\" data-end=\"2847\">Vantagem:<\/strong> Acoplamento r\u00e1pido, sem ferramentas<\/p>\n<\/li>\n<\/ul>\n","protected":false},"excerpt":{"rendered":"<p data-start=\"1992\" data-end=\"2133\">Engate r\u00e1pido hidr\u00e1ulico agr\u00edcola 1\/2&#8243; NPT \u2013 Modelo 2112D, facilita acoplamento\/desacoplamento de mangueiras em campo.<\/p>\n<p data-start=\"2135\" data-end=\"2502\">\n","protected":false},"featured_media":1971,"comment_status":"open","ping_status":"closed","template":"","meta":{"_price":"69.90","_stock":"10","_tribe_ticket_header":"","_tribe_default_ticket_provider":"","_tribe_ticket_capacity":"10","_ticket_start_date":"","_ticket_end_date":"","_tribe_ticket_show_description":"","_tribe_ticket_show_not_going":false,"_tribe_ticket_use_global_stock":"","_tribe_ticket_global_stock_level":"","_global_stock_mode":"","_global_stock_cap":"","_tribe_rsvp_for_event":"","_tribe_ticket_going_count":"","_tribe_ticket_not_going_count":"","_tribe_tickets_list":"[]","_tribe_ticket_has_attendee_info_fields":false,"_EventAllDay":false,"_EventTimezone":"","_EventStartDate":"","_EventEndDate":"","_EventStartDateUTC":"","_EventEndDateUTC":"","_EventShowMap":false,"_EventShowMapLink":false,"_EventURL":"","_EventCost":"","_EventCostDescription":"","_EventCurrencySymbol":"","_EventCurrencyCode":"","_EventCurrencyPosition":"","_EventDateTimeSeparator":"","_EventTimeRangeSeparator":"","_EventOrganizerID":[],"_EventVenueID":[],"_OrganizerEmail":"","_OrganizerPhone":"","_OrganizerWebsite":"","_VenueAddress":"","_VenueCity":"","_VenueCountry":"","_VenueProvince":"","_VenueState":"","_VenueZip":"","_VenuePhone":"","_VenueURL":"","_VenueStateProvince":"","_VenueLat":"","_VenueLng":"","_VenueShowMap":false,"_VenueShowMapLink":false},"product_brand":[],"product_cat":[39],"product_tag":[],"class_list":{"0":"post-1964","1":"product","2":"type-product","3":"status-publish","4":"has-post-thumbnail","6":"product_cat-engatesrapidos","8":"first","9":"instock","10":"shipping-taxable","11":"purchasable","12":"product-type-simple"},"jetpack_sharing_enabled":true,"_links":{"self":[{"href":"https:\/\/agriomac.com.br\/loja\/wp-json\/wp\/v2\/product\/1964","targetHints":{"allow":["GET"]}}],"collection":[{"href":"https:\/\/agriomac.com.br\/loja\/wp-json\/wp\/v2\/product"}],"about":[{"href":"https:\/\/agriomac.com.br\/loja\/wp-json\/wp\/v2\/types\/product"}],"replies":[{"embeddable":true,"href":"https:\/\/agriomac.com.br\/loja\/wp-json\/wp\/v2\/comments?post=1964"}],"version-history":[{"count":1,"href":"https:\/\/agriomac.com.br\/loja\/wp-json\/wp\/v2\/product\/1964\/revisions"}],"predecessor-version":[{"id":1965,"href":"https:\/\/agriomac.com.br\/loja\/wp-json\/wp\/v2\/product\/1964\/revisions\/1965"}],"wp:featuredmedia":[{"embeddable":true,"href":"https:\/\/agriomac.com.br\/loja\/wp-json\/wp\/v2\/media\/1971"}],"wp:attachment":[{"href":"https:\/\/agriomac.com.br\/loja\/wp-json\/wp\/v2\/media?parent=1964"}],"wp:term":[{"taxonomy":"product_brand","embeddable":true,"href":"https:\/\/agriomac.com.br\/loja\/wp-json\/wp\/v2\/product_brand?post=1964"},{"taxonomy":"product_cat","embeddable":true,"href":"https:\/\/agriomac.com.br\/loja\/wp-json\/wp\/v2\/product_cat?post=1964"},{"taxonomy":"product_tag","embeddable":true,"href":"https:\/\/agriomac.com.br\/loja\/wp-json\/wp\/v2\/product_tag?post=1964"}],"curies":[{"name":"wp","href":"https:\/\/api.w.org\/{rel}","templated":true}]}}