{"id":1988,"date":"2025-06-06T02:27:07","date_gmt":"2025-06-06T02:27:07","guid":{"rendered":"https:\/\/agriomac.com.br\/loja\/?post_type=product&#038;p=1988"},"modified":"2025-06-06T02:33:25","modified_gmt":"2025-06-06T02:33:25","slug":"grampo-menor-csul","status":"publish","type":"product","link":"https:\/\/agriomac.com.br\/loja\/produto\/grampo-menor-csul\/","title":{"rendered":"GRAMPO MENOR CSUL"},"content":{"rendered":"<p data-start=\"1178\" data-end=\"1484\">O Grampo Menor CSUL \u00e9 projetado para fixa\u00e7\u00f5es em mangueiras de menor porte, garantindo veda\u00e7\u00e3o segura em sistemas de baixa e m\u00e9dia press\u00e3o. Fabricado em a\u00e7o resistente e com acabamento zincado, proporciona fixa\u00e7\u00e3o confi\u00e1vel e durabilidade mesmo em ambientes com umidade ou poeira.<\/p>\n<p data-start=\"1486\" data-end=\"1515\"><strong data-start=\"1486\" data-end=\"1515\">Caracter\u00edsticas t\u00e9cnicas:<\/strong><\/p>\n<ul data-start=\"1517\" data-end=\"1758\">\n<li data-start=\"1517\" data-end=\"1547\">\n<p data-start=\"1519\" data-end=\"1547\"><strong data-start=\"1519\" data-end=\"1528\">Tipo:<\/strong> Grampo tipo mola<\/p>\n<\/li>\n<li data-start=\"1548\" data-end=\"1594\">\n<p data-start=\"1550\" data-end=\"1594\"><strong data-start=\"1550\" data-end=\"1582\">Di\u00e2metro interno aproximado:<\/strong> 20 a 30mm<\/p>\n<\/li>\n<li data-start=\"1595\" data-end=\"1621\">\n<p data-start=\"1597\" data-end=\"1621\"><strong data-start=\"1597\" data-end=\"1610\">Material:<\/strong> A\u00e7o mola<\/p>\n<\/li>\n<li data-start=\"1622\" data-end=\"1657\">\n<p data-start=\"1624\" data-end=\"1657\"><strong data-start=\"1624\" data-end=\"1639\">Acabamento:<\/strong> Zincado amarelo<\/p>\n<\/li>\n<li data-start=\"1658\" data-end=\"1758\">\n<p data-start=\"1660\" data-end=\"1758\"><strong data-start=\"1660\" data-end=\"1675\">Aplica\u00e7\u00f5es:<\/strong> Fixa\u00e7\u00e3o de mangueiras finas em tratores, sistemas hidr\u00e1ulicos, irriga\u00e7\u00e3o e motores<\/p>\n<\/li>\n<\/ul>\n","protected":false},"excerpt":{"rendered":"<p data-start=\"1076\" data-end=\"1176\">Grampo de press\u00e3o menor CSUL \u2013 Para fixa\u00e7\u00e3o de mangueiras com menor di\u00e2metro.<\/p>\n<p data-start=\"1178\" data-end=\"1484\">\n","protected":false},"featured_media":2001,"comment_status":"open","ping_status":"closed","template":"","meta":{"_price":"3.35","_stock":"10","_tribe_ticket_header":"","_tribe_default_ticket_provider":"","_tribe_ticket_capacity":"10","_ticket_start_date":"","_ticket_end_date":"","_tribe_ticket_show_description":"","_tribe_ticket_show_not_going":false,"_tribe_ticket_use_global_stock":"","_tribe_ticket_global_stock_level":"","_global_stock_mode":"","_global_stock_cap":"","_tribe_rsvp_for_event":"","_tribe_ticket_going_count":"","_tribe_ticket_not_going_count":"","_tribe_tickets_list":"[]","_tribe_ticket_has_attendee_info_fields":false,"_EventAllDay":false,"_EventTimezone":"","_EventStartDate":"","_EventEndDate":"","_EventStartDateUTC":"","_EventEndDateUTC":"","_EventShowMap":false,"_EventShowMapLink":false,"_EventURL":"","_EventCost":"","_EventCostDescription":"","_EventCurrencySymbol":"","_EventCurrencyCode":"","_EventCurrencyPosition":"","_EventDateTimeSeparator":"","_EventTimeRangeSeparator":"","_EventOrganizerID":[],"_EventVenueID":[],"_OrganizerEmail":"","_OrganizerPhone":"","_OrganizerWebsite":"","_VenueAddress":"","_VenueCity":"","_VenueCountry":"","_VenueProvince":"","_VenueState":"","_VenueZip":"","_VenuePhone":"","_VenueURL":"","_VenueStateProvince":"","_VenueLat":"","_VenueLng":"","_VenueShowMap":false,"_VenueShowMapLink":false},"product_brand":[],"product_cat":[42],"product_tag":[],"class_list":{"0":"post-1988","1":"product","2":"type-product","3":"status-publish","4":"has-post-thumbnail","6":"product_cat-mangueiraseconexoes","8":"first","9":"instock","10":"shipping-taxable","11":"purchasable","12":"product-type-simple"},"jetpack_sharing_enabled":true,"_links":{"self":[{"href":"https:\/\/agriomac.com.br\/loja\/wp-json\/wp\/v2\/product\/1988","targetHints":{"allow":["GET"]}}],"collection":[{"href":"https:\/\/agriomac.com.br\/loja\/wp-json\/wp\/v2\/product"}],"about":[{"href":"https:\/\/agriomac.com.br\/loja\/wp-json\/wp\/v2\/types\/product"}],"replies":[{"embeddable":true,"href":"https:\/\/agriomac.com.br\/loja\/wp-json\/wp\/v2\/comments?post=1988"}],"version-history":[{"count":1,"href":"https:\/\/agriomac.com.br\/loja\/wp-json\/wp\/v2\/product\/1988\/revisions"}],"predecessor-version":[{"id":1990,"href":"https:\/\/agriomac.com.br\/loja\/wp-json\/wp\/v2\/product\/1988\/revisions\/1990"}],"wp:featuredmedia":[{"embeddable":true,"href":"https:\/\/agriomac.com.br\/loja\/wp-json\/wp\/v2\/media\/2001"}],"wp:attachment":[{"href":"https:\/\/agriomac.com.br\/loja\/wp-json\/wp\/v2\/media?parent=1988"}],"wp:term":[{"taxonomy":"product_brand","embeddable":true,"href":"https:\/\/agriomac.com.br\/loja\/wp-json\/wp\/v2\/product_brand?post=1988"},{"taxonomy":"product_cat","embeddable":true,"href":"https:\/\/agriomac.com.br\/loja\/wp-json\/wp\/v2\/product_cat?post=1988"},{"taxonomy":"product_tag","embeddable":true,"href":"https:\/\/agriomac.com.br\/loja\/wp-json\/wp\/v2\/product_tag?post=1988"}],"curies":[{"name":"wp","href":"https:\/\/api.w.org\/{rel}","templated":true}]}}