{"id":1996,"date":"2025-06-06T02:29:13","date_gmt":"2025-06-06T02:29:13","guid":{"rendered":"https:\/\/agriomac.com.br\/loja\/?post_type=product&#038;p=1996"},"modified":"2025-06-06T02:34:20","modified_gmt":"2025-06-06T02:34:20","slug":"ponteira-do-facao-csul","status":"publish","type":"product","link":"https:\/\/agriomac.com.br\/loja\/produto\/ponteira-do-facao-csul\/","title":{"rendered":"PONTEIRA DO FACAO CSUL"},"content":{"rendered":"<p data-start=\"3486\" data-end=\"3773\">A Ponteira do Fac\u00e3o CSUL \u00e9 uma pe\u00e7a de reposi\u00e7\u00e3o utilizada em equipamentos agr\u00edcolas de corte e subsolagem. Produzida em a\u00e7o de alta resist\u00eancia com tratamento superficial, esta ponteira proporciona maior vida \u00fatil e desempenho em solos compactos ou pedregosos.<\/p>\n<p data-start=\"3775\" data-end=\"3804\"><strong data-start=\"3775\" data-end=\"3804\">Caracter\u00edsticas t\u00e9cnicas:<\/strong><\/p>\n<ul data-start=\"3806\" data-end=\"4034\">\n<li data-start=\"3806\" data-end=\"3853\">\n<p data-start=\"3808\" data-end=\"3853\"><strong data-start=\"3808\" data-end=\"3817\">Tipo:<\/strong> Ponteira de fac\u00e3o (encaixe duplo)<\/p>\n<\/li>\n<li data-start=\"3854\" data-end=\"3883\">\n<p data-start=\"3856\" data-end=\"3883\"><strong data-start=\"3856\" data-end=\"3869\">Material:<\/strong> A\u00e7o forjado<\/p>\n<\/li>\n<li data-start=\"3884\" data-end=\"3923\">\n<p data-start=\"3886\" data-end=\"3923\"><strong data-start=\"3886\" data-end=\"3901\">Acabamento:<\/strong> Galvanizado\/zincado<\/p>\n<\/li>\n<li data-start=\"3924\" data-end=\"3972\">\n<p data-start=\"3926\" data-end=\"3972\"><strong data-start=\"3926\" data-end=\"3938\">Fura\u00e7\u00e3o:<\/strong> Com 1 furo central para fixa\u00e7\u00e3o<\/p>\n<\/li>\n<li data-start=\"3973\" data-end=\"4034\">\n<p data-start=\"3975\" data-end=\"4034\"><strong data-start=\"3975\" data-end=\"3990\">Aplica\u00e7\u00f5es:<\/strong> Subsoladores, fac\u00f5es e implementos de corte<\/p>\n<\/li>\n<\/ul>\n","protected":false},"excerpt":{"rendered":"<p data-start=\"3366\" data-end=\"3484\">Ponteira met\u00e1lica para fac\u00e3o CSUL \u2013 Pe\u00e7a de desgaste utilizada em implementos de corte de solo.<\/p>\n<p data-start=\"3486\" data-end=\"3773\">\n","protected":false},"featured_media":2003,"comment_status":"open","ping_status":"closed","template":"","meta":{"_price":"15.15","_stock":"4","_tribe_ticket_header":"","_tribe_default_ticket_provider":"","_tribe_ticket_capacity":"4","_ticket_start_date":"","_ticket_end_date":"","_tribe_ticket_show_description":"","_tribe_ticket_show_not_going":false,"_tribe_ticket_use_global_stock":"","_tribe_ticket_global_stock_level":"","_global_stock_mode":"","_global_stock_cap":"","_tribe_rsvp_for_event":"","_tribe_ticket_going_count":"","_tribe_ticket_not_going_count":"","_tribe_tickets_list":"[]","_tribe_ticket_has_attendee_info_fields":false,"_EventAllDay":false,"_EventTimezone":"","_EventStartDate":"","_EventEndDate":"","_EventStartDateUTC":"","_EventEndDateUTC":"","_EventShowMap":false,"_EventShowMapLink":false,"_EventURL":"","_EventCost":"","_EventCostDescription":"","_EventCurrencySymbol":"","_EventCurrencyCode":"","_EventCurrencyPosition":"","_EventDateTimeSeparator":"","_EventTimeRangeSeparator":"","_EventOrganizerID":[],"_EventVenueID":[],"_OrganizerEmail":"","_OrganizerPhone":"","_OrganizerWebsite":"","_VenueAddress":"","_VenueCity":"","_VenueCountry":"","_VenueProvince":"","_VenueState":"","_VenueZip":"","_VenuePhone":"","_VenueURL":"","_VenueStateProvince":"","_VenueLat":"","_VenueLng":"","_VenueShowMap":false,"_VenueShowMapLink":false},"product_brand":[],"product_cat":[44],"product_tag":[],"class_list":{"0":"post-1996","1":"product","2":"type-product","3":"status-publish","4":"has-post-thumbnail","6":"product_cat-pecasimplementosagricolas","8":"first","9":"instock","10":"shipping-taxable","11":"purchasable","12":"product-type-simple"},"jetpack_sharing_enabled":true,"_links":{"self":[{"href":"https:\/\/agriomac.com.br\/loja\/wp-json\/wp\/v2\/product\/1996","targetHints":{"allow":["GET"]}}],"collection":[{"href":"https:\/\/agriomac.com.br\/loja\/wp-json\/wp\/v2\/product"}],"about":[{"href":"https:\/\/agriomac.com.br\/loja\/wp-json\/wp\/v2\/types\/product"}],"replies":[{"embeddable":true,"href":"https:\/\/agriomac.com.br\/loja\/wp-json\/wp\/v2\/comments?post=1996"}],"version-history":[{"count":1,"href":"https:\/\/agriomac.com.br\/loja\/wp-json\/wp\/v2\/product\/1996\/revisions"}],"predecessor-version":[{"id":1997,"href":"https:\/\/agriomac.com.br\/loja\/wp-json\/wp\/v2\/product\/1996\/revisions\/1997"}],"wp:featuredmedia":[{"embeddable":true,"href":"https:\/\/agriomac.com.br\/loja\/wp-json\/wp\/v2\/media\/2003"}],"wp:attachment":[{"href":"https:\/\/agriomac.com.br\/loja\/wp-json\/wp\/v2\/media?parent=1996"}],"wp:term":[{"taxonomy":"product_brand","embeddable":true,"href":"https:\/\/agriomac.com.br\/loja\/wp-json\/wp\/v2\/product_brand?post=1996"},{"taxonomy":"product_cat","embeddable":true,"href":"https:\/\/agriomac.com.br\/loja\/wp-json\/wp\/v2\/product_cat?post=1996"},{"taxonomy":"product_tag","embeddable":true,"href":"https:\/\/agriomac.com.br\/loja\/wp-json\/wp\/v2\/product_tag?post=1996"}],"curies":[{"name":"wp","href":"https:\/\/api.w.org\/{rel}","templated":true}]}}