{"id":1998,"date":"2025-06-06T02:29:45","date_gmt":"2025-06-06T02:29:45","guid":{"rendered":"https:\/\/agriomac.com.br\/loja\/?post_type=product&#038;p=1998"},"modified":"2025-06-06T02:35:37","modified_gmt":"2025-06-06T02:35:37","slug":"ponteira-facao-guilhotina","status":"publish","type":"product","link":"https:\/\/agriomac.com.br\/loja\/produto\/ponteira-facao-guilhotina\/","title":{"rendered":"PONTEIRA FACAO GUILHOTINA"},"content":{"rendered":"<p data-start=\"4246\" data-end=\"4535\">A Ponteira Fac\u00e3o Guilhotina \u00e9 utilizada em fac\u00f5es de implementos agr\u00edcolas, projetada para melhorar a penetra\u00e7\u00e3o no solo e facilitar o corte durante opera\u00e7\u00f5es de preparo profundo. Seu design garante acoplamento firme e maior durabilidade, mesmo sob forte abras\u00e3o.<\/p>\n<p data-start=\"4537\" data-end=\"4566\"><strong data-start=\"4537\" data-end=\"4566\">Caracter\u00edsticas t\u00e9cnicas:<\/strong><\/p>\n<ul data-start=\"4568\" data-end=\"4830\">\n<li data-start=\"4568\" data-end=\"4606\">\n<p data-start=\"4570\" data-end=\"4606\"><strong data-start=\"4570\" data-end=\"4579\">Tipo:<\/strong> Ponteira tipo guilhotina<\/p>\n<\/li>\n<li data-start=\"4607\" data-end=\"4657\">\n<p data-start=\"4609\" data-end=\"4657\"><strong data-start=\"4609\" data-end=\"4622\">Material:<\/strong> A\u00e7o especial de alta resist\u00eancia<\/p>\n<\/li>\n<li data-start=\"4658\" data-end=\"4721\">\n<p data-start=\"4660\" data-end=\"4721\"><strong data-start=\"4660\" data-end=\"4675\">Acabamento:<\/strong> Galvanizado ou natural (dependendo do lote)<\/p>\n<\/li>\n<li data-start=\"4722\" data-end=\"4766\">\n<p data-start=\"4724\" data-end=\"4766\"><strong data-start=\"4724\" data-end=\"4736\">Fixa\u00e7\u00e3o:<\/strong> Com encaixe e furo passante<\/p>\n<\/li>\n<li data-start=\"4767\" data-end=\"4830\">\n<p data-start=\"4769\" data-end=\"4830\"><strong data-start=\"4769\" data-end=\"4784\">Aplica\u00e7\u00f5es:<\/strong> Fac\u00f5es de subsoladores e cultivadores de solo<\/p>\n<\/li>\n<\/ul>\n","protected":false},"excerpt":{"rendered":"<p data-start=\"4132\" data-end=\"4244\">Ponteira guilhotina para fac\u00e3o agr\u00edcola \u2013 Pe\u00e7a refor\u00e7ada para corte e penetra\u00e7\u00e3o em solo.<\/p>\n<p data-start=\"4246\" data-end=\"4535\">\n","protected":false},"featured_media":2004,"comment_status":"open","ping_status":"closed","template":"","meta":{"_price":"30","_stock":"4","_tribe_ticket_header":"","_tribe_default_ticket_provider":"","_tribe_ticket_capacity":"4","_ticket_start_date":"","_ticket_end_date":"","_tribe_ticket_show_description":"","_tribe_ticket_show_not_going":false,"_tribe_ticket_use_global_stock":"","_tribe_ticket_global_stock_level":"","_global_stock_mode":"","_global_stock_cap":"","_tribe_rsvp_for_event":"","_tribe_ticket_going_count":"","_tribe_ticket_not_going_count":"","_tribe_tickets_list":"[]","_tribe_ticket_has_attendee_info_fields":false,"_EventAllDay":false,"_EventTimezone":"","_EventStartDate":"","_EventEndDate":"","_EventStartDateUTC":"","_EventEndDateUTC":"","_EventShowMap":false,"_EventShowMapLink":false,"_EventURL":"","_EventCost":"","_EventCostDescription":"","_EventCurrencySymbol":"","_EventCurrencyCode":"","_EventCurrencyPosition":"","_EventDateTimeSeparator":"","_EventTimeRangeSeparator":"","_EventOrganizerID":[],"_EventVenueID":[],"_OrganizerEmail":"","_OrganizerPhone":"","_OrganizerWebsite":"","_VenueAddress":"","_VenueCity":"","_VenueCountry":"","_VenueProvince":"","_VenueState":"","_VenueZip":"","_VenuePhone":"","_VenueURL":"","_VenueStateProvince":"","_VenueLat":"","_VenueLng":"","_VenueShowMap":false,"_VenueShowMapLink":false},"product_brand":[],"product_cat":[44],"product_tag":[],"class_list":{"0":"post-1998","1":"product","2":"type-product","3":"status-publish","4":"has-post-thumbnail","6":"product_cat-pecasimplementosagricolas","8":"first","9":"instock","10":"shipping-taxable","11":"purchasable","12":"product-type-simple"},"jetpack_sharing_enabled":true,"_links":{"self":[{"href":"https:\/\/agriomac.com.br\/loja\/wp-json\/wp\/v2\/product\/1998","targetHints":{"allow":["GET"]}}],"collection":[{"href":"https:\/\/agriomac.com.br\/loja\/wp-json\/wp\/v2\/product"}],"about":[{"href":"https:\/\/agriomac.com.br\/loja\/wp-json\/wp\/v2\/types\/product"}],"replies":[{"embeddable":true,"href":"https:\/\/agriomac.com.br\/loja\/wp-json\/wp\/v2\/comments?post=1998"}],"version-history":[{"count":1,"href":"https:\/\/agriomac.com.br\/loja\/wp-json\/wp\/v2\/product\/1998\/revisions"}],"predecessor-version":[{"id":1999,"href":"https:\/\/agriomac.com.br\/loja\/wp-json\/wp\/v2\/product\/1998\/revisions\/1999"}],"wp:featuredmedia":[{"embeddable":true,"href":"https:\/\/agriomac.com.br\/loja\/wp-json\/wp\/v2\/media\/2004"}],"wp:attachment":[{"href":"https:\/\/agriomac.com.br\/loja\/wp-json\/wp\/v2\/media?parent=1998"}],"wp:term":[{"taxonomy":"product_brand","embeddable":true,"href":"https:\/\/agriomac.com.br\/loja\/wp-json\/wp\/v2\/product_brand?post=1998"},{"taxonomy":"product_cat","embeddable":true,"href":"https:\/\/agriomac.com.br\/loja\/wp-json\/wp\/v2\/product_cat?post=1998"},{"taxonomy":"product_tag","embeddable":true,"href":"https:\/\/agriomac.com.br\/loja\/wp-json\/wp\/v2\/product_tag?post=1998"}],"curies":[{"name":"wp","href":"https:\/\/api.w.org\/{rel}","templated":true}]}}