{"id":2005,"date":"2025-06-06T02:36:57","date_gmt":"2025-06-06T02:36:57","guid":{"rendered":"https:\/\/agriomac.com.br\/loja\/?post_type=product&#038;p=2005"},"modified":"2025-06-06T02:51:26","modified_gmt":"2025-06-06T02:51:26","slug":"dedo-molinete","status":"publish","type":"product","link":"https:\/\/agriomac.com.br\/loja\/produto\/dedo-molinete\/","title":{"rendered":"DEDO MOLINETE"},"content":{"rendered":"<p data-start=\"349\" data-end=\"643\">O Dedo de Molinete \u00e9 uma pe\u00e7a essencial nas plataformas de corte de colheitadeiras, respons\u00e1vel por auxiliar no recolhimento uniforme da planta\u00e7\u00e3o. Fabricado em a\u00e7o ou material resistente, oferece alta durabilidade e resist\u00eancia a impactos durante o trabalho em campo.<\/p>\n<p data-start=\"645\" data-end=\"674\"><strong data-start=\"645\" data-end=\"674\">Caracter\u00edsticas t\u00e9cnicas:<\/strong><\/p>\n<ul data-start=\"676\" data-end=\"946\">\n<li data-start=\"676\" data-end=\"723\">\n<p data-start=\"678\" data-end=\"723\"><strong data-start=\"678\" data-end=\"687\">Tipo:<\/strong> Dedo de molinete (fixo ou r\u00edgido)<\/p>\n<\/li>\n<li data-start=\"724\" data-end=\"798\">\n<p data-start=\"726\" data-end=\"798\"><strong data-start=\"726\" data-end=\"739\">Material:<\/strong> A\u00e7o carbono ou pol\u00edmero refor\u00e7ado (dependente do modelo)<\/p>\n<\/li>\n<li data-start=\"799\" data-end=\"855\">\n<p data-start=\"801\" data-end=\"855\"><strong data-start=\"801\" data-end=\"816\">Acabamento:<\/strong> Pintura eletrost\u00e1tica ou galvanizado<\/p>\n<\/li>\n<li data-start=\"856\" data-end=\"889\">\n<p data-start=\"858\" data-end=\"889\"><strong data-start=\"858\" data-end=\"871\">Di\u00e2metro:<\/strong> Aproximado 10mm<\/p>\n<\/li>\n<li data-start=\"890\" data-end=\"946\">\n<p data-start=\"892\" data-end=\"946\"><strong data-start=\"892\" data-end=\"907\">Aplica\u00e7\u00f5es:<\/strong> Plataformas de corte de colheitadeiras<\/p>\n<\/li>\n<\/ul>\n","protected":false},"excerpt":{"rendered":"<p data-start=\"233\" data-end=\"347\">Dedo molinete r\u00edgido \u2013 Utilizado no recolhimento de culturas em plataformas colheitadeiras.<\/p>\n<p data-start=\"349\" data-end=\"643\">\n","protected":false},"featured_media":2033,"comment_status":"open","ping_status":"closed","template":"","meta":{"_price":"7.36","_stock":"8","_tribe_ticket_header":"","_tribe_default_ticket_provider":"","_tribe_ticket_capacity":"8","_ticket_start_date":"","_ticket_end_date":"","_tribe_ticket_show_description":"","_tribe_ticket_show_not_going":false,"_tribe_ticket_use_global_stock":"","_tribe_ticket_global_stock_level":"","_global_stock_mode":"","_global_stock_cap":"","_tribe_rsvp_for_event":"","_tribe_ticket_going_count":"","_tribe_ticket_not_going_count":"","_tribe_tickets_list":"[]","_tribe_ticket_has_attendee_info_fields":false,"_EventAllDay":false,"_EventTimezone":"","_EventStartDate":"","_EventEndDate":"","_EventStartDateUTC":"","_EventEndDateUTC":"","_EventShowMap":false,"_EventShowMapLink":false,"_EventURL":"","_EventCost":"","_EventCostDescription":"","_EventCurrencySymbol":"","_EventCurrencyCode":"","_EventCurrencyPosition":"","_EventDateTimeSeparator":"","_EventTimeRangeSeparator":"","_EventOrganizerID":[],"_EventVenueID":[],"_OrganizerEmail":"","_OrganizerPhone":"","_OrganizerWebsite":"","_VenueAddress":"","_VenueCity":"","_VenueCountry":"","_VenueProvince":"","_VenueState":"","_VenueZip":"","_VenuePhone":"","_VenueURL":"","_VenueStateProvince":"","_VenueLat":"","_VenueLng":"","_VenueShowMap":false,"_VenueShowMapLink":false},"product_brand":[],"product_cat":[44],"product_tag":[],"class_list":{"0":"post-2005","1":"product","2":"type-product","3":"status-publish","4":"has-post-thumbnail","6":"product_cat-pecasimplementosagricolas","8":"first","9":"instock","10":"shipping-taxable","11":"purchasable","12":"product-type-simple"},"jetpack_sharing_enabled":true,"_links":{"self":[{"href":"https:\/\/agriomac.com.br\/loja\/wp-json\/wp\/v2\/product\/2005","targetHints":{"allow":["GET"]}}],"collection":[{"href":"https:\/\/agriomac.com.br\/loja\/wp-json\/wp\/v2\/product"}],"about":[{"href":"https:\/\/agriomac.com.br\/loja\/wp-json\/wp\/v2\/types\/product"}],"replies":[{"embeddable":true,"href":"https:\/\/agriomac.com.br\/loja\/wp-json\/wp\/v2\/comments?post=2005"}],"version-history":[{"count":1,"href":"https:\/\/agriomac.com.br\/loja\/wp-json\/wp\/v2\/product\/2005\/revisions"}],"predecessor-version":[{"id":2007,"href":"https:\/\/agriomac.com.br\/loja\/wp-json\/wp\/v2\/product\/2005\/revisions\/2007"}],"wp:featuredmedia":[{"embeddable":true,"href":"https:\/\/agriomac.com.br\/loja\/wp-json\/wp\/v2\/media\/2033"}],"wp:attachment":[{"href":"https:\/\/agriomac.com.br\/loja\/wp-json\/wp\/v2\/media?parent=2005"}],"wp:term":[{"taxonomy":"product_brand","embeddable":true,"href":"https:\/\/agriomac.com.br\/loja\/wp-json\/wp\/v2\/product_brand?post=2005"},{"taxonomy":"product_cat","embeddable":true,"href":"https:\/\/agriomac.com.br\/loja\/wp-json\/wp\/v2\/product_cat?post=2005"},{"taxonomy":"product_tag","embeddable":true,"href":"https:\/\/agriomac.com.br\/loja\/wp-json\/wp\/v2\/product_tag?post=2005"}],"curies":[{"name":"wp","href":"https:\/\/api.w.org\/{rel}","templated":true}]}}