{"id":2008,"date":"2025-06-06T02:37:36","date_gmt":"2025-06-06T02:37:36","guid":{"rendered":"https:\/\/agriomac.com.br\/loja\/?post_type=product&#038;p=2008"},"modified":"2025-06-06T03:04:49","modified_gmt":"2025-06-06T03:04:49","slug":"dedo-recolhedor-molinete","status":"publish","type":"product","link":"https:\/\/agriomac.com.br\/loja\/produto\/dedo-recolhedor-molinete\/","title":{"rendered":"DEDO RECOLHEDOR MOLINETE"},"content":{"rendered":"<p data-start=\"1143\" data-end=\"1377\">O Dedo Recolhedor de Molinete atua diretamente no movimento rotativo da barra de corte da colheitadeira, ajudando a guiar e recolher a cultura para a esteira. Proporciona efici\u00eancia e menor perda na colheita.<\/p>\n<p data-start=\"1379\" data-end=\"1408\"><strong data-start=\"1379\" data-end=\"1408\">Caracter\u00edsticas t\u00e9cnicas:<\/strong><\/p>\n<ul data-start=\"1410\" data-end=\"1637\">\n<li data-start=\"1410\" data-end=\"1445\">\n<p data-start=\"1412\" data-end=\"1445\"><strong data-start=\"1412\" data-end=\"1421\">Tipo:<\/strong> Dedo recolhedor curvo<\/p>\n<\/li>\n<li data-start=\"1446\" data-end=\"1496\">\n<p data-start=\"1448\" data-end=\"1496\"><strong data-start=\"1448\" data-end=\"1461\">Material:<\/strong> A\u00e7o flex\u00edvel ou pol\u00edmero t\u00e9cnico<\/p>\n<\/li>\n<li data-start=\"1497\" data-end=\"1536\">\n<p data-start=\"1499\" data-end=\"1536\"><strong data-start=\"1499\" data-end=\"1514\">Acabamento:<\/strong> Pintura ou zincagem<\/p>\n<\/li>\n<li data-start=\"1537\" data-end=\"1574\">\n<p data-start=\"1539\" data-end=\"1574\"><strong data-start=\"1539\" data-end=\"1555\">Comprimento:<\/strong> Aproximado 250mm<\/p>\n<\/li>\n<li data-start=\"1575\" data-end=\"1637\">\n<p data-start=\"1577\" data-end=\"1637\"><strong data-start=\"1577\" data-end=\"1592\">Aplica\u00e7\u00f5es:<\/strong> Plataformas de colheita com sistema molinete<\/p>\n<\/li>\n<\/ul>\n","protected":false},"excerpt":{"rendered":"<p data-start=\"1043\" data-end=\"1141\">Dedo recolhedor para molinete \u2013 Ideal para puxar a cultura durante o corte.<\/p>\n<p data-start=\"1143\" data-end=\"1377\">\n","protected":false},"featured_media":2034,"comment_status":"open","ping_status":"closed","template":"","meta":{"_price":"7.15","_stock":"8","_tribe_ticket_header":"","_tribe_default_ticket_provider":"","_tribe_ticket_capacity":"8","_ticket_start_date":"","_ticket_end_date":"","_tribe_ticket_show_description":"","_tribe_ticket_show_not_going":false,"_tribe_ticket_use_global_stock":"","_tribe_ticket_global_stock_level":"","_global_stock_mode":"","_global_stock_cap":"","_tribe_rsvp_for_event":"","_tribe_ticket_going_count":"","_tribe_ticket_not_going_count":"","_tribe_tickets_list":"[]","_tribe_ticket_has_attendee_info_fields":false,"_EventAllDay":false,"_EventTimezone":"","_EventStartDate":"","_EventEndDate":"","_EventStartDateUTC":"","_EventEndDateUTC":"","_EventShowMap":false,"_EventShowMapLink":false,"_EventURL":"","_EventCost":"","_EventCostDescription":"","_EventCurrencySymbol":"","_EventCurrencyCode":"","_EventCurrencyPosition":"","_EventDateTimeSeparator":"","_EventTimeRangeSeparator":"","_EventOrganizerID":[],"_EventVenueID":[],"_OrganizerEmail":"","_OrganizerPhone":"","_OrganizerWebsite":"","_VenueAddress":"","_VenueCity":"","_VenueCountry":"","_VenueProvince":"","_VenueState":"","_VenueZip":"","_VenuePhone":"","_VenueURL":"","_VenueStateProvince":"","_VenueLat":"","_VenueLng":"","_VenueShowMap":false,"_VenueShowMapLink":false},"product_brand":[],"product_cat":[44],"product_tag":[],"class_list":{"0":"post-2008","1":"product","2":"type-product","3":"status-publish","4":"has-post-thumbnail","6":"product_cat-pecasimplementosagricolas","8":"first","9":"instock","10":"shipping-taxable","11":"purchasable","12":"product-type-simple"},"jetpack_sharing_enabled":true,"_links":{"self":[{"href":"https:\/\/agriomac.com.br\/loja\/wp-json\/wp\/v2\/product\/2008","targetHints":{"allow":["GET"]}}],"collection":[{"href":"https:\/\/agriomac.com.br\/loja\/wp-json\/wp\/v2\/product"}],"about":[{"href":"https:\/\/agriomac.com.br\/loja\/wp-json\/wp\/v2\/types\/product"}],"replies":[{"embeddable":true,"href":"https:\/\/agriomac.com.br\/loja\/wp-json\/wp\/v2\/comments?post=2008"}],"version-history":[{"count":1,"href":"https:\/\/agriomac.com.br\/loja\/wp-json\/wp\/v2\/product\/2008\/revisions"}],"predecessor-version":[{"id":2009,"href":"https:\/\/agriomac.com.br\/loja\/wp-json\/wp\/v2\/product\/2008\/revisions\/2009"}],"wp:featuredmedia":[{"embeddable":true,"href":"https:\/\/agriomac.com.br\/loja\/wp-json\/wp\/v2\/media\/2034"}],"wp:attachment":[{"href":"https:\/\/agriomac.com.br\/loja\/wp-json\/wp\/v2\/media?parent=2008"}],"wp:term":[{"taxonomy":"product_brand","embeddable":true,"href":"https:\/\/agriomac.com.br\/loja\/wp-json\/wp\/v2\/product_brand?post=2008"},{"taxonomy":"product_cat","embeddable":true,"href":"https:\/\/agriomac.com.br\/loja\/wp-json\/wp\/v2\/product_cat?post=2008"},{"taxonomy":"product_tag","embeddable":true,"href":"https:\/\/agriomac.com.br\/loja\/wp-json\/wp\/v2\/product_tag?post=2008"}],"curies":[{"name":"wp","href":"https:\/\/api.w.org\/{rel}","templated":true}]}}