{"id":2010,"date":"2025-06-06T02:38:07","date_gmt":"2025-06-06T02:38:07","guid":{"rendered":"https:\/\/agriomac.com.br\/loja\/?post_type=product&#038;p=2010"},"modified":"2025-06-17T01:01:19","modified_gmt":"2025-06-17T01:01:19","slug":"dedo-molinete-1-2","status":"publish","type":"product","link":"https:\/\/agriomac.com.br\/loja\/produto\/dedo-molinete-1-2\/","title":{"rendered":"DEDO MOLINETE 1\/2"},"content":{"rendered":"<p data-start=\"1827\" data-end=\"2081\">O Dedo de Molinete 1\/2 \u00e9 uma vers\u00e3o reduzida do dedo tradicional, ideal para aplica\u00e7\u00f5es em que o comprimento total do dedo interfere no recolhimento ou em sistemas com espa\u00e7o limitado. Indicado para molinetes com menor di\u00e2metro.<\/p>\n<p data-start=\"2083\" data-end=\"2112\"><strong data-start=\"2083\" data-end=\"2112\">Caracter\u00edsticas t\u00e9cnicas:<\/strong><\/p>\n<ul data-start=\"2114\" data-end=\"2342\">\n<li data-start=\"2114\" data-end=\"2150\">\n<p data-start=\"2116\" data-end=\"2150\"><strong data-start=\"2116\" data-end=\"2125\">Tipo:<\/strong> Dedo de molinete curto<\/p>\n<\/li>\n<li data-start=\"2151\" data-end=\"2179\">\n<p data-start=\"2153\" data-end=\"2179\"><strong data-start=\"2153\" data-end=\"2164\">Medida:<\/strong> 1\/2 polegada<\/p>\n<\/li>\n<li data-start=\"2180\" data-end=\"2233\">\n<p data-start=\"2182\" data-end=\"2233\"><strong data-start=\"2182\" data-end=\"2195\">Material:<\/strong> A\u00e7o ou pol\u00edmero de alta resist\u00eancia<\/p>\n<\/li>\n<li data-start=\"2234\" data-end=\"2276\">\n<p data-start=\"2236\" data-end=\"2276\"><strong data-start=\"2236\" data-end=\"2251\">Acabamento:<\/strong> Galvanizado ou pintado<\/p>\n<\/li>\n<li data-start=\"2277\" data-end=\"2342\">\n<p data-start=\"2279\" data-end=\"2342\"><strong data-start=\"2279\" data-end=\"2294\">Aplica\u00e7\u00f5es:<\/strong> Plataformas de colheita com restri\u00e7\u00e3o de espa\u00e7o<\/p>\n<\/li>\n<\/ul>\n","protected":false},"excerpt":{"rendered":"<p data-start=\"1727\" data-end=\"1825\">Dedo de molinete 1\/2&#8243; \u2013 Vers\u00e3o curta para sistemas espec\u00edficos de colheita.<\/p>\n<p data-start=\"1827\" data-end=\"2081\">\n","protected":false},"featured_media":2032,"comment_status":"open","ping_status":"closed","template":"","meta":{"_price":"10.99","_stock":"8","_tribe_ticket_header":"","_tribe_default_ticket_provider":"","_tribe_ticket_capacity":"8","_ticket_start_date":"","_ticket_end_date":"","_tribe_ticket_show_description":"","_tribe_ticket_show_not_going":false,"_tribe_ticket_use_global_stock":"","_tribe_ticket_global_stock_level":"","_global_stock_mode":"","_global_stock_cap":"","_tribe_rsvp_for_event":"","_tribe_ticket_going_count":"","_tribe_ticket_not_going_count":"","_tribe_tickets_list":"[]","_tribe_ticket_has_attendee_info_fields":false,"_EventAllDay":false,"_EventTimezone":"","_EventStartDate":"","_EventEndDate":"","_EventStartDateUTC":"","_EventEndDateUTC":"","_EventShowMap":false,"_EventShowMapLink":false,"_EventURL":"","_EventCost":"","_EventCostDescription":"","_EventCurrencySymbol":"","_EventCurrencyCode":"","_EventCurrencyPosition":"","_EventDateTimeSeparator":"","_EventTimeRangeSeparator":"","_EventOrganizerID":[],"_EventVenueID":[],"_OrganizerEmail":"","_OrganizerPhone":"","_OrganizerWebsite":"","_VenueAddress":"","_VenueCity":"","_VenueCountry":"","_VenueProvince":"","_VenueState":"","_VenueZip":"","_VenuePhone":"","_VenueURL":"","_VenueStateProvince":"","_VenueLat":"","_VenueLng":"","_VenueShowMap":false,"_VenueShowMapLink":false},"product_brand":[],"product_cat":[44],"product_tag":[],"class_list":{"0":"post-2010","1":"product","2":"type-product","3":"status-publish","4":"has-post-thumbnail","6":"product_cat-pecasimplementosagricolas","8":"first","9":"instock","10":"shipping-taxable","11":"purchasable","12":"product-type-simple"},"jetpack_sharing_enabled":true,"_links":{"self":[{"href":"https:\/\/agriomac.com.br\/loja\/wp-json\/wp\/v2\/product\/2010","targetHints":{"allow":["GET"]}}],"collection":[{"href":"https:\/\/agriomac.com.br\/loja\/wp-json\/wp\/v2\/product"}],"about":[{"href":"https:\/\/agriomac.com.br\/loja\/wp-json\/wp\/v2\/types\/product"}],"replies":[{"embeddable":true,"href":"https:\/\/agriomac.com.br\/loja\/wp-json\/wp\/v2\/comments?post=2010"}],"version-history":[{"count":1,"href":"https:\/\/agriomac.com.br\/loja\/wp-json\/wp\/v2\/product\/2010\/revisions"}],"predecessor-version":[{"id":2011,"href":"https:\/\/agriomac.com.br\/loja\/wp-json\/wp\/v2\/product\/2010\/revisions\/2011"}],"wp:featuredmedia":[{"embeddable":true,"href":"https:\/\/agriomac.com.br\/loja\/wp-json\/wp\/v2\/media\/2032"}],"wp:attachment":[{"href":"https:\/\/agriomac.com.br\/loja\/wp-json\/wp\/v2\/media?parent=2010"}],"wp:term":[{"taxonomy":"product_brand","embeddable":true,"href":"https:\/\/agriomac.com.br\/loja\/wp-json\/wp\/v2\/product_brand?post=2010"},{"taxonomy":"product_cat","embeddable":true,"href":"https:\/\/agriomac.com.br\/loja\/wp-json\/wp\/v2\/product_cat?post=2010"},{"taxonomy":"product_tag","embeddable":true,"href":"https:\/\/agriomac.com.br\/loja\/wp-json\/wp\/v2\/product_tag?post=2010"}],"curies":[{"name":"wp","href":"https:\/\/api.w.org\/{rel}","templated":true}]}}