{"id":2015,"date":"2025-06-06T02:39:26","date_gmt":"2025-06-06T02:39:26","guid":{"rendered":"https:\/\/agriomac.com.br\/loja\/?post_type=product&#038;p=2015"},"modified":"2025-06-06T02:52:23","modified_gmt":"2025-06-06T02:52:23","slug":"banda-compactadora-csul","status":"publish","type":"product","link":"https:\/\/agriomac.com.br\/loja\/produto\/banda-compactadora-csul\/","title":{"rendered":"BANDA COMPACTADORA CSUL"},"content":{"rendered":"<p data-start=\"3294\" data-end=\"3523\">A Banda Compactadora CSUL \u00e9 aplicada em plantadeiras e semeadoras para garantir o fechamento adequado do sulco e a compacta\u00e7\u00e3o da semente no solo. Proporciona melhor emerg\u00eancia e uniformidade na lavoura.<\/p>\n<p data-start=\"3525\" data-end=\"3554\"><strong data-start=\"3525\" data-end=\"3554\">Caracter\u00edsticas t\u00e9cnicas:<\/strong><\/p>\n<ul data-start=\"3556\" data-end=\"3791\">\n<li data-start=\"3556\" data-end=\"3590\">\n<p data-start=\"3558\" data-end=\"3590\"><strong data-start=\"3558\" data-end=\"3567\">Tipo:<\/strong> Banda de compacta\u00e7\u00e3o<\/p>\n<\/li>\n<li data-start=\"3591\" data-end=\"3637\">\n<p data-start=\"3593\" data-end=\"3637\"><strong data-start=\"3593\" data-end=\"3606\">Material:<\/strong> Borracha de alta resist\u00eancia<\/p>\n<\/li>\n<li data-start=\"3638\" data-end=\"3684\">\n<p data-start=\"3640\" data-end=\"3684\"><strong data-start=\"3640\" data-end=\"3652\">Largura:<\/strong> Conforme modelo do implemento<\/p>\n<\/li>\n<li data-start=\"3685\" data-end=\"3724\">\n<p data-start=\"3687\" data-end=\"3724\"><strong data-start=\"3687\" data-end=\"3702\">Acabamento:<\/strong> Liso ou texturizado<\/p>\n<\/li>\n<li data-start=\"3725\" data-end=\"3791\">\n<p data-start=\"3727\" data-end=\"3791\"><strong data-start=\"3727\" data-end=\"3742\">Aplica\u00e7\u00f5es:<\/strong> Compacta\u00e7\u00e3o do solo em semeadoras e plantadeiras<\/p>\n<\/li>\n<\/ul>\n","protected":false},"excerpt":{"rendered":"<p data-start=\"3197\" data-end=\"3292\">Banda compactadora CSUL \u2013 Utilizada para firmar o solo ap\u00f3s a semeadura.<\/p>\n<p data-start=\"3294\" data-end=\"3523\">\n","protected":false},"featured_media":2022,"comment_status":"open","ping_status":"closed","template":"","meta":{"_price":"33.98","_stock":"3","_tribe_ticket_header":"","_tribe_default_ticket_provider":"","_tribe_ticket_capacity":"3","_ticket_start_date":"","_ticket_end_date":"","_tribe_ticket_show_description":"","_tribe_ticket_show_not_going":false,"_tribe_ticket_use_global_stock":"","_tribe_ticket_global_stock_level":"","_global_stock_mode":"","_global_stock_cap":"","_tribe_rsvp_for_event":"","_tribe_ticket_going_count":"","_tribe_ticket_not_going_count":"","_tribe_tickets_list":"[]","_tribe_ticket_has_attendee_info_fields":false,"_EventAllDay":false,"_EventTimezone":"","_EventStartDate":"","_EventEndDate":"","_EventStartDateUTC":"","_EventEndDateUTC":"","_EventShowMap":false,"_EventShowMapLink":false,"_EventURL":"","_EventCost":"","_EventCostDescription":"","_EventCurrencySymbol":"","_EventCurrencyCode":"","_EventCurrencyPosition":"","_EventDateTimeSeparator":"","_EventTimeRangeSeparator":"","_EventOrganizerID":[],"_EventVenueID":[],"_OrganizerEmail":"","_OrganizerPhone":"","_OrganizerWebsite":"","_VenueAddress":"","_VenueCity":"","_VenueCountry":"","_VenueProvince":"","_VenueState":"","_VenueZip":"","_VenuePhone":"","_VenueURL":"","_VenueStateProvince":"","_VenueLat":"","_VenueLng":"","_VenueShowMap":false,"_VenueShowMapLink":false},"product_brand":[],"product_cat":[44],"product_tag":[],"class_list":{"0":"post-2015","1":"product","2":"type-product","3":"status-publish","4":"has-post-thumbnail","6":"product_cat-pecasimplementosagricolas","8":"first","9":"instock","10":"shipping-taxable","11":"purchasable","12":"product-type-simple"},"jetpack_sharing_enabled":true,"_links":{"self":[{"href":"https:\/\/agriomac.com.br\/loja\/wp-json\/wp\/v2\/product\/2015","targetHints":{"allow":["GET"]}}],"collection":[{"href":"https:\/\/agriomac.com.br\/loja\/wp-json\/wp\/v2\/product"}],"about":[{"href":"https:\/\/agriomac.com.br\/loja\/wp-json\/wp\/v2\/types\/product"}],"replies":[{"embeddable":true,"href":"https:\/\/agriomac.com.br\/loja\/wp-json\/wp\/v2\/comments?post=2015"}],"version-history":[{"count":1,"href":"https:\/\/agriomac.com.br\/loja\/wp-json\/wp\/v2\/product\/2015\/revisions"}],"predecessor-version":[{"id":2016,"href":"https:\/\/agriomac.com.br\/loja\/wp-json\/wp\/v2\/product\/2015\/revisions\/2016"}],"wp:featuredmedia":[{"embeddable":true,"href":"https:\/\/agriomac.com.br\/loja\/wp-json\/wp\/v2\/media\/2022"}],"wp:attachment":[{"href":"https:\/\/agriomac.com.br\/loja\/wp-json\/wp\/v2\/media?parent=2015"}],"wp:term":[{"taxonomy":"product_brand","embeddable":true,"href":"https:\/\/agriomac.com.br\/loja\/wp-json\/wp\/v2\/product_brand?post=2015"},{"taxonomy":"product_cat","embeddable":true,"href":"https:\/\/agriomac.com.br\/loja\/wp-json\/wp\/v2\/product_cat?post=2015"},{"taxonomy":"product_tag","embeddable":true,"href":"https:\/\/agriomac.com.br\/loja\/wp-json\/wp\/v2\/product_tag?post=2015"}],"curies":[{"name":"wp","href":"https:\/\/api.w.org\/{rel}","templated":true}]}}