{"id":2017,"date":"2025-06-06T02:39:58","date_gmt":"2025-06-06T02:39:58","guid":{"rendered":"https:\/\/agriomac.com.br\/loja\/?post_type=product&#038;p=2017"},"modified":"2025-06-06T03:04:18","modified_gmt":"2025-06-06T03:04:18","slug":"limpador-disco-dir-2mm","status":"publish","type":"product","link":"https:\/\/agriomac.com.br\/loja\/produto\/limpador-disco-dir-2mm\/","title":{"rendered":"LIMPADOR DISCO DIR. 2MM"},"content":{"rendered":"<p data-start=\"3997\" data-end=\"4220\">O Limpador de Disco Direito 2mm \u00e9 uma pe\u00e7a usada para manter o disco de corte limpo durante o trabalho no campo, removendo res\u00edduos e solo acumulado. Instala\u00e7\u00e3o do lado direito da linha de plantio.<\/p>\n<p data-start=\"4222\" data-end=\"4251\"><strong data-start=\"4222\" data-end=\"4251\">Caracter\u00edsticas t\u00e9cnicas:<\/strong><\/p>\n<ul data-start=\"4253\" data-end=\"4424\">\n<li data-start=\"4253\" data-end=\"4299\">\n<p data-start=\"4255\" data-end=\"4299\"><strong data-start=\"4255\" data-end=\"4264\">Tipo:<\/strong> Limpador de disco (lado direito)<\/p>\n<\/li>\n<li data-start=\"4300\" data-end=\"4322\">\n<p data-start=\"4302\" data-end=\"4322\"><strong data-start=\"4302\" data-end=\"4316\">Espessura:<\/strong> 2mm<\/p>\n<\/li>\n<li data-start=\"4323\" data-end=\"4381\">\n<p data-start=\"4325\" data-end=\"4381\"><strong data-start=\"4325\" data-end=\"4338\">Material:<\/strong> A\u00e7o carbono com tratamento anticorrosivo<\/p>\n<\/li>\n<li data-start=\"4382\" data-end=\"4424\">\n<p data-start=\"4384\" data-end=\"4424\"><strong data-start=\"4384\" data-end=\"4399\">Aplica\u00e7\u00f5es:<\/strong> Semeadoras, plantadeiras<\/p>\n<\/li>\n<\/ul>\n","protected":false},"excerpt":{"rendered":"<p data-start=\"3887\" data-end=\"3995\">Limpador de disco direito 2mm \u2013 Para limpeza lateral de disco de corte em semeadoras.<\/p>\n<p data-start=\"3997\" data-end=\"4220\">\n","protected":false},"featured_media":2036,"comment_status":"open","ping_status":"closed","template":"","meta":{"_price":"8.18","_stock":"10","_tribe_ticket_header":"","_tribe_default_ticket_provider":"","_tribe_ticket_capacity":"10","_ticket_start_date":"","_ticket_end_date":"","_tribe_ticket_show_description":"","_tribe_ticket_show_not_going":false,"_tribe_ticket_use_global_stock":"","_tribe_ticket_global_stock_level":"","_global_stock_mode":"","_global_stock_cap":"","_tribe_rsvp_for_event":"","_tribe_ticket_going_count":"","_tribe_ticket_not_going_count":"","_tribe_tickets_list":"[]","_tribe_ticket_has_attendee_info_fields":false,"_EventAllDay":false,"_EventTimezone":"","_EventStartDate":"","_EventEndDate":"","_EventStartDateUTC":"","_EventEndDateUTC":"","_EventShowMap":false,"_EventShowMapLink":false,"_EventURL":"","_EventCost":"","_EventCostDescription":"","_EventCurrencySymbol":"","_EventCurrencyCode":"","_EventCurrencyPosition":"","_EventDateTimeSeparator":"","_EventTimeRangeSeparator":"","_EventOrganizerID":[],"_EventVenueID":[],"_OrganizerEmail":"","_OrganizerPhone":"","_OrganizerWebsite":"","_VenueAddress":"","_VenueCity":"","_VenueCountry":"","_VenueProvince":"","_VenueState":"","_VenueZip":"","_VenuePhone":"","_VenueURL":"","_VenueStateProvince":"","_VenueLat":"","_VenueLng":"","_VenueShowMap":false,"_VenueShowMapLink":false},"product_brand":[],"product_cat":[44],"product_tag":[],"class_list":{"0":"post-2017","1":"product","2":"type-product","3":"status-publish","4":"has-post-thumbnail","6":"product_cat-pecasimplementosagricolas","8":"first","9":"instock","10":"shipping-taxable","11":"purchasable","12":"product-type-simple"},"jetpack_sharing_enabled":true,"_links":{"self":[{"href":"https:\/\/agriomac.com.br\/loja\/wp-json\/wp\/v2\/product\/2017","targetHints":{"allow":["GET"]}}],"collection":[{"href":"https:\/\/agriomac.com.br\/loja\/wp-json\/wp\/v2\/product"}],"about":[{"href":"https:\/\/agriomac.com.br\/loja\/wp-json\/wp\/v2\/types\/product"}],"replies":[{"embeddable":true,"href":"https:\/\/agriomac.com.br\/loja\/wp-json\/wp\/v2\/comments?post=2017"}],"version-history":[{"count":1,"href":"https:\/\/agriomac.com.br\/loja\/wp-json\/wp\/v2\/product\/2017\/revisions"}],"predecessor-version":[{"id":2018,"href":"https:\/\/agriomac.com.br\/loja\/wp-json\/wp\/v2\/product\/2017\/revisions\/2018"}],"wp:featuredmedia":[{"embeddable":true,"href":"https:\/\/agriomac.com.br\/loja\/wp-json\/wp\/v2\/media\/2036"}],"wp:attachment":[{"href":"https:\/\/agriomac.com.br\/loja\/wp-json\/wp\/v2\/media?parent=2017"}],"wp:term":[{"taxonomy":"product_brand","embeddable":true,"href":"https:\/\/agriomac.com.br\/loja\/wp-json\/wp\/v2\/product_brand?post=2017"},{"taxonomy":"product_cat","embeddable":true,"href":"https:\/\/agriomac.com.br\/loja\/wp-json\/wp\/v2\/product_cat?post=2017"},{"taxonomy":"product_tag","embeddable":true,"href":"https:\/\/agriomac.com.br\/loja\/wp-json\/wp\/v2\/product_tag?post=2017"}],"curies":[{"name":"wp","href":"https:\/\/api.w.org\/{rel}","templated":true}]}}