{"id":2019,"date":"2025-06-06T02:40:35","date_gmt":"2025-06-06T02:40:35","guid":{"rendered":"https:\/\/agriomac.com.br\/loja\/?post_type=product&#038;p=2019"},"modified":"2025-06-06T03:04:34","modified_gmt":"2025-06-06T03:04:34","slug":"limpador-disco-esq-2mm","status":"publish","type":"product","link":"https:\/\/agriomac.com.br\/loja\/produto\/limpador-disco-esq-2mm\/","title":{"rendered":"LIMPADOR DISCO ESQ. 2MM"},"content":{"rendered":"<p data-start=\"4630\" data-end=\"4854\">Pe\u00e7a complementar ao sistema de corte de solo, o Limpador de Disco Esquerdo 2mm mant\u00e9m a efici\u00eancia do implemento, limpando a face interna dos discos de corte. Fabricado com resist\u00eancia ao desgaste.<\/p>\n<p data-start=\"4856\" data-end=\"4885\"><strong data-start=\"4856\" data-end=\"4885\">Caracter\u00edsticas t\u00e9cnicas:<\/strong><\/p>\n<ul data-start=\"4887\" data-end=\"5031\">\n<li data-start=\"4887\" data-end=\"4934\">\n<p data-start=\"4889\" data-end=\"4934\"><strong data-start=\"4889\" data-end=\"4898\">Tipo:<\/strong> Limpador de disco (lado esquerdo)<\/p>\n<\/li>\n<li data-start=\"4935\" data-end=\"4957\">\n<p data-start=\"4937\" data-end=\"4957\"><strong data-start=\"4937\" data-end=\"4951\">Espessura:<\/strong> 2mm<\/p>\n<\/li>\n<li data-start=\"4958\" data-end=\"4987\">\n<p data-start=\"4960\" data-end=\"4987\"><strong data-start=\"4960\" data-end=\"4973\">Material:<\/strong> A\u00e7o carbono<\/p>\n<\/li>\n<li data-start=\"4988\" data-end=\"5031\">\n<p data-start=\"4990\" data-end=\"5031\"><strong data-start=\"4990\" data-end=\"5005\">Aplica\u00e7\u00f5es:<\/strong> Plantadeiras e semeadoras<\/p>\n<\/li>\n<\/ul>\n","protected":false},"excerpt":{"rendered":"<p data-start=\"4520\" data-end=\"4628\">Limpador de disco esquerdo 2mm \u2013 Evita ac\u00famulo de res\u00edduos no lado esquerdo da linha.<\/p>\n<p data-start=\"4630\" data-end=\"4854\">\n","protected":false},"featured_media":2040,"comment_status":"open","ping_status":"closed","template":"","meta":{"_price":"8.18","_stock":"10","_tribe_ticket_header":"","_tribe_default_ticket_provider":"","_tribe_ticket_capacity":"10","_ticket_start_date":"","_ticket_end_date":"","_tribe_ticket_show_description":"","_tribe_ticket_show_not_going":false,"_tribe_ticket_use_global_stock":"","_tribe_ticket_global_stock_level":"","_global_stock_mode":"","_global_stock_cap":"","_tribe_rsvp_for_event":"","_tribe_ticket_going_count":"","_tribe_ticket_not_going_count":"","_tribe_tickets_list":"[]","_tribe_ticket_has_attendee_info_fields":false,"_EventAllDay":false,"_EventTimezone":"","_EventStartDate":"","_EventEndDate":"","_EventStartDateUTC":"","_EventEndDateUTC":"","_EventShowMap":false,"_EventShowMapLink":false,"_EventURL":"","_EventCost":"","_EventCostDescription":"","_EventCurrencySymbol":"","_EventCurrencyCode":"","_EventCurrencyPosition":"","_EventDateTimeSeparator":"","_EventTimeRangeSeparator":"","_EventOrganizerID":[],"_EventVenueID":[],"_OrganizerEmail":"","_OrganizerPhone":"","_OrganizerWebsite":"","_VenueAddress":"","_VenueCity":"","_VenueCountry":"","_VenueProvince":"","_VenueState":"","_VenueZip":"","_VenuePhone":"","_VenueURL":"","_VenueStateProvince":"","_VenueLat":"","_VenueLng":"","_VenueShowMap":false,"_VenueShowMapLink":false},"product_brand":[],"product_cat":[44],"product_tag":[],"class_list":{"0":"post-2019","1":"product","2":"type-product","3":"status-publish","4":"has-post-thumbnail","6":"product_cat-pecasimplementosagricolas","8":"first","9":"instock","10":"shipping-taxable","11":"purchasable","12":"product-type-simple"},"jetpack_sharing_enabled":true,"_links":{"self":[{"href":"https:\/\/agriomac.com.br\/loja\/wp-json\/wp\/v2\/product\/2019","targetHints":{"allow":["GET"]}}],"collection":[{"href":"https:\/\/agriomac.com.br\/loja\/wp-json\/wp\/v2\/product"}],"about":[{"href":"https:\/\/agriomac.com.br\/loja\/wp-json\/wp\/v2\/types\/product"}],"replies":[{"embeddable":true,"href":"https:\/\/agriomac.com.br\/loja\/wp-json\/wp\/v2\/comments?post=2019"}],"version-history":[{"count":1,"href":"https:\/\/agriomac.com.br\/loja\/wp-json\/wp\/v2\/product\/2019\/revisions"}],"predecessor-version":[{"id":2020,"href":"https:\/\/agriomac.com.br\/loja\/wp-json\/wp\/v2\/product\/2019\/revisions\/2020"}],"wp:featuredmedia":[{"embeddable":true,"href":"https:\/\/agriomac.com.br\/loja\/wp-json\/wp\/v2\/media\/2040"}],"wp:attachment":[{"href":"https:\/\/agriomac.com.br\/loja\/wp-json\/wp\/v2\/media?parent=2019"}],"wp:term":[{"taxonomy":"product_brand","embeddable":true,"href":"https:\/\/agriomac.com.br\/loja\/wp-json\/wp\/v2\/product_brand?post=2019"},{"taxonomy":"product_cat","embeddable":true,"href":"https:\/\/agriomac.com.br\/loja\/wp-json\/wp\/v2\/product_cat?post=2019"},{"taxonomy":"product_tag","embeddable":true,"href":"https:\/\/agriomac.com.br\/loja\/wp-json\/wp\/v2\/product_tag?post=2019"}],"curies":[{"name":"wp","href":"https:\/\/api.w.org\/{rel}","templated":true}]}}