{"id":2024,"date":"2025-06-06T02:42:10","date_gmt":"2025-06-06T02:42:10","guid":{"rendered":"https:\/\/agriomac.com.br\/loja\/?post_type=product&#038;p=2024"},"modified":"2025-07-22T13:16:25","modified_gmt":"2025-07-22T13:16:25","slug":"dedo-retratil-temperado-t84194057","status":"publish","type":"product","link":"https:\/\/agriomac.com.br\/loja\/produto\/dedo-retratil-temperado-t84194057\/","title":{"rendered":"DEDO RETRATIL TEMPERADO T84194057"},"content":{"rendered":"<p data-start=\"5881\" data-end=\"6144\">O Dedo Retr\u00e1til Temperado modelo T84194057 \u00e9 aplicado em plataformas de colheita e recolhedores, fabricado em a\u00e7o temperado para maior resist\u00eancia ao impacto e \u00e0 fadiga. O modelo retr\u00e1til evita danos ao equipamento em caso de obst\u00e1culos.<\/p>\n<p data-start=\"6146\" data-end=\"6175\"><strong data-start=\"6146\" data-end=\"6175\">Caracter\u00edsticas t\u00e9cnicas:<\/strong><\/p>\n<ul data-start=\"6177\" data-end=\"6371\">\n<li data-start=\"6177\" data-end=\"6204\">\n<p data-start=\"6179\" data-end=\"6204\"><strong data-start=\"6179\" data-end=\"6188\">Tipo:<\/strong> Dedo retr\u00e1til<\/p>\n<\/li>\n<li data-start=\"6205\" data-end=\"6230\">\n<p data-start=\"6207\" data-end=\"6230\"><strong data-start=\"6207\" data-end=\"6218\">C\u00f3digo:<\/strong> T84194057<\/p>\n<\/li>\n<li data-start=\"6231\" data-end=\"6262\">\n<p data-start=\"6233\" data-end=\"6262\"><strong data-start=\"6233\" data-end=\"6246\">Material:<\/strong> A\u00e7o temperado<\/p>\n<\/li>\n<li data-start=\"6263\" data-end=\"6311\">\n<p data-start=\"6265\" data-end=\"6311\"><strong data-start=\"6265\" data-end=\"6280\">Acabamento:<\/strong> Preto fosfatizado ou pintado<\/p>\n<\/li>\n<li data-start=\"6312\" data-end=\"6371\">\n<p data-start=\"6314\" data-end=\"6371\"><strong data-start=\"6314\" data-end=\"6329\">Aplica\u00e7\u00f5es:<\/strong> Plataformas recolhedoras e colheitadeiras<\/p>\n<\/li>\n<\/ul>\n","protected":false},"excerpt":{"rendered":"<p data-start=\"5778\" data-end=\"5879\">Dedo retr\u00e1til temperado T84194057 \u2013 Pe\u00e7a de alto desempenho para recolhedores.<\/p>\n<p data-start=\"5881\" data-end=\"6144\">\n","protected":false},"featured_media":2006,"comment_status":"open","ping_status":"closed","template":"","meta":{"_price":"33.89","_stock":"15","_tribe_ticket_header":"","_tribe_default_ticket_provider":"","_tribe_ticket_capacity":"20","_ticket_start_date":"","_ticket_end_date":"","_tribe_ticket_show_description":"","_tribe_ticket_show_not_going":false,"_tribe_ticket_use_global_stock":"","_tribe_ticket_global_stock_level":"","_global_stock_mode":"","_global_stock_cap":"","_tribe_rsvp_for_event":"","_tribe_ticket_going_count":"","_tribe_ticket_not_going_count":"","_tribe_tickets_list":"[]","_tribe_ticket_has_attendee_info_fields":false,"_EventAllDay":false,"_EventTimezone":"","_EventStartDate":"","_EventEndDate":"","_EventStartDateUTC":"","_EventEndDateUTC":"","_EventShowMap":false,"_EventShowMapLink":false,"_EventURL":"","_EventCost":"","_EventCostDescription":"","_EventCurrencySymbol":"","_EventCurrencyCode":"","_EventCurrencyPosition":"","_EventDateTimeSeparator":"","_EventTimeRangeSeparator":"","_EventOrganizerID":[],"_EventVenueID":[],"_OrganizerEmail":"","_OrganizerPhone":"","_OrganizerWebsite":"","_VenueAddress":"","_VenueCity":"","_VenueCountry":"","_VenueProvince":"","_VenueState":"","_VenueZip":"","_VenuePhone":"","_VenueURL":"","_VenueStateProvince":"","_VenueLat":"","_VenueLng":"","_VenueShowMap":false,"_VenueShowMapLink":false},"product_brand":[],"product_cat":[44],"product_tag":[],"class_list":{"0":"post-2024","1":"product","2":"type-product","3":"status-publish","4":"has-post-thumbnail","6":"product_cat-pecasimplementosagricolas","8":"first","9":"instock","10":"shipping-taxable","11":"purchasable","12":"product-type-simple"},"jetpack_sharing_enabled":true,"_links":{"self":[{"href":"https:\/\/agriomac.com.br\/loja\/wp-json\/wp\/v2\/product\/2024","targetHints":{"allow":["GET"]}}],"collection":[{"href":"https:\/\/agriomac.com.br\/loja\/wp-json\/wp\/v2\/product"}],"about":[{"href":"https:\/\/agriomac.com.br\/loja\/wp-json\/wp\/v2\/types\/product"}],"replies":[{"embeddable":true,"href":"https:\/\/agriomac.com.br\/loja\/wp-json\/wp\/v2\/comments?post=2024"}],"version-history":[{"count":1,"href":"https:\/\/agriomac.com.br\/loja\/wp-json\/wp\/v2\/product\/2024\/revisions"}],"predecessor-version":[{"id":2025,"href":"https:\/\/agriomac.com.br\/loja\/wp-json\/wp\/v2\/product\/2024\/revisions\/2025"}],"wp:featuredmedia":[{"embeddable":true,"href":"https:\/\/agriomac.com.br\/loja\/wp-json\/wp\/v2\/media\/2006"}],"wp:attachment":[{"href":"https:\/\/agriomac.com.br\/loja\/wp-json\/wp\/v2\/media?parent=2024"}],"wp:term":[{"taxonomy":"product_brand","embeddable":true,"href":"https:\/\/agriomac.com.br\/loja\/wp-json\/wp\/v2\/product_brand?post=2024"},{"taxonomy":"product_cat","embeddable":true,"href":"https:\/\/agriomac.com.br\/loja\/wp-json\/wp\/v2\/product_cat?post=2024"},{"taxonomy":"product_tag","embeddable":true,"href":"https:\/\/agriomac.com.br\/loja\/wp-json\/wp\/v2\/product_tag?post=2024"}],"curies":[{"name":"wp","href":"https:\/\/api.w.org\/{rel}","templated":true}]}}