{"id":2029,"date":"2025-06-06T02:43:27","date_gmt":"2025-06-06T02:43:27","guid":{"rendered":"https:\/\/agriomac.com.br\/loja\/?post_type=product&#038;p=2029"},"modified":"2025-06-17T01:00:44","modified_gmt":"2025-06-17T01:00:44","slug":"dedo-retratil-sem-fim-plataforma-h169914","status":"publish","type":"product","link":"https:\/\/agriomac.com.br\/loja\/produto\/dedo-retratil-sem-fim-plataforma-h169914\/","title":{"rendered":"DEDO RETRATIL SEM FIM PLATAFORMA H169914"},"content":{"rendered":"<p data-start=\"7247\" data-end=\"7508\">O dedo retr\u00e1til modelo H169914 \u00e9 utilizado em plataformas com sistema sem fim (rosca helicoidal), sendo respons\u00e1vel por auxiliar no deslocamento do produto colhido at\u00e9 o centro da esteira. Possui retorno autom\u00e1tico e estrutura robusta.<\/p>\n<p data-start=\"7510\" data-end=\"7539\"><strong data-start=\"7510\" data-end=\"7539\">Caracter\u00edsticas t\u00e9cnicas:<\/strong><\/p>\n<ul data-start=\"7541\" data-end=\"7754\">\n<li data-start=\"7541\" data-end=\"7579\">\n<p data-start=\"7543\" data-end=\"7579\"><strong data-start=\"7543\" data-end=\"7552\">Tipo:<\/strong> Dedo retr\u00e1til helicoidal<\/p>\n<\/li>\n<li data-start=\"7580\" data-end=\"7603\">\n<p data-start=\"7582\" data-end=\"7603\"><strong data-start=\"7582\" data-end=\"7593\">C\u00f3digo:<\/strong> H169914<\/p>\n<\/li>\n<li data-start=\"7604\" data-end=\"7657\">\n<p data-start=\"7606\" data-end=\"7657\"><strong data-start=\"7606\" data-end=\"7619\">Material:<\/strong> A\u00e7o flex\u00edvel com tratamento t\u00e9rmico<\/p>\n<\/li>\n<li data-start=\"7658\" data-end=\"7689\">\n<p data-start=\"7660\" data-end=\"7689\"><strong data-start=\"7660\" data-end=\"7675\">Acabamento:<\/strong> Fosfatizado<\/p>\n<\/li>\n<li data-start=\"7690\" data-end=\"7754\">\n<p data-start=\"7692\" data-end=\"7754\"><strong data-start=\"7692\" data-end=\"7707\">Aplica\u00e7\u00f5es:<\/strong> Plataformas com sem fim (rosca transportadora)<\/p>\n<\/li>\n<\/ul>\n","protected":false},"excerpt":{"rendered":"<p data-start=\"7134\" data-end=\"7245\">Dedo retr\u00e1til sem fim plataforma H169914 \u2013 Ideal para transporte helicoidal de culturas.<\/p>\n<p data-start=\"7247\" data-end=\"7508\">\n","protected":false},"featured_media":2035,"comment_status":"open","ping_status":"closed","template":"","meta":{"_price":"39.99","_stock":"15","_tribe_ticket_header":"","_tribe_default_ticket_provider":"","_tribe_ticket_capacity":"15","_ticket_start_date":"","_ticket_end_date":"","_tribe_ticket_show_description":"","_tribe_ticket_show_not_going":false,"_tribe_ticket_use_global_stock":"","_tribe_ticket_global_stock_level":"","_global_stock_mode":"","_global_stock_cap":"","_tribe_rsvp_for_event":"","_tribe_ticket_going_count":"","_tribe_ticket_not_going_count":"","_tribe_tickets_list":"[]","_tribe_ticket_has_attendee_info_fields":false,"_EventAllDay":false,"_EventTimezone":"","_EventStartDate":"","_EventEndDate":"","_EventStartDateUTC":"","_EventEndDateUTC":"","_EventShowMap":false,"_EventShowMapLink":false,"_EventURL":"","_EventCost":"","_EventCostDescription":"","_EventCurrencySymbol":"","_EventCurrencyCode":"","_EventCurrencyPosition":"","_EventDateTimeSeparator":"","_EventTimeRangeSeparator":"","_EventOrganizerID":[],"_EventVenueID":[],"_OrganizerEmail":"","_OrganizerPhone":"","_OrganizerWebsite":"","_VenueAddress":"","_VenueCity":"","_VenueCountry":"","_VenueProvince":"","_VenueState":"","_VenueZip":"","_VenuePhone":"","_VenueURL":"","_VenueStateProvince":"","_VenueLat":"","_VenueLng":"","_VenueShowMap":false,"_VenueShowMapLink":false},"product_brand":[],"product_cat":[44],"product_tag":[],"class_list":{"0":"post-2029","1":"product","2":"type-product","3":"status-publish","4":"has-post-thumbnail","6":"product_cat-pecasimplementosagricolas","8":"first","9":"instock","10":"shipping-taxable","11":"purchasable","12":"product-type-simple"},"jetpack_sharing_enabled":true,"_links":{"self":[{"href":"https:\/\/agriomac.com.br\/loja\/wp-json\/wp\/v2\/product\/2029","targetHints":{"allow":["GET"]}}],"collection":[{"href":"https:\/\/agriomac.com.br\/loja\/wp-json\/wp\/v2\/product"}],"about":[{"href":"https:\/\/agriomac.com.br\/loja\/wp-json\/wp\/v2\/types\/product"}],"replies":[{"embeddable":true,"href":"https:\/\/agriomac.com.br\/loja\/wp-json\/wp\/v2\/comments?post=2029"}],"version-history":[{"count":1,"href":"https:\/\/agriomac.com.br\/loja\/wp-json\/wp\/v2\/product\/2029\/revisions"}],"predecessor-version":[{"id":2030,"href":"https:\/\/agriomac.com.br\/loja\/wp-json\/wp\/v2\/product\/2029\/revisions\/2030"}],"wp:featuredmedia":[{"embeddable":true,"href":"https:\/\/agriomac.com.br\/loja\/wp-json\/wp\/v2\/media\/2035"}],"wp:attachment":[{"href":"https:\/\/agriomac.com.br\/loja\/wp-json\/wp\/v2\/media?parent=2029"}],"wp:term":[{"taxonomy":"product_brand","embeddable":true,"href":"https:\/\/agriomac.com.br\/loja\/wp-json\/wp\/v2\/product_brand?post=2029"},{"taxonomy":"product_cat","embeddable":true,"href":"https:\/\/agriomac.com.br\/loja\/wp-json\/wp\/v2\/product_cat?post=2029"},{"taxonomy":"product_tag","embeddable":true,"href":"https:\/\/agriomac.com.br\/loja\/wp-json\/wp\/v2\/product_tag?post=2029"}],"curies":[{"name":"wp","href":"https:\/\/api.w.org\/{rel}","templated":true}]}}