{"id":2037,"date":"2025-06-06T03:00:45","date_gmt":"2025-06-06T03:00:45","guid":{"rendered":"https:\/\/agriomac.com.br\/loja\/?post_type=product&#038;p=2037"},"modified":"2025-10-09T00:04:12","modified_gmt":"2025-10-09T00:04:12","slug":"ponteira-da-haste-de-descompactacao-idc002000243","status":"publish","type":"product","link":"https:\/\/agriomac.com.br\/loja\/produto\/ponteira-da-haste-de-descompactacao-idc002000243\/","title":{"rendered":"PONTEIRA DA HASTE DE DESCOMPACTA\u00c7\u00c3O GTS &#8211; IDC002000243"},"content":{"rendered":"<p data-start=\"378\" data-end=\"725\">A Ponteira da Haste de Descompacta\u00e7\u00e3o modelo IDC002000243 para escarificador GTS \u00e9 utilizada em implementos agr\u00edcolas para descompacta\u00e7\u00e3o profunda do solo. Sua geometria e material de alta resist\u00eancia proporcionam durabilidade e efici\u00eancia no rompimento de camadas endurecidas, promovendo melhor aera\u00e7\u00e3o e desenvolvimento radicular das plantas.<\/p>\n<p data-start=\"727\" data-end=\"756\"><strong data-start=\"727\" data-end=\"756\">Caracter\u00edsticas t\u00e9cnicas:<\/strong><\/p>\n<ul data-start=\"758\" data-end=\"1062\">\n<li data-start=\"758\" data-end=\"809\">\n<p data-start=\"760\" data-end=\"809\"><strong data-start=\"760\" data-end=\"769\">Tipo:<\/strong> Ponteira de haste para descompactador<\/p>\n<\/li>\n<li data-start=\"810\" data-end=\"838\">\n<p data-start=\"812\" data-end=\"838\"><strong data-start=\"812\" data-end=\"823\">C\u00f3digo:<\/strong> IDC002000243<\/p>\n<\/li>\n<li data-start=\"839\" data-end=\"903\">\n<p data-start=\"841\" data-end=\"903\"><strong data-start=\"841\" data-end=\"854\">Material:<\/strong> A\u00e7o de alta resist\u00eancia com tratamento t\u00e9rmico<\/p>\n<\/li>\n<li data-start=\"904\" data-end=\"945\">\n<p data-start=\"906\" data-end=\"945\"><strong data-start=\"906\" data-end=\"921\">Acabamento:<\/strong> Pintura anticorrosiva<\/p>\n<\/li>\n<li data-start=\"946\" data-end=\"989\">\n<p data-start=\"948\" data-end=\"989\"><strong data-start=\"948\" data-end=\"960\">Fixa\u00e7\u00e3o:<\/strong> Furo central para parafuso<\/p>\n<\/li>\n<li data-start=\"990\" data-end=\"1062\">\n<p data-start=\"992\" data-end=\"1062\"><strong data-start=\"992\" data-end=\"1007\">Aplica\u00e7\u00f5es:<\/strong> Implementos de preparo profundo do solo (subsoladores)<\/p>\n<\/li>\n<\/ul>\n","protected":false},"excerpt":{"rendered":"<p data-start=\"233\" data-end=\"376\">Ponteira para haste de descompactador \u2013 Modelo IDC002000243, projetada para rompimento de solo duro com alta efici\u00eancia.<\/p>\n<p data-start=\"378\" data-end=\"725\">\n","protected":false},"featured_media":2046,"comment_status":"open","ping_status":"closed","template":"","meta":{"_price":"299.90","_stock":"7","_tribe_ticket_header":"","_tribe_default_ticket_provider":"","_tribe_ticket_capacity":"10","_ticket_start_date":"","_ticket_end_date":"","_tribe_ticket_show_description":"","_tribe_ticket_show_not_going":false,"_tribe_ticket_use_global_stock":"","_tribe_ticket_global_stock_level":"","_global_stock_mode":"","_global_stock_cap":"","_tribe_rsvp_for_event":"","_tribe_ticket_going_count":"","_tribe_ticket_not_going_count":"","_tribe_tickets_list":"[]","_tribe_ticket_has_attendee_info_fields":false,"_EventAllDay":false,"_EventTimezone":"","_EventStartDate":"","_EventEndDate":"","_EventStartDateUTC":"","_EventEndDateUTC":"","_EventShowMap":false,"_EventShowMapLink":false,"_EventURL":"","_EventCost":"","_EventCostDescription":"","_EventCurrencySymbol":"","_EventCurrencyCode":"","_EventCurrencyPosition":"","_EventDateTimeSeparator":"","_EventTimeRangeSeparator":"","_EventOrganizerID":[],"_EventVenueID":[],"_OrganizerEmail":"","_OrganizerPhone":"","_OrganizerWebsite":"","_VenueAddress":"","_VenueCity":"","_VenueCountry":"","_VenueProvince":"","_VenueState":"","_VenueZip":"","_VenuePhone":"","_VenueURL":"","_VenueStateProvince":"","_VenueLat":"","_VenueLng":"","_VenueShowMap":false,"_VenueShowMapLink":false},"product_brand":[],"product_cat":[44],"product_tag":[],"class_list":{"0":"post-2037","1":"product","2":"type-product","3":"status-publish","4":"has-post-thumbnail","6":"product_cat-pecasimplementosagricolas","8":"first","9":"instock","10":"shipping-taxable","11":"purchasable","12":"product-type-simple"},"jetpack_sharing_enabled":true,"_links":{"self":[{"href":"https:\/\/agriomac.com.br\/loja\/wp-json\/wp\/v2\/product\/2037","targetHints":{"allow":["GET"]}}],"collection":[{"href":"https:\/\/agriomac.com.br\/loja\/wp-json\/wp\/v2\/product"}],"about":[{"href":"https:\/\/agriomac.com.br\/loja\/wp-json\/wp\/v2\/types\/product"}],"replies":[{"embeddable":true,"href":"https:\/\/agriomac.com.br\/loja\/wp-json\/wp\/v2\/comments?post=2037"}],"version-history":[{"count":4,"href":"https:\/\/agriomac.com.br\/loja\/wp-json\/wp\/v2\/product\/2037\/revisions"}],"predecessor-version":[{"id":2838,"href":"https:\/\/agriomac.com.br\/loja\/wp-json\/wp\/v2\/product\/2037\/revisions\/2838"}],"wp:featuredmedia":[{"embeddable":true,"href":"https:\/\/agriomac.com.br\/loja\/wp-json\/wp\/v2\/media\/2046"}],"wp:attachment":[{"href":"https:\/\/agriomac.com.br\/loja\/wp-json\/wp\/v2\/media?parent=2037"}],"wp:term":[{"taxonomy":"product_brand","embeddable":true,"href":"https:\/\/agriomac.com.br\/loja\/wp-json\/wp\/v2\/product_brand?post=2037"},{"taxonomy":"product_cat","embeddable":true,"href":"https:\/\/agriomac.com.br\/loja\/wp-json\/wp\/v2\/product_cat?post=2037"},{"taxonomy":"product_tag","embeddable":true,"href":"https:\/\/agriomac.com.br\/loja\/wp-json\/wp\/v2\/product_tag?post=2037"}],"curies":[{"name":"wp","href":"https:\/\/api.w.org\/{rel}","templated":true}]}}