{"id":2042,"date":"2025-06-06T03:02:15","date_gmt":"2025-06-06T03:02:15","guid":{"rendered":"https:\/\/agriomac.com.br\/loja\/?post_type=product&#038;p=2042"},"modified":"2025-06-06T03:41:33","modified_gmt":"2025-06-06T03:41:33","slug":"tampao-pvc-femea-para-engate-macho-1-2","status":"publish","type":"product","link":"https:\/\/agriomac.com.br\/loja\/produto\/tampao-pvc-femea-para-engate-macho-1-2\/","title":{"rendered":"TAMP\u00c3O PVC F\u00caMEA PARA ENGATE MACHO 1\/2 &#8211; C\/2UN"},"content":{"rendered":"<p data-start=\"2120\" data-end=\"2442\">O Tamp\u00e3o F\u00eamea de PVC para engates hidr\u00e1ulicos 1\/2&#8243; \u00e9 utilizado para proteger as conex\u00f5es macho contra poeira, umidade e contamina\u00e7\u00f5es quando fora de uso. Flex\u00edvel, resistente e com al\u00e7a de fixa\u00e7\u00e3o, \u00e9 ideal para preservar a vida \u00fatil do sistema hidr\u00e1ulico em equipamentos agr\u00edcolas e industriais.<\/p>\n<p data-start=\"2444\" data-end=\"2473\"><strong data-start=\"2444\" data-end=\"2473\">Caracter\u00edsticas t\u00e9cnicas:<\/strong><\/p>\n<ul data-start=\"2475\" data-end=\"2761\">\n<li data-start=\"2475\" data-end=\"2519\">\n<p data-start=\"2477\" data-end=\"2519\"><strong data-start=\"2477\" data-end=\"2486\">Tipo:<\/strong> Tamp\u00e3o f\u00eamea para engate macho<\/p>\n<\/li>\n<li data-start=\"2520\" data-end=\"2576\">\n<p data-start=\"2522\" data-end=\"2576\"><strong data-start=\"2522\" data-end=\"2543\">Di\u00e2metro interno:<\/strong> Compat\u00edvel com engates de 1\/2&#8243;<\/p>\n<\/li>\n<li data-start=\"2577\" data-end=\"2628\">\n<p data-start=\"2579\" data-end=\"2628\"><strong data-start=\"2579\" data-end=\"2592\">Material:<\/strong> PVC flex\u00edvel de alta durabilidade<\/p>\n<\/li>\n<li data-start=\"2629\" data-end=\"2650\">\n<p data-start=\"2631\" data-end=\"2650\"><strong data-start=\"2631\" data-end=\"2639\">Cor:<\/strong> Vermelho<\/p>\n<\/li>\n<li data-start=\"2651\" data-end=\"2696\">\n<p data-start=\"2653\" data-end=\"2696\"><strong data-start=\"2653\" data-end=\"2668\">Acabamento:<\/strong> Liso com al\u00e7a de reten\u00e7\u00e3o<\/p>\n<\/li>\n<li data-start=\"2697\" data-end=\"2761\">\n<p data-start=\"2699\" data-end=\"2761\"><strong data-start=\"2699\" data-end=\"2714\">Aplica\u00e7\u00f5es:<\/strong> Prote\u00e7\u00e3o de conex\u00f5es hidr\u00e1ulicas e pneum\u00e1ticas<\/p>\n<\/li>\n<\/ul>\n","protected":false},"excerpt":{"rendered":"<p data-start=\"2021\" data-end=\"2118\">Tamp\u00e3o de PVC f\u00eamea com al\u00e7a \u2013 Prote\u00e7\u00e3o para engate hidr\u00e1ulico macho 1\/2&#8243;.<\/p>\n<p data-start=\"2120\" data-end=\"2442\">\n","protected":false},"featured_media":2048,"comment_status":"open","ping_status":"closed","template":"","meta":{"_price":"24","_stock":"2","_tribe_ticket_header":"","_tribe_default_ticket_provider":"","_tribe_ticket_capacity":"2","_ticket_start_date":"","_ticket_end_date":"","_tribe_ticket_show_description":"","_tribe_ticket_show_not_going":false,"_tribe_ticket_use_global_stock":"","_tribe_ticket_global_stock_level":"","_global_stock_mode":"","_global_stock_cap":"","_tribe_rsvp_for_event":"","_tribe_ticket_going_count":"","_tribe_ticket_not_going_count":"","_tribe_tickets_list":"[]","_tribe_ticket_has_attendee_info_fields":false,"_EventAllDay":false,"_EventTimezone":"","_EventStartDate":"","_EventEndDate":"","_EventStartDateUTC":"","_EventEndDateUTC":"","_EventShowMap":false,"_EventShowMapLink":false,"_EventURL":"","_EventCost":"","_EventCostDescription":"","_EventCurrencySymbol":"","_EventCurrencyCode":"","_EventCurrencyPosition":"","_EventDateTimeSeparator":"","_EventTimeRangeSeparator":"","_EventOrganizerID":[],"_EventVenueID":[],"_OrganizerEmail":"","_OrganizerPhone":"","_OrganizerWebsite":"","_VenueAddress":"","_VenueCity":"","_VenueCountry":"","_VenueProvince":"","_VenueState":"","_VenueZip":"","_VenuePhone":"","_VenueURL":"","_VenueStateProvince":"","_VenueLat":"","_VenueLng":"","_VenueShowMap":false,"_VenueShowMapLink":false},"product_brand":[],"product_cat":[42],"product_tag":[],"class_list":{"0":"post-2042","1":"product","2":"type-product","3":"status-publish","4":"has-post-thumbnail","6":"product_cat-mangueiraseconexoes","8":"first","9":"instock","10":"shipping-taxable","11":"purchasable","12":"product-type-simple"},"jetpack_sharing_enabled":true,"_links":{"self":[{"href":"https:\/\/agriomac.com.br\/loja\/wp-json\/wp\/v2\/product\/2042","targetHints":{"allow":["GET"]}}],"collection":[{"href":"https:\/\/agriomac.com.br\/loja\/wp-json\/wp\/v2\/product"}],"about":[{"href":"https:\/\/agriomac.com.br\/loja\/wp-json\/wp\/v2\/types\/product"}],"replies":[{"embeddable":true,"href":"https:\/\/agriomac.com.br\/loja\/wp-json\/wp\/v2\/comments?post=2042"}],"version-history":[{"count":2,"href":"https:\/\/agriomac.com.br\/loja\/wp-json\/wp\/v2\/product\/2042\/revisions"}],"predecessor-version":[{"id":2052,"href":"https:\/\/agriomac.com.br\/loja\/wp-json\/wp\/v2\/product\/2042\/revisions\/2052"}],"wp:featuredmedia":[{"embeddable":true,"href":"https:\/\/agriomac.com.br\/loja\/wp-json\/wp\/v2\/media\/2048"}],"wp:attachment":[{"href":"https:\/\/agriomac.com.br\/loja\/wp-json\/wp\/v2\/media?parent=2042"}],"wp:term":[{"taxonomy":"product_brand","embeddable":true,"href":"https:\/\/agriomac.com.br\/loja\/wp-json\/wp\/v2\/product_brand?post=2042"},{"taxonomy":"product_cat","embeddable":true,"href":"https:\/\/agriomac.com.br\/loja\/wp-json\/wp\/v2\/product_cat?post=2042"},{"taxonomy":"product_tag","embeddable":true,"href":"https:\/\/agriomac.com.br\/loja\/wp-json\/wp\/v2\/product_tag?post=2042"}],"curies":[{"name":"wp","href":"https:\/\/api.w.org\/{rel}","templated":true}]}}