{"id":2055,"date":"2025-06-06T03:44:07","date_gmt":"2025-06-06T03:44:07","guid":{"rendered":"https:\/\/agriomac.com.br\/loja\/?post_type=product&#038;p=2055"},"modified":"2025-06-06T16:09:47","modified_gmt":"2025-06-06T16:09:47","slug":"terminal-banjo16-mm-cr1-2-cod125h","status":"publish","type":"product","link":"https:\/\/agriomac.com.br\/loja\/produto\/terminal-banjo16-mm-cr1-2-cod125h\/","title":{"rendered":"TERMINAL BANJO16 MM CR1\/2&#8243; &#8211; COD125H"},"content":{"rendered":"<p data-start=\"1805\" data-end=\"2017\">O terminal tipo banjo \u00e9 utilizado para conex\u00f5es em locais de dif\u00edcil acesso ou com pouco espa\u00e7o, comum em sistemas de freio, hidr\u00e1ulica e dire\u00e7\u00e3o. Permite giro do conjunto ap\u00f3s montagem.<\/p>\n<p data-start=\"2019\" data-end=\"2048\"><strong data-start=\"2019\" data-end=\"2048\">Caracter\u00edsticas t\u00e9cnicas:<\/strong><\/p>\n<ul data-start=\"2049\" data-end=\"2247\">\n<li data-start=\"2049\" data-end=\"2073\">\n<p data-start=\"2051\" data-end=\"2073\">Tipo: Terminal banjo<\/p>\n<\/li>\n<li data-start=\"2074\" data-end=\"2101\">\n<p data-start=\"2076\" data-end=\"2101\">Di\u00e2metro do furo: 16 mm<\/p>\n<\/li>\n<li data-start=\"2102\" data-end=\"2133\">\n<p data-start=\"2104\" data-end=\"2133\">Di\u00e2metro da mangueira: 1\/2&#8243;<\/p>\n<\/li>\n<li data-start=\"2134\" data-end=\"2159\">\n<p data-start=\"2136\" data-end=\"2159\">Material: A\u00e7o carbono<\/p>\n<\/li>\n<li data-start=\"2160\" data-end=\"2183\">\n<p data-start=\"2162\" data-end=\"2183\">Acabamento: Zincado<\/p>\n<\/li>\n<li data-start=\"2184\" data-end=\"2247\">\n<p data-start=\"2186\" data-end=\"2247\">Aplica\u00e7\u00f5es: Linhas hidr\u00e1ulicas, sistemas de dire\u00e7\u00e3o, tratores<\/p>\n<\/li>\n<\/ul>\n","protected":false},"excerpt":{"rendered":"<p data-start=\"1698\" data-end=\"1803\">Terminal banjo 16mm para mangueira 1\/2&#8243; \u2013 Compacto e ideal para espa\u00e7os reduzidos.<\/p>\n<p data-start=\"1805\" data-end=\"2017\">\n","protected":false},"featured_media":2106,"comment_status":"open","ping_status":"closed","template":"","meta":{"_price":"25","_stock":"10","_tribe_ticket_header":"","_tribe_default_ticket_provider":"","_tribe_ticket_capacity":"10","_ticket_start_date":"","_ticket_end_date":"","_tribe_ticket_show_description":"","_tribe_ticket_show_not_going":false,"_tribe_ticket_use_global_stock":"","_tribe_ticket_global_stock_level":"","_global_stock_mode":"","_global_stock_cap":"","_tribe_rsvp_for_event":"","_tribe_ticket_going_count":"","_tribe_ticket_not_going_count":"","_tribe_tickets_list":"[]","_tribe_ticket_has_attendee_info_fields":false,"_EventAllDay":false,"_EventTimezone":"","_EventStartDate":"","_EventEndDate":"","_EventStartDateUTC":"","_EventEndDateUTC":"","_EventShowMap":false,"_EventShowMapLink":false,"_EventURL":"","_EventCost":"","_EventCostDescription":"","_EventCurrencySymbol":"","_EventCurrencyCode":"","_EventCurrencyPosition":"","_EventDateTimeSeparator":"","_EventTimeRangeSeparator":"","_EventOrganizerID":[],"_EventVenueID":[],"_OrganizerEmail":"","_OrganizerPhone":"","_OrganizerWebsite":"","_VenueAddress":"","_VenueCity":"","_VenueCountry":"","_VenueProvince":"","_VenueState":"","_VenueZip":"","_VenuePhone":"","_VenueURL":"","_VenueStateProvince":"","_VenueLat":"","_VenueLng":"","_VenueShowMap":false,"_VenueShowMapLink":false},"product_brand":[],"product_cat":[42],"product_tag":[],"class_list":{"0":"post-2055","1":"product","2":"type-product","3":"status-publish","4":"has-post-thumbnail","6":"product_cat-mangueiraseconexoes","8":"first","9":"instock","10":"shipping-taxable","11":"purchasable","12":"product-type-simple"},"jetpack_sharing_enabled":true,"_links":{"self":[{"href":"https:\/\/agriomac.com.br\/loja\/wp-json\/wp\/v2\/product\/2055","targetHints":{"allow":["GET"]}}],"collection":[{"href":"https:\/\/agriomac.com.br\/loja\/wp-json\/wp\/v2\/product"}],"about":[{"href":"https:\/\/agriomac.com.br\/loja\/wp-json\/wp\/v2\/types\/product"}],"replies":[{"embeddable":true,"href":"https:\/\/agriomac.com.br\/loja\/wp-json\/wp\/v2\/comments?post=2055"}],"version-history":[{"count":1,"href":"https:\/\/agriomac.com.br\/loja\/wp-json\/wp\/v2\/product\/2055\/revisions"}],"predecessor-version":[{"id":2056,"href":"https:\/\/agriomac.com.br\/loja\/wp-json\/wp\/v2\/product\/2055\/revisions\/2056"}],"wp:featuredmedia":[{"embeddable":true,"href":"https:\/\/agriomac.com.br\/loja\/wp-json\/wp\/v2\/media\/2106"}],"wp:attachment":[{"href":"https:\/\/agriomac.com.br\/loja\/wp-json\/wp\/v2\/media?parent=2055"}],"wp:term":[{"taxonomy":"product_brand","embeddable":true,"href":"https:\/\/agriomac.com.br\/loja\/wp-json\/wp\/v2\/product_brand?post=2055"},{"taxonomy":"product_cat","embeddable":true,"href":"https:\/\/agriomac.com.br\/loja\/wp-json\/wp\/v2\/product_cat?post=2055"},{"taxonomy":"product_tag","embeddable":true,"href":"https:\/\/agriomac.com.br\/loja\/wp-json\/wp\/v2\/product_tag?post=2055"}],"curies":[{"name":"wp","href":"https:\/\/api.w.org\/{rel}","templated":true}]}}