{"id":2057,"date":"2025-06-06T03:44:41","date_gmt":"2025-06-06T03:44:41","guid":{"rendered":"https:\/\/agriomac.com.br\/loja\/?post_type=product&#038;p=2057"},"modified":"2025-06-06T16:05:45","modified_gmt":"2025-06-06T16:05:45","slug":"terminal-c-45-f-1-1-16-jic-cr3-4-cod72h","status":"publish","type":"product","link":"https:\/\/agriomac.com.br\/loja\/produto\/terminal-c-45-f-1-1-16-jic-cr3-4-cod72h\/","title":{"rendered":"TERMINAL C 45 F 1.1\/16&#8243; JIC CR3\/4&#8243; &#8211; COD72H"},"content":{"rendered":"<p data-start=\"2458\" data-end=\"2629\">Terminal curvo em 45 graus com rosca JIC 1.1\/16&#8243;, permite desvio angular em circuitos hidr\u00e1ulicos. Aplic\u00e1vel em sistemas de m\u00e9dia e alta press\u00e3o.<\/p>\n<p data-start=\"2631\" data-end=\"2660\"><strong data-start=\"2631\" data-end=\"2660\">Caracter\u00edsticas t\u00e9cnicas:<\/strong><\/p>\n<ul data-start=\"2661\" data-end=\"2845\">\n<li data-start=\"2661\" data-end=\"2683\">\n<p data-start=\"2663\" data-end=\"2683\">Tipo: Terminal 45\u00b0<\/p>\n<\/li>\n<li data-start=\"2684\" data-end=\"2706\">\n<p data-start=\"2686\" data-end=\"2706\">Rosca: 1.1\/16&#8243; JIC<\/p>\n<\/li>\n<li data-start=\"2707\" data-end=\"2726\">\n<p data-start=\"2709\" data-end=\"2726\">Mangueira: 3\/4&#8243;<\/p>\n<\/li>\n<li data-start=\"2727\" data-end=\"2752\">\n<p data-start=\"2729\" data-end=\"2752\">Material: A\u00e7o carbono<\/p>\n<\/li>\n<li data-start=\"2753\" data-end=\"2776\">\n<p data-start=\"2755\" data-end=\"2776\">Acabamento: Zincado<\/p>\n<\/li>\n<li data-start=\"2777\" data-end=\"2845\">\n<p data-start=\"2779\" data-end=\"2845\">Aplica\u00e7\u00f5es: Sistemas hidr\u00e1ulicos em implementos e m\u00e1quinas pesadas<\/p>\n<\/li>\n<\/ul>\n","protected":false},"excerpt":{"rendered":"<p data-start=\"2352\" data-end=\"2456\">Terminal curvo 45\u00b0 JIC 1.1\/16&#8243; para mangueira 3\/4&#8243;, ideal para ajustes de \u00e2ngulo.<\/p>\n<p data-start=\"2458\" data-end=\"2629\">\n","protected":false},"featured_media":2104,"comment_status":"open","ping_status":"closed","template":"","meta":{"_price":"29","_stock":"10","_tribe_ticket_header":"","_tribe_default_ticket_provider":"","_tribe_ticket_capacity":"10","_ticket_start_date":"","_ticket_end_date":"","_tribe_ticket_show_description":"","_tribe_ticket_show_not_going":false,"_tribe_ticket_use_global_stock":"","_tribe_ticket_global_stock_level":"","_global_stock_mode":"","_global_stock_cap":"","_tribe_rsvp_for_event":"","_tribe_ticket_going_count":"","_tribe_ticket_not_going_count":"","_tribe_tickets_list":"[]","_tribe_ticket_has_attendee_info_fields":false,"_EventAllDay":false,"_EventTimezone":"","_EventStartDate":"","_EventEndDate":"","_EventStartDateUTC":"","_EventEndDateUTC":"","_EventShowMap":false,"_EventShowMapLink":false,"_EventURL":"","_EventCost":"","_EventCostDescription":"","_EventCurrencySymbol":"","_EventCurrencyCode":"","_EventCurrencyPosition":"","_EventDateTimeSeparator":"","_EventTimeRangeSeparator":"","_EventOrganizerID":[],"_EventVenueID":[],"_OrganizerEmail":"","_OrganizerPhone":"","_OrganizerWebsite":"","_VenueAddress":"","_VenueCity":"","_VenueCountry":"","_VenueProvince":"","_VenueState":"","_VenueZip":"","_VenuePhone":"","_VenueURL":"","_VenueStateProvince":"","_VenueLat":"","_VenueLng":"","_VenueShowMap":false,"_VenueShowMapLink":false},"product_brand":[],"product_cat":[42],"product_tag":[],"class_list":{"0":"post-2057","1":"product","2":"type-product","3":"status-publish","4":"has-post-thumbnail","6":"product_cat-mangueiraseconexoes","8":"first","9":"instock","10":"shipping-taxable","11":"purchasable","12":"product-type-simple"},"jetpack_sharing_enabled":true,"_links":{"self":[{"href":"https:\/\/agriomac.com.br\/loja\/wp-json\/wp\/v2\/product\/2057","targetHints":{"allow":["GET"]}}],"collection":[{"href":"https:\/\/agriomac.com.br\/loja\/wp-json\/wp\/v2\/product"}],"about":[{"href":"https:\/\/agriomac.com.br\/loja\/wp-json\/wp\/v2\/types\/product"}],"replies":[{"embeddable":true,"href":"https:\/\/agriomac.com.br\/loja\/wp-json\/wp\/v2\/comments?post=2057"}],"version-history":[{"count":1,"href":"https:\/\/agriomac.com.br\/loja\/wp-json\/wp\/v2\/product\/2057\/revisions"}],"predecessor-version":[{"id":2058,"href":"https:\/\/agriomac.com.br\/loja\/wp-json\/wp\/v2\/product\/2057\/revisions\/2058"}],"wp:featuredmedia":[{"embeddable":true,"href":"https:\/\/agriomac.com.br\/loja\/wp-json\/wp\/v2\/media\/2104"}],"wp:attachment":[{"href":"https:\/\/agriomac.com.br\/loja\/wp-json\/wp\/v2\/media?parent=2057"}],"wp:term":[{"taxonomy":"product_brand","embeddable":true,"href":"https:\/\/agriomac.com.br\/loja\/wp-json\/wp\/v2\/product_brand?post=2057"},{"taxonomy":"product_cat","embeddable":true,"href":"https:\/\/agriomac.com.br\/loja\/wp-json\/wp\/v2\/product_cat?post=2057"},{"taxonomy":"product_tag","embeddable":true,"href":"https:\/\/agriomac.com.br\/loja\/wp-json\/wp\/v2\/product_tag?post=2057"}],"curies":[{"name":"wp","href":"https:\/\/api.w.org\/{rel}","templated":true}]}}