{"id":2059,"date":"2025-06-06T03:45:15","date_gmt":"2025-06-06T03:45:15","guid":{"rendered":"https:\/\/agriomac.com.br\/loja\/?post_type=product&#038;p=2059"},"modified":"2025-06-06T15:57:40","modified_gmt":"2025-06-06T15:57:40","slug":"terminal-macho-1-7-16-orfs-4sp-3-4-cod48h","status":"publish","type":"product","link":"https:\/\/agriomac.com.br\/loja\/produto\/terminal-macho-1-7-16-orfs-4sp-3-4-cod48h\/","title":{"rendered":"TERMINAL MACHO 1.7\/16&#8243; ORFS 4SP 3\/4&#8243; &#8211; COD48H"},"content":{"rendered":"<p data-start=\"3050\" data-end=\"3246\">Projetado para aplica\u00e7\u00f5es robustas, este terminal ORFS possui rosca macho 1.7\/16&#8243; e encaixe para mangueira 4SP 3\/4&#8243;. Seu vedamento face plana oferece desempenho superior.<\/p>\n<p data-start=\"3248\" data-end=\"3277\"><strong data-start=\"3248\" data-end=\"3277\">Caracter\u00edsticas t\u00e9cnicas:<\/strong><\/p>\n<ul data-start=\"3278\" data-end=\"3443\">\n<li data-start=\"3278\" data-end=\"3312\">\n<p data-start=\"3280\" data-end=\"3312\">Tipo: Terminal macho reto ORFS<\/p>\n<\/li>\n<li data-start=\"3313\" data-end=\"3335\">\n<p data-start=\"3315\" data-end=\"3335\">Rosca: 1.7\/16&#8243; UNF<\/p>\n<\/li>\n<li data-start=\"3336\" data-end=\"3359\">\n<p data-start=\"3338\" data-end=\"3359\">Mangueira: 3\/4&#8243; 4SP<\/p>\n<\/li>\n<li data-start=\"3360\" data-end=\"3385\">\n<p data-start=\"3362\" data-end=\"3385\">Material: A\u00e7o carbono<\/p>\n<\/li>\n<li data-start=\"3386\" data-end=\"3443\">\n<p data-start=\"3388\" data-end=\"3443\">Aplica\u00e7\u00f5es: Linhas de alta press\u00e3o e retorno hidr\u00e1ulico<\/p>\n<\/li>\n<\/ul>\n","protected":false},"excerpt":{"rendered":"<p data-start=\"2952\" data-end=\"3048\">Terminal macho ORFS 1.7\/16&#8243; para mangueira 3\/4&#8243;, ideal para alta press\u00e3o.<\/p>\n<p data-start=\"3050\" data-end=\"3246\">\n","protected":false},"featured_media":2100,"comment_status":"open","ping_status":"closed","template":"","meta":{"_price":"53","_stock":"10","_tribe_ticket_header":"","_tribe_default_ticket_provider":"","_tribe_ticket_capacity":"10","_ticket_start_date":"","_ticket_end_date":"","_tribe_ticket_show_description":"","_tribe_ticket_show_not_going":false,"_tribe_ticket_use_global_stock":"","_tribe_ticket_global_stock_level":"","_global_stock_mode":"","_global_stock_cap":"","_tribe_rsvp_for_event":"","_tribe_ticket_going_count":"","_tribe_ticket_not_going_count":"","_tribe_tickets_list":"[]","_tribe_ticket_has_attendee_info_fields":false,"_EventAllDay":false,"_EventTimezone":"","_EventStartDate":"","_EventEndDate":"","_EventStartDateUTC":"","_EventEndDateUTC":"","_EventShowMap":false,"_EventShowMapLink":false,"_EventURL":"","_EventCost":"","_EventCostDescription":"","_EventCurrencySymbol":"","_EventCurrencyCode":"","_EventCurrencyPosition":"","_EventDateTimeSeparator":"","_EventTimeRangeSeparator":"","_EventOrganizerID":[],"_EventVenueID":[],"_OrganizerEmail":"","_OrganizerPhone":"","_OrganizerWebsite":"","_VenueAddress":"","_VenueCity":"","_VenueCountry":"","_VenueProvince":"","_VenueState":"","_VenueZip":"","_VenuePhone":"","_VenueURL":"","_VenueStateProvince":"","_VenueLat":"","_VenueLng":"","_VenueShowMap":false,"_VenueShowMapLink":false},"product_brand":[],"product_cat":[42],"product_tag":[],"class_list":{"0":"post-2059","1":"product","2":"type-product","3":"status-publish","4":"has-post-thumbnail","6":"product_cat-mangueiraseconexoes","8":"first","9":"instock","10":"shipping-taxable","11":"purchasable","12":"product-type-simple"},"jetpack_sharing_enabled":true,"_links":{"self":[{"href":"https:\/\/agriomac.com.br\/loja\/wp-json\/wp\/v2\/product\/2059","targetHints":{"allow":["GET"]}}],"collection":[{"href":"https:\/\/agriomac.com.br\/loja\/wp-json\/wp\/v2\/product"}],"about":[{"href":"https:\/\/agriomac.com.br\/loja\/wp-json\/wp\/v2\/types\/product"}],"replies":[{"embeddable":true,"href":"https:\/\/agriomac.com.br\/loja\/wp-json\/wp\/v2\/comments?post=2059"}],"version-history":[{"count":1,"href":"https:\/\/agriomac.com.br\/loja\/wp-json\/wp\/v2\/product\/2059\/revisions"}],"predecessor-version":[{"id":2060,"href":"https:\/\/agriomac.com.br\/loja\/wp-json\/wp\/v2\/product\/2059\/revisions\/2060"}],"wp:featuredmedia":[{"embeddable":true,"href":"https:\/\/agriomac.com.br\/loja\/wp-json\/wp\/v2\/media\/2100"}],"wp:attachment":[{"href":"https:\/\/agriomac.com.br\/loja\/wp-json\/wp\/v2\/media?parent=2059"}],"wp:term":[{"taxonomy":"product_brand","embeddable":true,"href":"https:\/\/agriomac.com.br\/loja\/wp-json\/wp\/v2\/product_brand?post=2059"},{"taxonomy":"product_cat","embeddable":true,"href":"https:\/\/agriomac.com.br\/loja\/wp-json\/wp\/v2\/product_cat?post=2059"},{"taxonomy":"product_tag","embeddable":true,"href":"https:\/\/agriomac.com.br\/loja\/wp-json\/wp\/v2\/product_tag?post=2059"}],"curies":[{"name":"wp","href":"https:\/\/api.w.org\/{rel}","templated":true}]}}