{"id":2063,"date":"2025-06-06T03:46:40","date_gmt":"2025-06-06T03:46:40","guid":{"rendered":"https:\/\/agriomac.com.br\/loja\/?post_type=product&#038;p=2063"},"modified":"2025-06-06T15:53:37","modified_gmt":"2025-06-06T15:53:37","slug":"terminal-conexao-sos-cr5-8-cod31h","status":"publish","type":"product","link":"https:\/\/agriomac.com.br\/loja\/produto\/terminal-conexao-sos-cr5-8-cod31h\/","title":{"rendered":"TERMINAL CONEX\u00c3O SOS CR5\/8&#8243; &#8211; COD31H"},"content":{"rendered":"<p data-start=\"829\" data-end=\"1021\">Conex\u00e3o do tipo SOS (possivelmente padr\u00e3o de servi\u00e7o ou veda\u00e7\u00e3o especial), indicada para uso t\u00e9cnico em reposi\u00e7\u00f5es r\u00e1pidas. Encaixe com precis\u00e3o para mangueiras 5\/8&#8243;.<\/p>\n<p data-start=\"1023\" data-end=\"1052\"><strong data-start=\"1023\" data-end=\"1052\">Caracter\u00edsticas t\u00e9cnicas:<\/strong><\/p>\n<ul data-start=\"1053\" data-end=\"1219\">\n<li data-start=\"1053\" data-end=\"1086\">\n<p data-start=\"1055\" data-end=\"1086\">Tipo: Terminal especial (SOS)<\/p>\n<\/li>\n<li data-start=\"1087\" data-end=\"1118\">\n<p data-start=\"1089\" data-end=\"1118\">Di\u00e2metro da mangueira: 5\/8&#8243;<\/p>\n<\/li>\n<li data-start=\"1119\" data-end=\"1144\">\n<p data-start=\"1121\" data-end=\"1144\">Material: A\u00e7o carbono<\/p>\n<\/li>\n<li data-start=\"1145\" data-end=\"1168\">\n<p data-start=\"1147\" data-end=\"1168\">Acabamento: Zincado<\/p>\n<\/li>\n<li data-start=\"1169\" data-end=\"1219\">\n<p data-start=\"1171\" data-end=\"1219\">Aplica\u00e7\u00f5es: Equipamentos agr\u00edcolas e industriais<\/p>\n<\/li>\n<\/ul>\n","protected":false},"excerpt":{"rendered":"<p data-start=\"718\" data-end=\"827\">Terminal conex\u00e3o SOS 5\/8&#8243; \u2013 Utilizado em mangueiras hidr\u00e1ulicas com perfil espec\u00edfico.<\/p>\n<p data-start=\"829\" data-end=\"1021\">\n","protected":false},"featured_media":2098,"comment_status":"open","ping_status":"closed","template":"","meta":{"_price":"18.42","_stock":"10","_tribe_ticket_header":"","_tribe_default_ticket_provider":"","_tribe_ticket_capacity":"10","_ticket_start_date":"","_ticket_end_date":"","_tribe_ticket_show_description":"","_tribe_ticket_show_not_going":false,"_tribe_ticket_use_global_stock":"","_tribe_ticket_global_stock_level":"","_global_stock_mode":"","_global_stock_cap":"","_tribe_rsvp_for_event":"","_tribe_ticket_going_count":"","_tribe_ticket_not_going_count":"","_tribe_tickets_list":"[]","_tribe_ticket_has_attendee_info_fields":false,"_EventAllDay":false,"_EventTimezone":"","_EventStartDate":"","_EventEndDate":"","_EventStartDateUTC":"","_EventEndDateUTC":"","_EventShowMap":false,"_EventShowMapLink":false,"_EventURL":"","_EventCost":"","_EventCostDescription":"","_EventCurrencySymbol":"","_EventCurrencyCode":"","_EventCurrencyPosition":"","_EventDateTimeSeparator":"","_EventTimeRangeSeparator":"","_EventOrganizerID":[],"_EventVenueID":[],"_OrganizerEmail":"","_OrganizerPhone":"","_OrganizerWebsite":"","_VenueAddress":"","_VenueCity":"","_VenueCountry":"","_VenueProvince":"","_VenueState":"","_VenueZip":"","_VenuePhone":"","_VenueURL":"","_VenueStateProvince":"","_VenueLat":"","_VenueLng":"","_VenueShowMap":false,"_VenueShowMapLink":false},"product_brand":[],"product_cat":[42],"product_tag":[],"class_list":{"0":"post-2063","1":"product","2":"type-product","3":"status-publish","4":"has-post-thumbnail","6":"product_cat-mangueiraseconexoes","8":"first","9":"instock","10":"shipping-taxable","11":"purchasable","12":"product-type-simple"},"jetpack_sharing_enabled":true,"_links":{"self":[{"href":"https:\/\/agriomac.com.br\/loja\/wp-json\/wp\/v2\/product\/2063","targetHints":{"allow":["GET"]}}],"collection":[{"href":"https:\/\/agriomac.com.br\/loja\/wp-json\/wp\/v2\/product"}],"about":[{"href":"https:\/\/agriomac.com.br\/loja\/wp-json\/wp\/v2\/types\/product"}],"replies":[{"embeddable":true,"href":"https:\/\/agriomac.com.br\/loja\/wp-json\/wp\/v2\/comments?post=2063"}],"version-history":[{"count":1,"href":"https:\/\/agriomac.com.br\/loja\/wp-json\/wp\/v2\/product\/2063\/revisions"}],"predecessor-version":[{"id":2064,"href":"https:\/\/agriomac.com.br\/loja\/wp-json\/wp\/v2\/product\/2063\/revisions\/2064"}],"wp:featuredmedia":[{"embeddable":true,"href":"https:\/\/agriomac.com.br\/loja\/wp-json\/wp\/v2\/media\/2098"}],"wp:attachment":[{"href":"https:\/\/agriomac.com.br\/loja\/wp-json\/wp\/v2\/media?parent=2063"}],"wp:term":[{"taxonomy":"product_brand","embeddable":true,"href":"https:\/\/agriomac.com.br\/loja\/wp-json\/wp\/v2\/product_brand?post=2063"},{"taxonomy":"product_cat","embeddable":true,"href":"https:\/\/agriomac.com.br\/loja\/wp-json\/wp\/v2\/product_cat?post=2063"},{"taxonomy":"product_tag","embeddable":true,"href":"https:\/\/agriomac.com.br\/loja\/wp-json\/wp\/v2\/product_tag?post=2063"}],"curies":[{"name":"wp","href":"https:\/\/api.w.org\/{rel}","templated":true}]}}