{"id":2065,"date":"2025-06-06T03:47:18","date_gmt":"2025-06-06T03:47:18","guid":{"rendered":"https:\/\/agriomac.com.br\/loja\/?post_type=product&#038;p=2065"},"modified":"2025-06-06T16:03:43","modified_gmt":"2025-06-06T16:03:43","slug":"terminal-flange-413mm-6000-psi-r1-r2-4sp-4sh-3-4-cod62h","status":"publish","type":"product","link":"https:\/\/agriomac.com.br\/loja\/produto\/terminal-flange-413mm-6000-psi-r1-r2-4sp-4sh-3-4-cod62h\/","title":{"rendered":"TERMINAL FLANGE 41,3MM 6000 PSI R1\/R2 4SP\/4SH 3\/4&#8243; &#8211; COD62H"},"content":{"rendered":"<p data-start=\"1444\" data-end=\"1628\">Terminal com flange de 41,3mm, utilizado em mangueiras de alta press\u00e3o (R1, R2, 4SP, 4SH). Ideal para bombas, v\u00e1lvulas e conex\u00f5es fixas com robustez superior.<\/p>\n<p data-start=\"1630\" data-end=\"1659\"><strong data-start=\"1630\" data-end=\"1659\">Caracter\u00edsticas t\u00e9cnicas:<\/strong><\/p>\n<ul data-start=\"1660\" data-end=\"1807\">\n<li data-start=\"1660\" data-end=\"1689\">\n<p data-start=\"1662\" data-end=\"1689\">Tipo: Terminal com flange<\/p>\n<\/li>\n<li data-start=\"1690\" data-end=\"1715\">\n<p data-start=\"1692\" data-end=\"1715\">Press\u00e3o: At\u00e9 6000 PSI<\/p>\n<\/li>\n<li data-start=\"1716\" data-end=\"1734\">\n<p data-start=\"1718\" data-end=\"1734\">Flange: 41,3mm<\/p>\n<\/li>\n<li data-start=\"1735\" data-end=\"1754\">\n<p data-start=\"1737\" data-end=\"1754\">Mangueira: 3\/4&#8243;<\/p>\n<\/li>\n<li data-start=\"1755\" data-end=\"1807\">\n<p data-start=\"1757\" data-end=\"1807\">Aplica\u00e7\u00f5es: Sistemas hidr\u00e1ulicos de alta exig\u00eancia<\/p>\n<\/li>\n<\/ul>\n","protected":false},"excerpt":{"rendered":"<p data-start=\"1340\" data-end=\"1442\">Terminal flange 6000 PSI \u2013 Di\u00e2metro 41,3mm para mangueira 3\/4&#8243; de alta press\u00e3o.<\/p>\n<p data-start=\"1444\" data-end=\"1628\">\n","protected":false},"featured_media":2103,"comment_status":"open","ping_status":"closed","template":"","meta":{"_price":"25","_stock":"10","_tribe_ticket_header":"","_tribe_default_ticket_provider":"","_tribe_ticket_capacity":"10","_ticket_start_date":"","_ticket_end_date":"","_tribe_ticket_show_description":"","_tribe_ticket_show_not_going":false,"_tribe_ticket_use_global_stock":"","_tribe_ticket_global_stock_level":"","_global_stock_mode":"","_global_stock_cap":"","_tribe_rsvp_for_event":"","_tribe_ticket_going_count":"","_tribe_ticket_not_going_count":"","_tribe_tickets_list":"[]","_tribe_ticket_has_attendee_info_fields":false,"_EventAllDay":false,"_EventTimezone":"","_EventStartDate":"","_EventEndDate":"","_EventStartDateUTC":"","_EventEndDateUTC":"","_EventShowMap":false,"_EventShowMapLink":false,"_EventURL":"","_EventCost":"","_EventCostDescription":"","_EventCurrencySymbol":"","_EventCurrencyCode":"","_EventCurrencyPosition":"","_EventDateTimeSeparator":"","_EventTimeRangeSeparator":"","_EventOrganizerID":[],"_EventVenueID":[],"_OrganizerEmail":"","_OrganizerPhone":"","_OrganizerWebsite":"","_VenueAddress":"","_VenueCity":"","_VenueCountry":"","_VenueProvince":"","_VenueState":"","_VenueZip":"","_VenuePhone":"","_VenueURL":"","_VenueStateProvince":"","_VenueLat":"","_VenueLng":"","_VenueShowMap":false,"_VenueShowMapLink":false},"product_brand":[],"product_cat":[42],"product_tag":[],"class_list":{"0":"post-2065","1":"product","2":"type-product","3":"status-publish","4":"has-post-thumbnail","6":"product_cat-mangueiraseconexoes","8":"first","9":"instock","10":"shipping-taxable","11":"purchasable","12":"product-type-simple"},"jetpack_sharing_enabled":true,"_links":{"self":[{"href":"https:\/\/agriomac.com.br\/loja\/wp-json\/wp\/v2\/product\/2065","targetHints":{"allow":["GET"]}}],"collection":[{"href":"https:\/\/agriomac.com.br\/loja\/wp-json\/wp\/v2\/product"}],"about":[{"href":"https:\/\/agriomac.com.br\/loja\/wp-json\/wp\/v2\/types\/product"}],"replies":[{"embeddable":true,"href":"https:\/\/agriomac.com.br\/loja\/wp-json\/wp\/v2\/comments?post=2065"}],"version-history":[{"count":1,"href":"https:\/\/agriomac.com.br\/loja\/wp-json\/wp\/v2\/product\/2065\/revisions"}],"predecessor-version":[{"id":2066,"href":"https:\/\/agriomac.com.br\/loja\/wp-json\/wp\/v2\/product\/2065\/revisions\/2066"}],"wp:featuredmedia":[{"embeddable":true,"href":"https:\/\/agriomac.com.br\/loja\/wp-json\/wp\/v2\/media\/2103"}],"wp:attachment":[{"href":"https:\/\/agriomac.com.br\/loja\/wp-json\/wp\/v2\/media?parent=2065"}],"wp:term":[{"taxonomy":"product_brand","embeddable":true,"href":"https:\/\/agriomac.com.br\/loja\/wp-json\/wp\/v2\/product_brand?post=2065"},{"taxonomy":"product_cat","embeddable":true,"href":"https:\/\/agriomac.com.br\/loja\/wp-json\/wp\/v2\/product_cat?post=2065"},{"taxonomy":"product_tag","embeddable":true,"href":"https:\/\/agriomac.com.br\/loja\/wp-json\/wp\/v2\/product_tag?post=2065"}],"curies":[{"name":"wp","href":"https:\/\/api.w.org\/{rel}","templated":true}]}}