{"id":2067,"date":"2025-06-06T03:48:02","date_gmt":"2025-06-06T03:48:02","guid":{"rendered":"https:\/\/agriomac.com.br\/loja\/?post_type=product&#038;p=2067"},"modified":"2025-06-06T16:01:42","modified_gmt":"2025-06-06T16:01:42","slug":"terminal-flange-476mm-6000psi-r1-r2-4sp-4sh-3-4-cod61h","status":"publish","type":"product","link":"https:\/\/agriomac.com.br\/loja\/produto\/terminal-flange-476mm-6000psi-r1-r2-4sp-4sh-3-4-cod61h\/","title":{"rendered":"TERMINAL FLANGE 47,6MM 6000PSI R1\/R2 4SP\/4SH 3\/4&#8243; &#8211; COD61H"},"content":{"rendered":"<p data-start=\"2034\" data-end=\"2183\">Modelo de flange mais largo, compat\u00edvel com sistemas hidr\u00e1ulicos que operam sob alta press\u00e3o. Veda\u00e7\u00e3o firme e durabilidade.<\/p>\n<p data-start=\"2185\" data-end=\"2214\"><strong data-start=\"2185\" data-end=\"2214\">Caracter\u00edsticas t\u00e9cnicas:<\/strong><\/p>\n<ul data-start=\"2215\" data-end=\"2377\">\n<li data-start=\"2215\" data-end=\"2250\">\n<p data-start=\"2217\" data-end=\"2250\">Tipo: Terminal com flange largo<\/p>\n<\/li>\n<li data-start=\"2251\" data-end=\"2269\">\n<p data-start=\"2253\" data-end=\"2269\">Flange: 47,6mm<\/p>\n<\/li>\n<li data-start=\"2270\" data-end=\"2308\">\n<p data-start=\"2272\" data-end=\"2308\">Mangueira: 3\/4&#8243; R1, R2, 4SP ou 4SH<\/p>\n<\/li>\n<li data-start=\"2309\" data-end=\"2330\">\n<p data-start=\"2311\" data-end=\"2330\">Press\u00e3o: 6000 PSI<\/p>\n<\/li>\n<li data-start=\"2331\" data-end=\"2377\">\n<p data-start=\"2333\" data-end=\"2377\">Aplica\u00e7\u00f5es: M\u00e1quinas agr\u00edcolas e industriais<\/p>\n<\/li>\n<\/ul>\n","protected":false},"excerpt":{"rendered":"<p data-start=\"1928\" data-end=\"2032\">Terminal flange 47,6mm \u2013 Conex\u00e3o robusta para mangueiras de 3\/4&#8243; de alta press\u00e3o.<\/p>\n<p data-start=\"2034\" data-end=\"2183\">\n","protected":false},"featured_media":2102,"comment_status":"open","ping_status":"closed","template":"","meta":{"_price":"89","_stock":"10","_tribe_ticket_header":"","_tribe_default_ticket_provider":"","_tribe_ticket_capacity":"10","_ticket_start_date":"","_ticket_end_date":"","_tribe_ticket_show_description":"","_tribe_ticket_show_not_going":false,"_tribe_ticket_use_global_stock":"","_tribe_ticket_global_stock_level":"","_global_stock_mode":"","_global_stock_cap":"","_tribe_rsvp_for_event":"","_tribe_ticket_going_count":"","_tribe_ticket_not_going_count":"","_tribe_tickets_list":"[]","_tribe_ticket_has_attendee_info_fields":false,"_EventAllDay":false,"_EventTimezone":"","_EventStartDate":"","_EventEndDate":"","_EventStartDateUTC":"","_EventEndDateUTC":"","_EventShowMap":false,"_EventShowMapLink":false,"_EventURL":"","_EventCost":"","_EventCostDescription":"","_EventCurrencySymbol":"","_EventCurrencyCode":"","_EventCurrencyPosition":"","_EventDateTimeSeparator":"","_EventTimeRangeSeparator":"","_EventOrganizerID":[],"_EventVenueID":[],"_OrganizerEmail":"","_OrganizerPhone":"","_OrganizerWebsite":"","_VenueAddress":"","_VenueCity":"","_VenueCountry":"","_VenueProvince":"","_VenueState":"","_VenueZip":"","_VenuePhone":"","_VenueURL":"","_VenueStateProvince":"","_VenueLat":"","_VenueLng":"","_VenueShowMap":false,"_VenueShowMapLink":false},"product_brand":[],"product_cat":[42],"product_tag":[],"class_list":{"0":"post-2067","1":"product","2":"type-product","3":"status-publish","4":"has-post-thumbnail","6":"product_cat-mangueiraseconexoes","8":"first","9":"instock","10":"shipping-taxable","11":"purchasable","12":"product-type-simple"},"jetpack_sharing_enabled":true,"_links":{"self":[{"href":"https:\/\/agriomac.com.br\/loja\/wp-json\/wp\/v2\/product\/2067","targetHints":{"allow":["GET"]}}],"collection":[{"href":"https:\/\/agriomac.com.br\/loja\/wp-json\/wp\/v2\/product"}],"about":[{"href":"https:\/\/agriomac.com.br\/loja\/wp-json\/wp\/v2\/types\/product"}],"replies":[{"embeddable":true,"href":"https:\/\/agriomac.com.br\/loja\/wp-json\/wp\/v2\/comments?post=2067"}],"version-history":[{"count":1,"href":"https:\/\/agriomac.com.br\/loja\/wp-json\/wp\/v2\/product\/2067\/revisions"}],"predecessor-version":[{"id":2068,"href":"https:\/\/agriomac.com.br\/loja\/wp-json\/wp\/v2\/product\/2067\/revisions\/2068"}],"wp:featuredmedia":[{"embeddable":true,"href":"https:\/\/agriomac.com.br\/loja\/wp-json\/wp\/v2\/media\/2102"}],"wp:attachment":[{"href":"https:\/\/agriomac.com.br\/loja\/wp-json\/wp\/v2\/media?parent=2067"}],"wp:term":[{"taxonomy":"product_brand","embeddable":true,"href":"https:\/\/agriomac.com.br\/loja\/wp-json\/wp\/v2\/product_brand?post=2067"},{"taxonomy":"product_cat","embeddable":true,"href":"https:\/\/agriomac.com.br\/loja\/wp-json\/wp\/v2\/product_cat?post=2067"},{"taxonomy":"product_tag","embeddable":true,"href":"https:\/\/agriomac.com.br\/loja\/wp-json\/wp\/v2\/product_tag?post=2067"}],"curies":[{"name":"wp","href":"https:\/\/api.w.org\/{rel}","templated":true}]}}