{"id":2071,"date":"2025-06-06T03:49:10","date_gmt":"2025-06-06T03:49:10","guid":{"rendered":"https:\/\/agriomac.com.br\/loja\/?post_type=product&#038;p=2071"},"modified":"2025-06-06T15:39:25","modified_gmt":"2025-06-06T15:39:25","slug":"terminal-macho-1-4npt-cr1-4-cod218","status":"publish","type":"product","link":"https:\/\/agriomac.com.br\/loja\/produto\/terminal-macho-1-4npt-cr1-4-cod218\/","title":{"rendered":"TERMINAL MACHO 1\/4&#8243;NPT CR1\/4&#8243; &#8211; COD218"},"content":{"rendered":"<p data-start=\"3082\" data-end=\"3224\">Terminal compacto para sistemas hidr\u00e1ulicos de baixa e m\u00e9dia press\u00e3o. Fabricado em a\u00e7o com tratamento anticorrosivo.<\/p>\n<p data-start=\"3226\" data-end=\"3255\"><strong data-start=\"3226\" data-end=\"3255\">Caracter\u00edsticas t\u00e9cnicas:<\/strong><\/p>\n<ul data-start=\"3256\" data-end=\"3410\">\n<li data-start=\"3256\" data-end=\"3285\">\n<p data-start=\"3258\" data-end=\"3285\">Tipo: Terminal macho reto<\/p>\n<\/li>\n<li data-start=\"3286\" data-end=\"3305\">\n<p data-start=\"3288\" data-end=\"3305\">Rosca: 1\/4&#8243; NPT<\/p>\n<\/li>\n<li data-start=\"3306\" data-end=\"3325\">\n<p data-start=\"3308\" data-end=\"3325\">Mangueira: 1\/4&#8243;<\/p>\n<\/li>\n<li data-start=\"3326\" data-end=\"3351\">\n<p data-start=\"3328\" data-end=\"3351\">Material: A\u00e7o carbono<\/p>\n<\/li>\n<li data-start=\"3352\" data-end=\"3410\">\n<p data-start=\"3354\" data-end=\"3410\">Aplica\u00e7\u00f5es: Equipamentos leves, pulverizadores, tratores<\/p>\n<\/li>\n<\/ul>\n","protected":false},"excerpt":{"rendered":"<p data-start=\"3002\" data-end=\"3080\">Terminal macho NPT 1\/4&#8243; para mangueira hidr\u00e1ulica 1\/4&#8243;.<\/p>\n<p data-start=\"3082\" data-end=\"3224\">\n","protected":false},"featured_media":2091,"comment_status":"open","ping_status":"closed","template":"","meta":{"_price":"3.78","_stock":"10","_tribe_ticket_header":"","_tribe_default_ticket_provider":"","_tribe_ticket_capacity":"10","_ticket_start_date":"","_ticket_end_date":"","_tribe_ticket_show_description":"","_tribe_ticket_show_not_going":false,"_tribe_ticket_use_global_stock":"","_tribe_ticket_global_stock_level":"","_global_stock_mode":"","_global_stock_cap":"","_tribe_rsvp_for_event":"","_tribe_ticket_going_count":"","_tribe_ticket_not_going_count":"","_tribe_tickets_list":"[]","_tribe_ticket_has_attendee_info_fields":false,"_EventAllDay":false,"_EventTimezone":"","_EventStartDate":"","_EventEndDate":"","_EventStartDateUTC":"","_EventEndDateUTC":"","_EventShowMap":false,"_EventShowMapLink":false,"_EventURL":"","_EventCost":"","_EventCostDescription":"","_EventCurrencySymbol":"","_EventCurrencyCode":"","_EventCurrencyPosition":"","_EventDateTimeSeparator":"","_EventTimeRangeSeparator":"","_EventOrganizerID":[],"_EventVenueID":[],"_OrganizerEmail":"","_OrganizerPhone":"","_OrganizerWebsite":"","_VenueAddress":"","_VenueCity":"","_VenueCountry":"","_VenueProvince":"","_VenueState":"","_VenueZip":"","_VenuePhone":"","_VenueURL":"","_VenueStateProvince":"","_VenueLat":"","_VenueLng":"","_VenueShowMap":false,"_VenueShowMapLink":false},"product_brand":[],"product_cat":[42],"product_tag":[],"class_list":{"0":"post-2071","1":"product","2":"type-product","3":"status-publish","4":"has-post-thumbnail","6":"product_cat-mangueiraseconexoes","8":"first","9":"instock","10":"shipping-taxable","11":"purchasable","12":"product-type-simple"},"jetpack_sharing_enabled":true,"_links":{"self":[{"href":"https:\/\/agriomac.com.br\/loja\/wp-json\/wp\/v2\/product\/2071","targetHints":{"allow":["GET"]}}],"collection":[{"href":"https:\/\/agriomac.com.br\/loja\/wp-json\/wp\/v2\/product"}],"about":[{"href":"https:\/\/agriomac.com.br\/loja\/wp-json\/wp\/v2\/types\/product"}],"replies":[{"embeddable":true,"href":"https:\/\/agriomac.com.br\/loja\/wp-json\/wp\/v2\/comments?post=2071"}],"version-history":[{"count":1,"href":"https:\/\/agriomac.com.br\/loja\/wp-json\/wp\/v2\/product\/2071\/revisions"}],"predecessor-version":[{"id":2072,"href":"https:\/\/agriomac.com.br\/loja\/wp-json\/wp\/v2\/product\/2071\/revisions\/2072"}],"wp:featuredmedia":[{"embeddable":true,"href":"https:\/\/agriomac.com.br\/loja\/wp-json\/wp\/v2\/media\/2091"}],"wp:attachment":[{"href":"https:\/\/agriomac.com.br\/loja\/wp-json\/wp\/v2\/media?parent=2071"}],"wp:term":[{"taxonomy":"product_brand","embeddable":true,"href":"https:\/\/agriomac.com.br\/loja\/wp-json\/wp\/v2\/product_brand?post=2071"},{"taxonomy":"product_cat","embeddable":true,"href":"https:\/\/agriomac.com.br\/loja\/wp-json\/wp\/v2\/product_cat?post=2071"},{"taxonomy":"product_tag","embeddable":true,"href":"https:\/\/agriomac.com.br\/loja\/wp-json\/wp\/v2\/product_tag?post=2071"}],"curies":[{"name":"wp","href":"https:\/\/api.w.org\/{rel}","templated":true}]}}