{"id":2073,"date":"2025-06-06T03:49:49","date_gmt":"2025-06-06T03:49:49","guid":{"rendered":"https:\/\/agriomac.com.br\/loja\/?post_type=product&#038;p=2073"},"modified":"2025-06-06T16:13:50","modified_gmt":"2025-06-06T16:13:50","slug":"terminal-femea-9-16-jic-cr-3-8-cod190","status":"publish","type":"product","link":"https:\/\/agriomac.com.br\/loja\/produto\/terminal-femea-9-16-jic-cr-3-8-cod190\/","title":{"rendered":"TERMINAL FEMEA 9\/16&#8243; JIC CR 3\/8&#8243; &#8211; COD190"},"content":{"rendered":"<p data-start=\"3582\" data-end=\"3740\">Terminal com rosca JIC padr\u00e3o UNF de 9\/16&#8243; e encaixe para mangueira hidr\u00e1ulica 3\/8&#8243;, ideal para conex\u00f5es seguras com veda\u00e7\u00e3o c\u00f4nica.<\/p>\n<p data-start=\"3742\" data-end=\"3771\"><strong data-start=\"3742\" data-end=\"3771\">Caracter\u00edsticas t\u00e9cnicas:<\/strong><\/p>\n<ul data-start=\"3772\" data-end=\"3897\">\n<li data-start=\"3772\" data-end=\"3796\">\n<p data-start=\"3774\" data-end=\"3796\">Tipo: Terminal f\u00eamea<\/p>\n<\/li>\n<li data-start=\"3797\" data-end=\"3821\">\n<p data-start=\"3799\" data-end=\"3821\">Rosca: 9\/16&#8243; UNF JIC<\/p>\n<\/li>\n<li data-start=\"3822\" data-end=\"3841\">\n<p data-start=\"3824\" data-end=\"3841\">Mangueira: 3\/8&#8243;<\/p>\n<\/li>\n<li data-start=\"3842\" data-end=\"3897\">\n<p data-start=\"3844\" data-end=\"3897\">Aplica\u00e7\u00f5es: Sistemas de freio, hidr\u00e1ulicos, agr\u00edcolas<\/p>\n<\/li>\n<\/ul>\n","protected":false},"excerpt":{"rendered":"<p data-start=\"3512\" data-end=\"3580\">Terminal f\u00eamea JIC 9\/16\u201d para mangueira 3\/8\u201d.<\/p>\n<p data-start=\"3582\" data-end=\"3740\">\n","protected":false},"featured_media":2108,"comment_status":"open","ping_status":"closed","template":"","meta":{"_price":"16.74","_stock":"10","_tribe_ticket_header":"","_tribe_default_ticket_provider":"","_tribe_ticket_capacity":"10","_ticket_start_date":"","_ticket_end_date":"","_tribe_ticket_show_description":"","_tribe_ticket_show_not_going":false,"_tribe_ticket_use_global_stock":"","_tribe_ticket_global_stock_level":"","_global_stock_mode":"","_global_stock_cap":"","_tribe_rsvp_for_event":"","_tribe_ticket_going_count":"","_tribe_ticket_not_going_count":"","_tribe_tickets_list":"[]","_tribe_ticket_has_attendee_info_fields":false,"_EventAllDay":false,"_EventTimezone":"","_EventStartDate":"","_EventEndDate":"","_EventStartDateUTC":"","_EventEndDateUTC":"","_EventShowMap":false,"_EventShowMapLink":false,"_EventURL":"","_EventCost":"","_EventCostDescription":"","_EventCurrencySymbol":"","_EventCurrencyCode":"","_EventCurrencyPosition":"","_EventDateTimeSeparator":"","_EventTimeRangeSeparator":"","_EventOrganizerID":[],"_EventVenueID":[],"_OrganizerEmail":"","_OrganizerPhone":"","_OrganizerWebsite":"","_VenueAddress":"","_VenueCity":"","_VenueCountry":"","_VenueProvince":"","_VenueState":"","_VenueZip":"","_VenuePhone":"","_VenueURL":"","_VenueStateProvince":"","_VenueLat":"","_VenueLng":"","_VenueShowMap":false,"_VenueShowMapLink":false},"product_brand":[],"product_cat":[42],"product_tag":[],"class_list":{"0":"post-2073","1":"product","2":"type-product","3":"status-publish","4":"has-post-thumbnail","6":"product_cat-mangueiraseconexoes","8":"first","9":"instock","10":"shipping-taxable","11":"purchasable","12":"product-type-simple"},"jetpack_sharing_enabled":true,"_links":{"self":[{"href":"https:\/\/agriomac.com.br\/loja\/wp-json\/wp\/v2\/product\/2073","targetHints":{"allow":["GET"]}}],"collection":[{"href":"https:\/\/agriomac.com.br\/loja\/wp-json\/wp\/v2\/product"}],"about":[{"href":"https:\/\/agriomac.com.br\/loja\/wp-json\/wp\/v2\/types\/product"}],"replies":[{"embeddable":true,"href":"https:\/\/agriomac.com.br\/loja\/wp-json\/wp\/v2\/comments?post=2073"}],"version-history":[{"count":1,"href":"https:\/\/agriomac.com.br\/loja\/wp-json\/wp\/v2\/product\/2073\/revisions"}],"predecessor-version":[{"id":2074,"href":"https:\/\/agriomac.com.br\/loja\/wp-json\/wp\/v2\/product\/2073\/revisions\/2074"}],"wp:featuredmedia":[{"embeddable":true,"href":"https:\/\/agriomac.com.br\/loja\/wp-json\/wp\/v2\/media\/2108"}],"wp:attachment":[{"href":"https:\/\/agriomac.com.br\/loja\/wp-json\/wp\/v2\/media?parent=2073"}],"wp:term":[{"taxonomy":"product_brand","embeddable":true,"href":"https:\/\/agriomac.com.br\/loja\/wp-json\/wp\/v2\/product_brand?post=2073"},{"taxonomy":"product_cat","embeddable":true,"href":"https:\/\/agriomac.com.br\/loja\/wp-json\/wp\/v2\/product_cat?post=2073"},{"taxonomy":"product_tag","embeddable":true,"href":"https:\/\/agriomac.com.br\/loja\/wp-json\/wp\/v2\/product_tag?post=2073"}],"curies":[{"name":"wp","href":"https:\/\/api.w.org\/{rel}","templated":true}]}}