{"id":2077,"date":"2025-06-06T03:51:07","date_gmt":"2025-06-06T03:51:07","guid":{"rendered":"https:\/\/agriomac.com.br\/loja\/?post_type=product&#038;p=2077"},"modified":"2025-06-06T15:43:29","modified_gmt":"2025-06-06T15:43:29","slug":"terminal-macho-1-2jic-cr1-4-cod225","status":"publish","type":"product","link":"https:\/\/agriomac.com.br\/loja\/produto\/terminal-macho-1-2jic-cr1-4-cod225\/","title":{"rendered":"TERMINAL MACHO 1\/2&#8243;JIC CR1\/4&#8243; &#8211; COD225"},"content":{"rendered":"<p data-start=\"4639\" data-end=\"4789\">Terminal com rosca macho JIC padr\u00e3o 37\u00b0, indicado para uso em sistemas de m\u00e9dia press\u00e3o. Encaixe exato para mangueiras 1\/4&#8243;.<\/p>\n<p data-start=\"4791\" data-end=\"4820\"><strong data-start=\"4791\" data-end=\"4820\">Caracter\u00edsticas t\u00e9cnicas:<\/strong><\/p>\n<ul data-start=\"4821\" data-end=\"4930\">\n<li data-start=\"4821\" data-end=\"4845\">\n<p data-start=\"4823\" data-end=\"4845\">Tipo: Terminal macho<\/p>\n<\/li>\n<li data-start=\"4846\" data-end=\"4865\">\n<p data-start=\"4848\" data-end=\"4865\">Rosca: JIC 1\/2&#8243;<\/p>\n<\/li>\n<li data-start=\"4866\" data-end=\"4885\">\n<p data-start=\"4868\" data-end=\"4885\">Mangueira: 1\/4&#8243;<\/p>\n<\/li>\n<li data-start=\"4886\" data-end=\"4930\">\n<p data-start=\"4888\" data-end=\"4930\">Aplica\u00e7\u00f5es: Linhas hidr\u00e1ulicas de precis\u00e3o<\/p>\n<\/li>\n<\/ul>\n","protected":false},"excerpt":{"rendered":"<p data-start=\"4546\" data-end=\"4637\">Terminal macho JIC 1\/2&#8243; para mangueira de 1\/4&#8243; \u2013 Compacto e robusto.<\/p>\n<p data-start=\"4639\" data-end=\"4789\">\n","protected":false},"featured_media":2093,"comment_status":"open","ping_status":"closed","template":"","meta":{"_price":"3.96","_stock":"10","_tribe_ticket_header":"","_tribe_default_ticket_provider":"","_tribe_ticket_capacity":"10","_ticket_start_date":"","_ticket_end_date":"","_tribe_ticket_show_description":"","_tribe_ticket_show_not_going":false,"_tribe_ticket_use_global_stock":"","_tribe_ticket_global_stock_level":"","_global_stock_mode":"","_global_stock_cap":"","_tribe_rsvp_for_event":"","_tribe_ticket_going_count":"","_tribe_ticket_not_going_count":"","_tribe_tickets_list":"[]","_tribe_ticket_has_attendee_info_fields":false,"_EventAllDay":false,"_EventTimezone":"","_EventStartDate":"","_EventEndDate":"","_EventStartDateUTC":"","_EventEndDateUTC":"","_EventShowMap":false,"_EventShowMapLink":false,"_EventURL":"","_EventCost":"","_EventCostDescription":"","_EventCurrencySymbol":"","_EventCurrencyCode":"","_EventCurrencyPosition":"","_EventDateTimeSeparator":"","_EventTimeRangeSeparator":"","_EventOrganizerID":[],"_EventVenueID":[],"_OrganizerEmail":"","_OrganizerPhone":"","_OrganizerWebsite":"","_VenueAddress":"","_VenueCity":"","_VenueCountry":"","_VenueProvince":"","_VenueState":"","_VenueZip":"","_VenuePhone":"","_VenueURL":"","_VenueStateProvince":"","_VenueLat":"","_VenueLng":"","_VenueShowMap":false,"_VenueShowMapLink":false},"product_brand":[],"product_cat":[42],"product_tag":[],"class_list":{"0":"post-2077","1":"product","2":"type-product","3":"status-publish","4":"has-post-thumbnail","6":"product_cat-mangueiraseconexoes","8":"first","9":"instock","10":"shipping-taxable","11":"purchasable","12":"product-type-simple"},"jetpack_sharing_enabled":true,"_links":{"self":[{"href":"https:\/\/agriomac.com.br\/loja\/wp-json\/wp\/v2\/product\/2077","targetHints":{"allow":["GET"]}}],"collection":[{"href":"https:\/\/agriomac.com.br\/loja\/wp-json\/wp\/v2\/product"}],"about":[{"href":"https:\/\/agriomac.com.br\/loja\/wp-json\/wp\/v2\/types\/product"}],"replies":[{"embeddable":true,"href":"https:\/\/agriomac.com.br\/loja\/wp-json\/wp\/v2\/comments?post=2077"}],"version-history":[{"count":1,"href":"https:\/\/agriomac.com.br\/loja\/wp-json\/wp\/v2\/product\/2077\/revisions"}],"predecessor-version":[{"id":2078,"href":"https:\/\/agriomac.com.br\/loja\/wp-json\/wp\/v2\/product\/2077\/revisions\/2078"}],"wp:featuredmedia":[{"embeddable":true,"href":"https:\/\/agriomac.com.br\/loja\/wp-json\/wp\/v2\/media\/2093"}],"wp:attachment":[{"href":"https:\/\/agriomac.com.br\/loja\/wp-json\/wp\/v2\/media?parent=2077"}],"wp:term":[{"taxonomy":"product_brand","embeddable":true,"href":"https:\/\/agriomac.com.br\/loja\/wp-json\/wp\/v2\/product_brand?post=2077"},{"taxonomy":"product_cat","embeddable":true,"href":"https:\/\/agriomac.com.br\/loja\/wp-json\/wp\/v2\/product_cat?post=2077"},{"taxonomy":"product_tag","embeddable":true,"href":"https:\/\/agriomac.com.br\/loja\/wp-json\/wp\/v2\/product_tag?post=2077"}],"curies":[{"name":"wp","href":"https:\/\/api.w.org\/{rel}","templated":true}]}}