{"id":2079,"date":"2025-06-06T03:51:50","date_gmt":"2025-06-06T03:51:50","guid":{"rendered":"https:\/\/agriomac.com.br\/loja\/?post_type=product&#038;p=2079"},"modified":"2025-06-06T16:15:51","modified_gmt":"2025-06-06T16:15:51","slug":"terminal-c45-f-3-4-jic-cr3-8-cod204","status":"publish","type":"product","link":"https:\/\/agriomac.com.br\/loja\/produto\/terminal-c45-f-3-4-jic-cr3-8-cod204\/","title":{"rendered":"TERMINAL C45 F 3\/4&#8243; JIC CR3\/8&#8243; &#8211; COD204"},"content":{"rendered":"<p data-start=\"207\" data-end=\"472\">O Terminal C45 com rosca JIC de 3\/4&#8243; \u00e9 indicado para mudan\u00e7as angulares de 45\u00b0 em circuitos hidr\u00e1ulicos, permitindo maior flexibilidade na instala\u00e7\u00e3o e direcionamento das mangueiras. Oferece excelente veda\u00e7\u00e3o com conex\u00e3o c\u00f4nica padr\u00e3o JIC.<\/p>\n<p data-start=\"474\" data-end=\"503\"><strong data-start=\"474\" data-end=\"503\">Caracter\u00edsticas t\u00e9cnicas:<\/strong><\/p>\n<ul data-start=\"504\" data-end=\"659\">\n<li data-start=\"504\" data-end=\"533\">\n<p data-start=\"506\" data-end=\"533\">Tipo: Curvo 45\u00b0 f\u00eamea JIC<\/p>\n<\/li>\n<li data-start=\"534\" data-end=\"559\">\n<p data-start=\"536\" data-end=\"559\">Rosca: 3\/4&#8243; UNF (JIC)<\/p>\n<\/li>\n<li data-start=\"560\" data-end=\"579\">\n<p data-start=\"562\" data-end=\"579\">Mangueira: 3\/8&#8243;<\/p>\n<\/li>\n<li data-start=\"580\" data-end=\"659\">\n<p data-start=\"582\" data-end=\"659\">Aplica\u00e7\u00f5es: Linhas hidr\u00e1ulicas de m\u00e9dia press\u00e3o, tratores, m\u00e1quinas agr\u00edcolas<\/p>\n<\/li>\n<\/ul>\n","protected":false},"excerpt":{"rendered":"<p data-start=\"88\" data-end=\"205\">Terminal curvo 45\u00b0 JIC 3\/4&#8243; para mangueira de 3\/8&#8243; \u2013 Ideal para desvios em linhas hidr\u00e1ulicas.<\/p>\n<p data-start=\"207\" data-end=\"472\">\n","protected":false},"featured_media":2109,"comment_status":"open","ping_status":"closed","template":"","meta":{"_price":"23","_stock":"10","_tribe_ticket_header":"","_tribe_default_ticket_provider":"","_tribe_ticket_capacity":"10","_ticket_start_date":"","_ticket_end_date":"","_tribe_ticket_show_description":"","_tribe_ticket_show_not_going":false,"_tribe_ticket_use_global_stock":"","_tribe_ticket_global_stock_level":"","_global_stock_mode":"","_global_stock_cap":"","_tribe_rsvp_for_event":"","_tribe_ticket_going_count":"","_tribe_ticket_not_going_count":"","_tribe_tickets_list":"[]","_tribe_ticket_has_attendee_info_fields":false,"_EventAllDay":false,"_EventTimezone":"","_EventStartDate":"","_EventEndDate":"","_EventStartDateUTC":"","_EventEndDateUTC":"","_EventShowMap":false,"_EventShowMapLink":false,"_EventURL":"","_EventCost":"","_EventCostDescription":"","_EventCurrencySymbol":"","_EventCurrencyCode":"","_EventCurrencyPosition":"","_EventDateTimeSeparator":"","_EventTimeRangeSeparator":"","_EventOrganizerID":[],"_EventVenueID":[],"_OrganizerEmail":"","_OrganizerPhone":"","_OrganizerWebsite":"","_VenueAddress":"","_VenueCity":"","_VenueCountry":"","_VenueProvince":"","_VenueState":"","_VenueZip":"","_VenuePhone":"","_VenueURL":"","_VenueStateProvince":"","_VenueLat":"","_VenueLng":"","_VenueShowMap":false,"_VenueShowMapLink":false},"product_brand":[],"product_cat":[42],"product_tag":[],"class_list":{"0":"post-2079","1":"product","2":"type-product","3":"status-publish","4":"has-post-thumbnail","6":"product_cat-mangueiraseconexoes","8":"first","9":"instock","10":"shipping-taxable","11":"purchasable","12":"product-type-simple"},"jetpack_sharing_enabled":true,"_links":{"self":[{"href":"https:\/\/agriomac.com.br\/loja\/wp-json\/wp\/v2\/product\/2079","targetHints":{"allow":["GET"]}}],"collection":[{"href":"https:\/\/agriomac.com.br\/loja\/wp-json\/wp\/v2\/product"}],"about":[{"href":"https:\/\/agriomac.com.br\/loja\/wp-json\/wp\/v2\/types\/product"}],"replies":[{"embeddable":true,"href":"https:\/\/agriomac.com.br\/loja\/wp-json\/wp\/v2\/comments?post=2079"}],"version-history":[{"count":1,"href":"https:\/\/agriomac.com.br\/loja\/wp-json\/wp\/v2\/product\/2079\/revisions"}],"predecessor-version":[{"id":2080,"href":"https:\/\/agriomac.com.br\/loja\/wp-json\/wp\/v2\/product\/2079\/revisions\/2080"}],"wp:featuredmedia":[{"embeddable":true,"href":"https:\/\/agriomac.com.br\/loja\/wp-json\/wp\/v2\/media\/2109"}],"wp:attachment":[{"href":"https:\/\/agriomac.com.br\/loja\/wp-json\/wp\/v2\/media?parent=2079"}],"wp:term":[{"taxonomy":"product_brand","embeddable":true,"href":"https:\/\/agriomac.com.br\/loja\/wp-json\/wp\/v2\/product_brand?post=2079"},{"taxonomy":"product_cat","embeddable":true,"href":"https:\/\/agriomac.com.br\/loja\/wp-json\/wp\/v2\/product_cat?post=2079"},{"taxonomy":"product_tag","embeddable":true,"href":"https:\/\/agriomac.com.br\/loja\/wp-json\/wp\/v2\/product_tag?post=2079"}],"curies":[{"name":"wp","href":"https:\/\/api.w.org\/{rel}","templated":true}]}}