{"id":2081,"date":"2025-06-06T03:52:22","date_gmt":"2025-06-06T03:52:22","guid":{"rendered":"https:\/\/agriomac.com.br\/loja\/?post_type=product&#038;p=2081"},"modified":"2025-06-06T16:11:49","modified_gmt":"2025-06-06T16:11:49","slug":"terminal-femea-7-8-jic-cr3-8-cod-189","status":"publish","type":"product","link":"https:\/\/agriomac.com.br\/loja\/produto\/terminal-femea-7-8-jic-cr3-8-cod-189\/","title":{"rendered":"TERMINAL FEMEA 7\/8 JIC CR3\/8 &#8211; COD.189"},"content":{"rendered":"<p data-start=\"858\" data-end=\"1048\">Conector hidr\u00e1ulico f\u00eamea com rosca JIC 7\/8&#8243;, utilizado com mangueiras de 3\/8&#8243;. Ideal para sistemas de transmiss\u00e3o de fluido com seguran\u00e7a e resist\u00eancia \u00e0 vibra\u00e7\u00e3o.<\/p>\n<p data-start=\"1050\" data-end=\"1079\"><strong data-start=\"1050\" data-end=\"1079\">Caracter\u00edsticas t\u00e9cnicas:<\/strong><\/p>\n<ul data-start=\"1080\" data-end=\"1224\">\n<li data-start=\"1080\" data-end=\"1109\">\n<p data-start=\"1082\" data-end=\"1109\">Tipo: Terminal f\u00eamea reto<\/p>\n<\/li>\n<li data-start=\"1110\" data-end=\"1129\">\n<p data-start=\"1112\" data-end=\"1129\">Rosca: JIC 7\/8&#8243;<\/p>\n<\/li>\n<li data-start=\"1130\" data-end=\"1149\">\n<p data-start=\"1132\" data-end=\"1149\">Mangueira: 3\/8&#8243;<\/p>\n<\/li>\n<li data-start=\"1150\" data-end=\"1224\">\n<p data-start=\"1152\" data-end=\"1224\">Aplica\u00e7\u00f5es: Linhas hidr\u00e1ulicas de tratores, escavadeiras, pulverizadores<\/p>\n<\/li>\n<\/ul>\n","protected":false},"excerpt":{"rendered":"<p data-start=\"760\" data-end=\"856\">Terminal f\u00eamea 7\/8&#8243; JIC para mangueira 3\/8&#8243; \u2013 Conex\u00e3o com veda\u00e7\u00e3o c\u00f4nica.<\/p>\n<p data-start=\"858\" data-end=\"1048\">\n","protected":false},"featured_media":2107,"comment_status":"open","ping_status":"closed","template":"","meta":{"_price":"8","_stock":"10","_tribe_ticket_header":"","_tribe_default_ticket_provider":"","_tribe_ticket_capacity":"10","_ticket_start_date":"","_ticket_end_date":"","_tribe_ticket_show_description":"","_tribe_ticket_show_not_going":false,"_tribe_ticket_use_global_stock":"","_tribe_ticket_global_stock_level":"","_global_stock_mode":"","_global_stock_cap":"","_tribe_rsvp_for_event":"","_tribe_ticket_going_count":"","_tribe_ticket_not_going_count":"","_tribe_tickets_list":"[]","_tribe_ticket_has_attendee_info_fields":false,"_EventAllDay":false,"_EventTimezone":"","_EventStartDate":"","_EventEndDate":"","_EventStartDateUTC":"","_EventEndDateUTC":"","_EventShowMap":false,"_EventShowMapLink":false,"_EventURL":"","_EventCost":"","_EventCostDescription":"","_EventCurrencySymbol":"","_EventCurrencyCode":"","_EventCurrencyPosition":"","_EventDateTimeSeparator":"","_EventTimeRangeSeparator":"","_EventOrganizerID":[],"_EventVenueID":[],"_OrganizerEmail":"","_OrganizerPhone":"","_OrganizerWebsite":"","_VenueAddress":"","_VenueCity":"","_VenueCountry":"","_VenueProvince":"","_VenueState":"","_VenueZip":"","_VenuePhone":"","_VenueURL":"","_VenueStateProvince":"","_VenueLat":"","_VenueLng":"","_VenueShowMap":false,"_VenueShowMapLink":false},"product_brand":[],"product_cat":[42],"product_tag":[],"class_list":{"0":"post-2081","1":"product","2":"type-product","3":"status-publish","4":"has-post-thumbnail","6":"product_cat-mangueiraseconexoes","8":"first","9":"instock","10":"shipping-taxable","11":"purchasable","12":"product-type-simple"},"jetpack_sharing_enabled":true,"_links":{"self":[{"href":"https:\/\/agriomac.com.br\/loja\/wp-json\/wp\/v2\/product\/2081","targetHints":{"allow":["GET"]}}],"collection":[{"href":"https:\/\/agriomac.com.br\/loja\/wp-json\/wp\/v2\/product"}],"about":[{"href":"https:\/\/agriomac.com.br\/loja\/wp-json\/wp\/v2\/types\/product"}],"replies":[{"embeddable":true,"href":"https:\/\/agriomac.com.br\/loja\/wp-json\/wp\/v2\/comments?post=2081"}],"version-history":[{"count":1,"href":"https:\/\/agriomac.com.br\/loja\/wp-json\/wp\/v2\/product\/2081\/revisions"}],"predecessor-version":[{"id":2082,"href":"https:\/\/agriomac.com.br\/loja\/wp-json\/wp\/v2\/product\/2081\/revisions\/2082"}],"wp:featuredmedia":[{"embeddable":true,"href":"https:\/\/agriomac.com.br\/loja\/wp-json\/wp\/v2\/media\/2107"}],"wp:attachment":[{"href":"https:\/\/agriomac.com.br\/loja\/wp-json\/wp\/v2\/media?parent=2081"}],"wp:term":[{"taxonomy":"product_brand","embeddable":true,"href":"https:\/\/agriomac.com.br\/loja\/wp-json\/wp\/v2\/product_brand?post=2081"},{"taxonomy":"product_cat","embeddable":true,"href":"https:\/\/agriomac.com.br\/loja\/wp-json\/wp\/v2\/product_cat?post=2081"},{"taxonomy":"product_tag","embeddable":true,"href":"https:\/\/agriomac.com.br\/loja\/wp-json\/wp\/v2\/product_tag?post=2081"}],"curies":[{"name":"wp","href":"https:\/\/api.w.org\/{rel}","templated":true}]}}