{"id":2083,"date":"2025-06-06T03:53:03","date_gmt":"2025-06-06T03:53:03","guid":{"rendered":"https:\/\/agriomac.com.br\/loja\/?post_type=product&#038;p=2083"},"modified":"2025-06-06T15:49:34","modified_gmt":"2025-06-06T15:49:34","slug":"terminal-macho-1-7-16-orfs-1-cod275","status":"publish","type":"product","link":"https:\/\/agriomac.com.br\/loja\/produto\/terminal-macho-1-7-16-orfs-1-cod275\/","title":{"rendered":"TERMINAL MACHO 1.7\/16&#8243; ORFS 1&#8243; &#8211; COD275"},"content":{"rendered":"<p data-start=\"1428\" data-end=\"1668\">Terminal com rosca macho ORFS (O-Ring Face Seal) para mangueira de 1&#8243;, ideal para conex\u00f5es que exigem alta estanqueidade e resist\u00eancia a vibra\u00e7\u00e3o. Utilizado em linhas de press\u00e3o em m\u00e1quinas agr\u00edcolas e industriais.<\/p>\n<p data-start=\"1670\" data-end=\"1699\"><strong data-start=\"1670\" data-end=\"1699\">Caracter\u00edsticas t\u00e9cnicas:<\/strong><\/p>\n<ul data-start=\"1700\" data-end=\"1830\">\n<li data-start=\"1700\" data-end=\"1728\">\n<p data-start=\"1702\" data-end=\"1728\">Tipo: Terminal reto ORFS<\/p>\n<\/li>\n<li data-start=\"1729\" data-end=\"1751\">\n<p data-start=\"1731\" data-end=\"1751\">Rosca: 1.7\/16&#8243; UNF<\/p>\n<\/li>\n<li data-start=\"1752\" data-end=\"1769\">\n<p data-start=\"1754\" data-end=\"1769\">Mangueira: 1&#8243;<\/p>\n<\/li>\n<li data-start=\"1770\" data-end=\"1830\">\n<p data-start=\"1772\" data-end=\"1830\">Aplica\u00e7\u00f5es: Sistemas hidr\u00e1ulicos de alta press\u00e3o e retorno<\/p>\n<\/li>\n<\/ul>\n","protected":false},"excerpt":{"rendered":"<p data-start=\"1325\" data-end=\"1426\">Terminal macho ORFS 1.7\/16&#8243; para mangueira 1&#8243; \u2013 Veda\u00e7\u00e3o plana de alta press\u00e3o.<\/p>\n<p data-start=\"1428\" data-end=\"1668\">\n","protected":false},"featured_media":2096,"comment_status":"open","ping_status":"closed","template":"","meta":{"_price":"48.70","_stock":"10","_tribe_ticket_header":"","_tribe_default_ticket_provider":"","_tribe_ticket_capacity":"10","_ticket_start_date":"","_ticket_end_date":"","_tribe_ticket_show_description":"","_tribe_ticket_show_not_going":false,"_tribe_ticket_use_global_stock":"","_tribe_ticket_global_stock_level":"","_global_stock_mode":"","_global_stock_cap":"","_tribe_rsvp_for_event":"","_tribe_ticket_going_count":"","_tribe_ticket_not_going_count":"","_tribe_tickets_list":"[]","_tribe_ticket_has_attendee_info_fields":false,"_EventAllDay":false,"_EventTimezone":"","_EventStartDate":"","_EventEndDate":"","_EventStartDateUTC":"","_EventEndDateUTC":"","_EventShowMap":false,"_EventShowMapLink":false,"_EventURL":"","_EventCost":"","_EventCostDescription":"","_EventCurrencySymbol":"","_EventCurrencyCode":"","_EventCurrencyPosition":"","_EventDateTimeSeparator":"","_EventTimeRangeSeparator":"","_EventOrganizerID":[],"_EventVenueID":[],"_OrganizerEmail":"","_OrganizerPhone":"","_OrganizerWebsite":"","_VenueAddress":"","_VenueCity":"","_VenueCountry":"","_VenueProvince":"","_VenueState":"","_VenueZip":"","_VenuePhone":"","_VenueURL":"","_VenueStateProvince":"","_VenueLat":"","_VenueLng":"","_VenueShowMap":false,"_VenueShowMapLink":false},"product_brand":[],"product_cat":[42],"product_tag":[],"class_list":{"0":"post-2083","1":"product","2":"type-product","3":"status-publish","4":"has-post-thumbnail","6":"product_cat-mangueiraseconexoes","8":"first","9":"instock","10":"shipping-taxable","11":"purchasable","12":"product-type-simple"},"jetpack_sharing_enabled":true,"_links":{"self":[{"href":"https:\/\/agriomac.com.br\/loja\/wp-json\/wp\/v2\/product\/2083","targetHints":{"allow":["GET"]}}],"collection":[{"href":"https:\/\/agriomac.com.br\/loja\/wp-json\/wp\/v2\/product"}],"about":[{"href":"https:\/\/agriomac.com.br\/loja\/wp-json\/wp\/v2\/types\/product"}],"replies":[{"embeddable":true,"href":"https:\/\/agriomac.com.br\/loja\/wp-json\/wp\/v2\/comments?post=2083"}],"version-history":[{"count":1,"href":"https:\/\/agriomac.com.br\/loja\/wp-json\/wp\/v2\/product\/2083\/revisions"}],"predecessor-version":[{"id":2084,"href":"https:\/\/agriomac.com.br\/loja\/wp-json\/wp\/v2\/product\/2083\/revisions\/2084"}],"wp:featuredmedia":[{"embeddable":true,"href":"https:\/\/agriomac.com.br\/loja\/wp-json\/wp\/v2\/media\/2096"}],"wp:attachment":[{"href":"https:\/\/agriomac.com.br\/loja\/wp-json\/wp\/v2\/media?parent=2083"}],"wp:term":[{"taxonomy":"product_brand","embeddable":true,"href":"https:\/\/agriomac.com.br\/loja\/wp-json\/wp\/v2\/product_brand?post=2083"},{"taxonomy":"product_cat","embeddable":true,"href":"https:\/\/agriomac.com.br\/loja\/wp-json\/wp\/v2\/product_cat?post=2083"},{"taxonomy":"product_tag","embeddable":true,"href":"https:\/\/agriomac.com.br\/loja\/wp-json\/wp\/v2\/product_tag?post=2083"}],"curies":[{"name":"wp","href":"https:\/\/api.w.org\/{rel}","templated":true}]}}