{"id":2085,"date":"2025-06-06T03:53:40","date_gmt":"2025-06-06T03:53:40","guid":{"rendered":"https:\/\/agriomac.com.br\/loja\/?post_type=product&#038;p=2085"},"modified":"2025-06-06T15:51:37","modified_gmt":"2025-06-06T15:51:37","slug":"terminal-macho-1-npt-cr1-cod276","status":"publish","type":"product","link":"https:\/\/agriomac.com.br\/loja\/produto\/terminal-macho-1-npt-cr1-cod276\/","title":{"rendered":"TERMINAL MACHO 1&#8243; NPT CR1&#8243; &#8211; COD276"},"content":{"rendered":"<p data-start=\"2036\" data-end=\"2221\">Terminal com rosca c\u00f4nica NPT 1&#8243;, utilizado em circuitos hidr\u00e1ulicos e pneum\u00e1ticos para mangueiras de 1&#8243;. Possui excelente veda\u00e7\u00e3o mec\u00e2nica e alta resist\u00eancia.<\/p>\n<p data-start=\"2223\" data-end=\"2252\"><strong data-start=\"2223\" data-end=\"2252\">Caracter\u00edsticas t\u00e9cnicas:<\/strong><\/p>\n<ul data-start=\"2253\" data-end=\"2391\">\n<li data-start=\"2253\" data-end=\"2282\">\n<p data-start=\"2255\" data-end=\"2282\">Tipo: Terminal macho reto<\/p>\n<\/li>\n<li data-start=\"2283\" data-end=\"2300\">\n<p data-start=\"2285\" data-end=\"2300\">Rosca: 1&#8243; NPT<\/p>\n<\/li>\n<li data-start=\"2301\" data-end=\"2318\">\n<p data-start=\"2303\" data-end=\"2318\">Mangueira: 1&#8243;<\/p>\n<\/li>\n<li data-start=\"2319\" data-end=\"2391\">\n<p data-start=\"2321\" data-end=\"2391\">Aplica\u00e7\u00f5es: Linhas de \u00f3leo, ar comprimido, tratores e m\u00e1quinas pesadas<\/p>\n<\/li>\n<\/ul>\n","protected":false},"excerpt":{"rendered":"<p data-start=\"1927\" data-end=\"2034\">Terminal macho NPT 1&#8243; para mangueira hidr\u00e1ulica 1&#8243; \u2013 Conex\u00e3o robusta para uso geral.<\/p>\n<p data-start=\"2036\" data-end=\"2221\">\n","protected":false},"featured_media":2097,"comment_status":"open","ping_status":"closed","template":"","meta":{"_price":"17.82","_stock":"10","_tribe_ticket_header":"","_tribe_default_ticket_provider":"","_tribe_ticket_capacity":"10","_ticket_start_date":"","_ticket_end_date":"","_tribe_ticket_show_description":"","_tribe_ticket_show_not_going":false,"_tribe_ticket_use_global_stock":"","_tribe_ticket_global_stock_level":"","_global_stock_mode":"","_global_stock_cap":"","_tribe_rsvp_for_event":"","_tribe_ticket_going_count":"","_tribe_ticket_not_going_count":"","_tribe_tickets_list":"[]","_tribe_ticket_has_attendee_info_fields":false,"_EventAllDay":false,"_EventTimezone":"","_EventStartDate":"","_EventEndDate":"","_EventStartDateUTC":"","_EventEndDateUTC":"","_EventShowMap":false,"_EventShowMapLink":false,"_EventURL":"","_EventCost":"","_EventCostDescription":"","_EventCurrencySymbol":"","_EventCurrencyCode":"","_EventCurrencyPosition":"","_EventDateTimeSeparator":"","_EventTimeRangeSeparator":"","_EventOrganizerID":[],"_EventVenueID":[],"_OrganizerEmail":"","_OrganizerPhone":"","_OrganizerWebsite":"","_VenueAddress":"","_VenueCity":"","_VenueCountry":"","_VenueProvince":"","_VenueState":"","_VenueZip":"","_VenuePhone":"","_VenueURL":"","_VenueStateProvince":"","_VenueLat":"","_VenueLng":"","_VenueShowMap":false,"_VenueShowMapLink":false},"product_brand":[],"product_cat":[42],"product_tag":[],"class_list":{"0":"post-2085","1":"product","2":"type-product","3":"status-publish","4":"has-post-thumbnail","6":"product_cat-mangueiraseconexoes","8":"first","9":"instock","10":"shipping-taxable","11":"purchasable","12":"product-type-simple"},"jetpack_sharing_enabled":true,"_links":{"self":[{"href":"https:\/\/agriomac.com.br\/loja\/wp-json\/wp\/v2\/product\/2085","targetHints":{"allow":["GET"]}}],"collection":[{"href":"https:\/\/agriomac.com.br\/loja\/wp-json\/wp\/v2\/product"}],"about":[{"href":"https:\/\/agriomac.com.br\/loja\/wp-json\/wp\/v2\/types\/product"}],"replies":[{"embeddable":true,"href":"https:\/\/agriomac.com.br\/loja\/wp-json\/wp\/v2\/comments?post=2085"}],"version-history":[{"count":1,"href":"https:\/\/agriomac.com.br\/loja\/wp-json\/wp\/v2\/product\/2085\/revisions"}],"predecessor-version":[{"id":2086,"href":"https:\/\/agriomac.com.br\/loja\/wp-json\/wp\/v2\/product\/2085\/revisions\/2086"}],"wp:featuredmedia":[{"embeddable":true,"href":"https:\/\/agriomac.com.br\/loja\/wp-json\/wp\/v2\/media\/2097"}],"wp:attachment":[{"href":"https:\/\/agriomac.com.br\/loja\/wp-json\/wp\/v2\/media?parent=2085"}],"wp:term":[{"taxonomy":"product_brand","embeddable":true,"href":"https:\/\/agriomac.com.br\/loja\/wp-json\/wp\/v2\/product_brand?post=2085"},{"taxonomy":"product_cat","embeddable":true,"href":"https:\/\/agriomac.com.br\/loja\/wp-json\/wp\/v2\/product_cat?post=2085"},{"taxonomy":"product_tag","embeddable":true,"href":"https:\/\/agriomac.com.br\/loja\/wp-json\/wp\/v2\/product_tag?post=2085"}],"curies":[{"name":"wp","href":"https:\/\/api.w.org\/{rel}","templated":true}]}}