{"id":2089,"date":"2025-06-06T03:54:54","date_gmt":"2025-06-06T03:54:54","guid":{"rendered":"https:\/\/agriomac.com.br\/loja\/?post_type=product&#038;p=2089"},"modified":"2025-07-22T13:14:11","modified_gmt":"2025-07-22T13:14:11","slug":"terminal-femea-fixa-1-8npt-cr1-4-cod224","status":"publish","type":"product","link":"https:\/\/agriomac.com.br\/loja\/produto\/terminal-femea-fixa-1-8npt-cr1-4-cod224\/","title":{"rendered":"TERMINAL FEMEA FIXA 1\/8&#8243;NPT CR1\/4&#8243; &#8211; COD224"},"content":{"rendered":"<p data-start=\"3217\" data-end=\"3392\">Conex\u00e3o f\u00eamea reta com rosca NPT de 1\/8&#8243;, utilizada em sistemas de baixa e m\u00e9dia press\u00e3o. Instala\u00e7\u00e3o r\u00e1pida e segura, com veda\u00e7\u00e3o mec\u00e2nica eficiente.<\/p>\n<p data-start=\"3394\" data-end=\"3423\"><strong data-start=\"3394\" data-end=\"3423\">Caracter\u00edsticas t\u00e9cnicas:<\/strong><\/p>\n<ul data-start=\"3424\" data-end=\"3578\">\n<li data-start=\"3424\" data-end=\"3453\">\n<p data-start=\"3426\" data-end=\"3453\">Tipo: Terminal f\u00eamea reto<\/p>\n<\/li>\n<li data-start=\"3454\" data-end=\"3473\">\n<p data-start=\"3456\" data-end=\"3473\">Rosca: 1\/8&#8243; NPT<\/p>\n<\/li>\n<li data-start=\"3474\" data-end=\"3493\">\n<p data-start=\"3476\" data-end=\"3493\">Mangueira: 1\/4&#8243;<\/p>\n<\/li>\n<li data-start=\"3494\" data-end=\"3578\">\n<p data-start=\"3496\" data-end=\"3578\">Aplica\u00e7\u00f5es: Lubrifica\u00e7\u00e3o, ar comprimido, pulverizadores, mini sistemas hidr\u00e1ulicos<\/p>\n<\/li>\n<\/ul>\n","protected":false},"excerpt":{"rendered":"<p data-start=\"3130\" data-end=\"3215\">Terminal f\u00eamea fixa com rosca NPT 1\/8&#8243; para mangueira de 1\/4&#8243;.<\/p>\n<p data-start=\"3217\" data-end=\"3392\">\n","protected":false},"featured_media":2092,"comment_status":"open","ping_status":"closed","template":"","meta":{"_price":"5.84","_stock":"10","_tribe_ticket_header":"","_tribe_default_ticket_provider":"","_tribe_ticket_capacity":"10","_ticket_start_date":"","_ticket_end_date":"","_tribe_ticket_show_description":"","_tribe_ticket_show_not_going":false,"_tribe_ticket_use_global_stock":"","_tribe_ticket_global_stock_level":"","_global_stock_mode":"","_global_stock_cap":"","_tribe_rsvp_for_event":"","_tribe_ticket_going_count":"","_tribe_ticket_not_going_count":"","_tribe_tickets_list":"[]","_tribe_ticket_has_attendee_info_fields":false,"_EventAllDay":false,"_EventTimezone":"","_EventStartDate":"","_EventEndDate":"","_EventStartDateUTC":"","_EventEndDateUTC":"","_EventShowMap":false,"_EventShowMapLink":false,"_EventURL":"","_EventCost":"","_EventCostDescription":"","_EventCurrencySymbol":"","_EventCurrencyCode":"","_EventCurrencyPosition":"","_EventDateTimeSeparator":"","_EventTimeRangeSeparator":"","_EventOrganizerID":[],"_EventVenueID":[],"_OrganizerEmail":"","_OrganizerPhone":"","_OrganizerWebsite":"","_VenueAddress":"","_VenueCity":"","_VenueCountry":"","_VenueProvince":"","_VenueState":"","_VenueZip":"","_VenuePhone":"","_VenueURL":"","_VenueStateProvince":"","_VenueLat":"","_VenueLng":"","_VenueShowMap":false,"_VenueShowMapLink":false},"product_brand":[],"product_cat":[42],"product_tag":[],"class_list":{"0":"post-2089","1":"product","2":"type-product","3":"status-publish","4":"has-post-thumbnail","6":"product_cat-mangueiraseconexoes","8":"first","9":"instock","10":"shipping-taxable","11":"purchasable","12":"product-type-simple"},"jetpack_sharing_enabled":true,"_links":{"self":[{"href":"https:\/\/agriomac.com.br\/loja\/wp-json\/wp\/v2\/product\/2089","targetHints":{"allow":["GET"]}}],"collection":[{"href":"https:\/\/agriomac.com.br\/loja\/wp-json\/wp\/v2\/product"}],"about":[{"href":"https:\/\/agriomac.com.br\/loja\/wp-json\/wp\/v2\/types\/product"}],"replies":[{"embeddable":true,"href":"https:\/\/agriomac.com.br\/loja\/wp-json\/wp\/v2\/comments?post=2089"}],"version-history":[{"count":1,"href":"https:\/\/agriomac.com.br\/loja\/wp-json\/wp\/v2\/product\/2089\/revisions"}],"predecessor-version":[{"id":2090,"href":"https:\/\/agriomac.com.br\/loja\/wp-json\/wp\/v2\/product\/2089\/revisions\/2090"}],"wp:featuredmedia":[{"embeddable":true,"href":"https:\/\/agriomac.com.br\/loja\/wp-json\/wp\/v2\/media\/2092"}],"wp:attachment":[{"href":"https:\/\/agriomac.com.br\/loja\/wp-json\/wp\/v2\/media?parent=2089"}],"wp:term":[{"taxonomy":"product_brand","embeddable":true,"href":"https:\/\/agriomac.com.br\/loja\/wp-json\/wp\/v2\/product_brand?post=2089"},{"taxonomy":"product_cat","embeddable":true,"href":"https:\/\/agriomac.com.br\/loja\/wp-json\/wp\/v2\/product_cat?post=2089"},{"taxonomy":"product_tag","embeddable":true,"href":"https:\/\/agriomac.com.br\/loja\/wp-json\/wp\/v2\/product_tag?post=2089"}],"curies":[{"name":"wp","href":"https:\/\/api.w.org\/{rel}","templated":true}]}}