{"id":2150,"date":"2025-06-10T22:43:17","date_gmt":"2025-06-10T22:43:17","guid":{"rendered":"https:\/\/agriomac.com.br\/loja\/?post_type=product&#038;p=2150"},"modified":"2025-06-10T23:27:37","modified_gmt":"2025-06-10T23:27:37","slug":"parafuso-arado-c-porca-1-2-x-3-3-4-c-10un","status":"publish","type":"product","link":"https:\/\/agriomac.com.br\/loja\/produto\/parafuso-arado-c-porca-1-2-x-3-3-4-c-10un\/","title":{"rendered":"PARAFUSO ARADO C\/PORCA 1\/2 X 3 3\/4 &#8211; C\/10UN"},"content":{"rendered":"<p data-start=\"1787\" data-end=\"1969\">O Parafuso Arado 1\/2&#8243; x 3.3\/4&#8243; com porca \u00e9 ideal para montagens de maior profundidade em arados e grades. Garante firmeza estrutural e resist\u00eancia \u00e0 tra\u00e7\u00e3o.<\/p>\n<p data-start=\"1971\" data-end=\"2002\"><strong data-start=\"1971\" data-end=\"2000\">Caracter\u00edsticas t\u00e9cnicas:<\/strong><\/p>\n<ul data-start=\"2003\" data-end=\"2228\">\n<li data-start=\"2003\" data-end=\"2031\">\n<p data-start=\"2005\" data-end=\"2031\">Tipo: Parafuso com porca<\/p>\n<\/li>\n<li data-start=\"2032\" data-end=\"2050\">\n<p data-start=\"2034\" data-end=\"2050\">Di\u00e2metro: 1\/2&#8243;<\/p>\n<\/li>\n<li data-start=\"2051\" data-end=\"2085\">\n<p data-start=\"2053\" data-end=\"2085\">Comprimento: 3.3\/4&#8243; (95,25 mm)<\/p>\n<\/li>\n<li data-start=\"2086\" data-end=\"2121\">\n<p data-start=\"2088\" data-end=\"2121\">Material: A\u00e7o carbono refor\u00e7ado<\/p>\n<\/li>\n<li data-start=\"2122\" data-end=\"2149\">\n<p data-start=\"2124\" data-end=\"2149\">Acabamento: Galvanizado<\/p>\n<\/li>\n<li data-start=\"2150\" data-end=\"2201\">\n<p data-start=\"2152\" data-end=\"2201\">Aplica\u00e7\u00f5es: Arados, grades e montagens robustas<\/p>\n<\/li>\n<li data-start=\"2202\" data-end=\"2228\">\n<p data-start=\"2204\" data-end=\"2228\">Embalagem: 10 unidades<\/p>\n<\/li>\n<\/ul>\n","protected":false},"excerpt":{"rendered":"<p data-start=\"1660\" data-end=\"1785\">Parafuso arado com porca 1\/2&#8243; x 3.3\/4&#8243; \u2013 Fixa\u00e7\u00e3o estendida para equipamentos agr\u00edcolas. Pacote com 10.<\/p>\n<p data-start=\"1787\" data-end=\"1969\">\n","protected":false},"featured_media":2169,"comment_status":"open","ping_status":"closed","template":"","meta":{"_price":"60","_stock":"1","_tribe_ticket_header":"","_tribe_default_ticket_provider":"","_tribe_ticket_capacity":"1","_ticket_start_date":"","_ticket_end_date":"","_tribe_ticket_show_description":"","_tribe_ticket_show_not_going":false,"_tribe_ticket_use_global_stock":"","_tribe_ticket_global_stock_level":"","_global_stock_mode":"","_global_stock_cap":"","_tribe_rsvp_for_event":"","_tribe_ticket_going_count":"","_tribe_ticket_not_going_count":"","_tribe_tickets_list":"[]","_tribe_ticket_has_attendee_info_fields":false,"_EventAllDay":false,"_EventTimezone":"","_EventStartDate":"","_EventEndDate":"","_EventStartDateUTC":"","_EventEndDateUTC":"","_EventShowMap":false,"_EventShowMapLink":false,"_EventURL":"","_EventCost":"","_EventCostDescription":"","_EventCurrencySymbol":"","_EventCurrencyCode":"","_EventCurrencyPosition":"","_EventDateTimeSeparator":"","_EventTimeRangeSeparator":"","_EventOrganizerID":[],"_EventVenueID":[],"_OrganizerEmail":"","_OrganizerPhone":"","_OrganizerWebsite":"","_VenueAddress":"","_VenueCity":"","_VenueCountry":"","_VenueProvince":"","_VenueState":"","_VenueZip":"","_VenuePhone":"","_VenueURL":"","_VenueStateProvince":"","_VenueLat":"","_VenueLng":"","_VenueShowMap":false,"_VenueShowMapLink":false},"product_brand":[],"product_cat":[35],"product_tag":[],"class_list":{"0":"post-2150","1":"product","2":"type-product","3":"status-publish","4":"has-post-thumbnail","6":"product_cat-parafusoseporcas","8":"first","9":"instock","10":"shipping-taxable","11":"purchasable","12":"product-type-simple"},"jetpack_sharing_enabled":true,"_links":{"self":[{"href":"https:\/\/agriomac.com.br\/loja\/wp-json\/wp\/v2\/product\/2150","targetHints":{"allow":["GET"]}}],"collection":[{"href":"https:\/\/agriomac.com.br\/loja\/wp-json\/wp\/v2\/product"}],"about":[{"href":"https:\/\/agriomac.com.br\/loja\/wp-json\/wp\/v2\/types\/product"}],"replies":[{"embeddable":true,"href":"https:\/\/agriomac.com.br\/loja\/wp-json\/wp\/v2\/comments?post=2150"}],"version-history":[{"count":1,"href":"https:\/\/agriomac.com.br\/loja\/wp-json\/wp\/v2\/product\/2150\/revisions"}],"predecessor-version":[{"id":2151,"href":"https:\/\/agriomac.com.br\/loja\/wp-json\/wp\/v2\/product\/2150\/revisions\/2151"}],"wp:featuredmedia":[{"embeddable":true,"href":"https:\/\/agriomac.com.br\/loja\/wp-json\/wp\/v2\/media\/2169"}],"wp:attachment":[{"href":"https:\/\/agriomac.com.br\/loja\/wp-json\/wp\/v2\/media?parent=2150"}],"wp:term":[{"taxonomy":"product_brand","embeddable":true,"href":"https:\/\/agriomac.com.br\/loja\/wp-json\/wp\/v2\/product_brand?post=2150"},{"taxonomy":"product_cat","embeddable":true,"href":"https:\/\/agriomac.com.br\/loja\/wp-json\/wp\/v2\/product_cat?post=2150"},{"taxonomy":"product_tag","embeddable":true,"href":"https:\/\/agriomac.com.br\/loja\/wp-json\/wp\/v2\/product_tag?post=2150"}],"curies":[{"name":"wp","href":"https:\/\/api.w.org\/{rel}","templated":true}]}}