{"id":2152,"date":"2025-06-10T22:43:45","date_gmt":"2025-06-10T22:43:45","guid":{"rendered":"https:\/\/agriomac.com.br\/loja\/?post_type=product&#038;p=2152"},"modified":"2025-06-10T23:28:17","modified_gmt":"2025-06-10T23:28:17","slug":"parafuso-arado-c-porca-1-2-x-1-1-2-c-10un","status":"publish","type":"product","link":"https:\/\/agriomac.com.br\/loja\/produto\/parafuso-arado-c-porca-1-2-x-1-1-2-c-10un\/","title":{"rendered":"PARAFUSO ARADO C\/PORCA 1\/2&#8243; X 1.1\/2 &#8211; C\/10UN"},"content":{"rendered":"<p data-start=\"2412\" data-end=\"2598\">Projetado para aplica\u00e7\u00f5es onde o espa\u00e7o \u00e9 limitado, o parafuso 1\/2&#8243; x 1.1\/2&#8243; com porca \u00e9 pr\u00e1tico e confi\u00e1vel, oferecendo excelente fixa\u00e7\u00e3o em implementos leves.<\/p>\n<p data-start=\"2600\" data-end=\"2631\"><strong data-start=\"2600\" data-end=\"2629\">Caracter\u00edsticas t\u00e9cnicas:<\/strong><\/p>\n<ul data-start=\"2632\" data-end=\"2844\">\n<li data-start=\"2632\" data-end=\"2660\">\n<p data-start=\"2634\" data-end=\"2660\">Tipo: Parafuso com porca<\/p>\n<\/li>\n<li data-start=\"2661\" data-end=\"2679\">\n<p data-start=\"2663\" data-end=\"2679\">Di\u00e2metro: 1\/2&#8243;<\/p>\n<\/li>\n<li data-start=\"2680\" data-end=\"2713\">\n<p data-start=\"2682\" data-end=\"2713\">Comprimento: 1.1\/2&#8243; (38,1 mm)<\/p>\n<\/li>\n<li data-start=\"2714\" data-end=\"2739\">\n<p data-start=\"2716\" data-end=\"2739\">Material: A\u00e7o carbono<\/p>\n<\/li>\n<li data-start=\"2740\" data-end=\"2763\">\n<p data-start=\"2742\" data-end=\"2763\">Acabamento: Zincado<\/p>\n<\/li>\n<li data-start=\"2764\" data-end=\"2820\">\n<p data-start=\"2766\" data-end=\"2820\">Aplica\u00e7\u00f5es: Arados leves, pe\u00e7as estruturais pequenas<\/p>\n<\/li>\n<li data-start=\"2821\" data-end=\"2844\">\n<p data-start=\"2823\" data-end=\"2844\">Embalagem: 10 pe\u00e7as<\/p>\n<\/li>\n<\/ul>\n","protected":false},"excerpt":{"rendered":"<p data-start=\"2292\" data-end=\"2410\">Parafuso para arado com porca 1\/2&#8243; x 1.1\/2&#8243; \u2013 Solu\u00e7\u00e3o compacta para fixa\u00e7\u00f5es leves. Kit com 10.<\/p>\n<p data-start=\"2412\" data-end=\"2598\">\n","protected":false},"featured_media":2177,"comment_status":"open","ping_status":"closed","template":"","meta":{"_price":"30","_stock":"1","_tribe_ticket_header":"","_tribe_default_ticket_provider":"","_tribe_ticket_capacity":"1","_ticket_start_date":"","_ticket_end_date":"","_tribe_ticket_show_description":"","_tribe_ticket_show_not_going":false,"_tribe_ticket_use_global_stock":"","_tribe_ticket_global_stock_level":"","_global_stock_mode":"","_global_stock_cap":"","_tribe_rsvp_for_event":"","_tribe_ticket_going_count":"","_tribe_ticket_not_going_count":"","_tribe_tickets_list":"[]","_tribe_ticket_has_attendee_info_fields":false,"_EventAllDay":false,"_EventTimezone":"","_EventStartDate":"","_EventEndDate":"","_EventStartDateUTC":"","_EventEndDateUTC":"","_EventShowMap":false,"_EventShowMapLink":false,"_EventURL":"","_EventCost":"","_EventCostDescription":"","_EventCurrencySymbol":"","_EventCurrencyCode":"","_EventCurrencyPosition":"","_EventDateTimeSeparator":"","_EventTimeRangeSeparator":"","_EventOrganizerID":[],"_EventVenueID":[],"_OrganizerEmail":"","_OrganizerPhone":"","_OrganizerWebsite":"","_VenueAddress":"","_VenueCity":"","_VenueCountry":"","_VenueProvince":"","_VenueState":"","_VenueZip":"","_VenuePhone":"","_VenueURL":"","_VenueStateProvince":"","_VenueLat":"","_VenueLng":"","_VenueShowMap":false,"_VenueShowMapLink":false},"product_brand":[],"product_cat":[35],"product_tag":[],"class_list":{"0":"post-2152","1":"product","2":"type-product","3":"status-publish","4":"has-post-thumbnail","6":"product_cat-parafusoseporcas","8":"first","9":"instock","10":"shipping-taxable","11":"purchasable","12":"product-type-simple"},"jetpack_sharing_enabled":true,"_links":{"self":[{"href":"https:\/\/agriomac.com.br\/loja\/wp-json\/wp\/v2\/product\/2152","targetHints":{"allow":["GET"]}}],"collection":[{"href":"https:\/\/agriomac.com.br\/loja\/wp-json\/wp\/v2\/product"}],"about":[{"href":"https:\/\/agriomac.com.br\/loja\/wp-json\/wp\/v2\/types\/product"}],"replies":[{"embeddable":true,"href":"https:\/\/agriomac.com.br\/loja\/wp-json\/wp\/v2\/comments?post=2152"}],"version-history":[{"count":1,"href":"https:\/\/agriomac.com.br\/loja\/wp-json\/wp\/v2\/product\/2152\/revisions"}],"predecessor-version":[{"id":2153,"href":"https:\/\/agriomac.com.br\/loja\/wp-json\/wp\/v2\/product\/2152\/revisions\/2153"}],"wp:featuredmedia":[{"embeddable":true,"href":"https:\/\/agriomac.com.br\/loja\/wp-json\/wp\/v2\/media\/2177"}],"wp:attachment":[{"href":"https:\/\/agriomac.com.br\/loja\/wp-json\/wp\/v2\/media?parent=2152"}],"wp:term":[{"taxonomy":"product_brand","embeddable":true,"href":"https:\/\/agriomac.com.br\/loja\/wp-json\/wp\/v2\/product_brand?post=2152"},{"taxonomy":"product_cat","embeddable":true,"href":"https:\/\/agriomac.com.br\/loja\/wp-json\/wp\/v2\/product_cat?post=2152"},{"taxonomy":"product_tag","embeddable":true,"href":"https:\/\/agriomac.com.br\/loja\/wp-json\/wp\/v2\/product_tag?post=2152"}],"curies":[{"name":"wp","href":"https:\/\/api.w.org\/{rel}","templated":true}]}}