{"id":2154,"date":"2025-06-10T22:44:27","date_gmt":"2025-06-10T22:44:27","guid":{"rendered":"https:\/\/agriomac.com.br\/loja\/?post_type=product&#038;p=2154"},"modified":"2025-06-10T23:28:28","modified_gmt":"2025-06-10T23:28:28","slug":"parafuso-arado-c-porca-1-2-x-2-c-10un","status":"publish","type":"product","link":"https:\/\/agriomac.com.br\/loja\/produto\/parafuso-arado-c-porca-1-2-x-2-c-10un\/","title":{"rendered":"PARAFUSO ARADO C\/PORCA 1\/2&#8243; X 2&#8243; &#8211; C\/10UN"},"content":{"rendered":"<p data-start=\"3026\" data-end=\"3196\">Com comprimento padr\u00e3o de 2&#8243;, este conjunto \u00e9 ideal para montagens diversas em equipamentos agr\u00edcolas, com rosca refor\u00e7ada e porca de seguran\u00e7a.<\/p>\n<p data-start=\"3198\" data-end=\"3229\"><strong data-start=\"3198\" data-end=\"3227\">Caracter\u00edsticas t\u00e9cnicas:<\/strong><\/p>\n<ul data-start=\"3230\" data-end=\"3440\">\n<li data-start=\"3230\" data-end=\"3258\">\n<p data-start=\"3232\" data-end=\"3258\">Tipo: Parafuso com porca<\/p>\n<\/li>\n<li data-start=\"3259\" data-end=\"3277\">\n<p data-start=\"3261\" data-end=\"3277\">Di\u00e2metro: 1\/2&#8243;<\/p>\n<\/li>\n<li data-start=\"3278\" data-end=\"3307\">\n<p data-start=\"3280\" data-end=\"3307\">Comprimento: 2&#8243; (50,8 mm)<\/p>\n<\/li>\n<li data-start=\"3308\" data-end=\"3341\">\n<p data-start=\"3310\" data-end=\"3341\">Material: A\u00e7o carbono tratado<\/p>\n<\/li>\n<li data-start=\"3342\" data-end=\"3369\">\n<p data-start=\"3344\" data-end=\"3369\">Acabamento: Fosfatizado<\/p>\n<\/li>\n<li data-start=\"3370\" data-end=\"3412\">\n<p data-start=\"3372\" data-end=\"3412\">Aplica\u00e7\u00f5es: Fixa\u00e7\u00e3o de discos e chapas<\/p>\n<\/li>\n<li data-start=\"3413\" data-end=\"3440\">\n<p data-start=\"3415\" data-end=\"3440\">Embalagem: 10 conjuntos<\/p>\n<\/li>\n<\/ul>\n","protected":false},"excerpt":{"rendered":"<p data-start=\"2905\" data-end=\"3024\">Parafuso com porca 1\/2&#8243; x 2&#8243; \u2013 Fixa\u00e7\u00e3o confi\u00e1vel para implementos agr\u00edcolas. Cont\u00e9m 10 unidades.<\/p>\n<p data-start=\"3026\" data-end=\"3196\">\n","protected":false},"featured_media":2167,"comment_status":"open","ping_status":"closed","template":"","meta":{"_price":"35","_stock":"1","_tribe_ticket_header":"","_tribe_default_ticket_provider":"","_tribe_ticket_capacity":"1","_ticket_start_date":"","_ticket_end_date":"","_tribe_ticket_show_description":"","_tribe_ticket_show_not_going":false,"_tribe_ticket_use_global_stock":"","_tribe_ticket_global_stock_level":"","_global_stock_mode":"","_global_stock_cap":"","_tribe_rsvp_for_event":"","_tribe_ticket_going_count":"","_tribe_ticket_not_going_count":"","_tribe_tickets_list":"[]","_tribe_ticket_has_attendee_info_fields":false,"_EventAllDay":false,"_EventTimezone":"","_EventStartDate":"","_EventEndDate":"","_EventStartDateUTC":"","_EventEndDateUTC":"","_EventShowMap":false,"_EventShowMapLink":false,"_EventURL":"","_EventCost":"","_EventCostDescription":"","_EventCurrencySymbol":"","_EventCurrencyCode":"","_EventCurrencyPosition":"","_EventDateTimeSeparator":"","_EventTimeRangeSeparator":"","_EventOrganizerID":[],"_EventVenueID":[],"_OrganizerEmail":"","_OrganizerPhone":"","_OrganizerWebsite":"","_VenueAddress":"","_VenueCity":"","_VenueCountry":"","_VenueProvince":"","_VenueState":"","_VenueZip":"","_VenuePhone":"","_VenueURL":"","_VenueStateProvince":"","_VenueLat":"","_VenueLng":"","_VenueShowMap":false,"_VenueShowMapLink":false},"product_brand":[],"product_cat":[35],"product_tag":[],"class_list":{"0":"post-2154","1":"product","2":"type-product","3":"status-publish","4":"has-post-thumbnail","6":"product_cat-parafusoseporcas","8":"first","9":"instock","10":"shipping-taxable","11":"purchasable","12":"product-type-simple"},"jetpack_sharing_enabled":true,"_links":{"self":[{"href":"https:\/\/agriomac.com.br\/loja\/wp-json\/wp\/v2\/product\/2154","targetHints":{"allow":["GET"]}}],"collection":[{"href":"https:\/\/agriomac.com.br\/loja\/wp-json\/wp\/v2\/product"}],"about":[{"href":"https:\/\/agriomac.com.br\/loja\/wp-json\/wp\/v2\/types\/product"}],"replies":[{"embeddable":true,"href":"https:\/\/agriomac.com.br\/loja\/wp-json\/wp\/v2\/comments?post=2154"}],"version-history":[{"count":1,"href":"https:\/\/agriomac.com.br\/loja\/wp-json\/wp\/v2\/product\/2154\/revisions"}],"predecessor-version":[{"id":2155,"href":"https:\/\/agriomac.com.br\/loja\/wp-json\/wp\/v2\/product\/2154\/revisions\/2155"}],"wp:featuredmedia":[{"embeddable":true,"href":"https:\/\/agriomac.com.br\/loja\/wp-json\/wp\/v2\/media\/2167"}],"wp:attachment":[{"href":"https:\/\/agriomac.com.br\/loja\/wp-json\/wp\/v2\/media?parent=2154"}],"wp:term":[{"taxonomy":"product_brand","embeddable":true,"href":"https:\/\/agriomac.com.br\/loja\/wp-json\/wp\/v2\/product_brand?post=2154"},{"taxonomy":"product_cat","embeddable":true,"href":"https:\/\/agriomac.com.br\/loja\/wp-json\/wp\/v2\/product_cat?post=2154"},{"taxonomy":"product_tag","embeddable":true,"href":"https:\/\/agriomac.com.br\/loja\/wp-json\/wp\/v2\/product_tag?post=2154"}],"curies":[{"name":"wp","href":"https:\/\/api.w.org\/{rel}","templated":true}]}}