{"id":2160,"date":"2025-06-10T22:47:47","date_gmt":"2025-06-10T22:47:47","guid":{"rendered":"https:\/\/agriomac.com.br\/loja\/?post_type=product&#038;p=2160"},"modified":"2025-06-10T23:29:11","modified_gmt":"2025-06-10T23:29:11","slug":"eixo-compactador-dir","status":"publish","type":"product","link":"https:\/\/agriomac.com.br\/loja\/produto\/eixo-compactador-dir\/","title":{"rendered":"EIXO COMPACTADOR DIR"},"content":{"rendered":"<p data-start=\"4852\" data-end=\"5050\">O Eixo Compactador Direito \u00e9 utilizado em implementos agr\u00edcolas que realizam compacta\u00e7\u00e3o do solo. Com fabrica\u00e7\u00e3o robusta, garante alinhamento e durabilidade ao equipamento.<\/p>\n<p data-start=\"5052\" data-end=\"5083\"><strong data-start=\"5052\" data-end=\"5081\">Caracter\u00edsticas t\u00e9cnicas:<\/strong><\/p>\n<ul data-start=\"5084\" data-end=\"5287\">\n<li data-start=\"5084\" data-end=\"5128\">\n<p data-start=\"5086\" data-end=\"5128\">Tipo: Eixo de compacta\u00e7\u00e3o (lado direito)<\/p>\n<\/li>\n<li data-start=\"5129\" data-end=\"5167\">\n<p data-start=\"5131\" data-end=\"5167\">Material: A\u00e7o trefilado ou forjado<\/p>\n<\/li>\n<li data-start=\"5168\" data-end=\"5222\">\n<p data-start=\"5170\" data-end=\"5222\">Acabamento: Tratamento t\u00e9rmico e pintura protetiva<\/p>\n<\/li>\n<li data-start=\"5223\" data-end=\"5287\">\n<p data-start=\"5225\" data-end=\"5287\">Aplica\u00e7\u00f5es: Compactadores de solo, plantadeiras, adubadeiras<\/p>\n<\/li>\n<\/ul>\n","protected":false},"excerpt":{"rendered":"<p data-start=\"4739\" data-end=\"4850\">Eixo compactador lado direito \u2013 Pe\u00e7a de reposi\u00e7\u00e3o para sistemas de compacta\u00e7\u00e3o agr\u00edcola.<\/p>\n<p data-start=\"4852\" data-end=\"5050\">\n","protected":false},"featured_media":2172,"comment_status":"open","ping_status":"closed","template":"","meta":{"_price":"38.06","_stock":"4","_tribe_ticket_header":"","_tribe_default_ticket_provider":"","_tribe_ticket_capacity":"4","_ticket_start_date":"","_ticket_end_date":"","_tribe_ticket_show_description":"","_tribe_ticket_show_not_going":false,"_tribe_ticket_use_global_stock":"","_tribe_ticket_global_stock_level":"","_global_stock_mode":"","_global_stock_cap":"","_tribe_rsvp_for_event":"","_tribe_ticket_going_count":"","_tribe_ticket_not_going_count":"","_tribe_tickets_list":"[]","_tribe_ticket_has_attendee_info_fields":false,"_EventAllDay":false,"_EventTimezone":"","_EventStartDate":"","_EventEndDate":"","_EventStartDateUTC":"","_EventEndDateUTC":"","_EventShowMap":false,"_EventShowMapLink":false,"_EventURL":"","_EventCost":"","_EventCostDescription":"","_EventCurrencySymbol":"","_EventCurrencyCode":"","_EventCurrencyPosition":"","_EventDateTimeSeparator":"","_EventTimeRangeSeparator":"","_EventOrganizerID":[],"_EventVenueID":[],"_OrganizerEmail":"","_OrganizerPhone":"","_OrganizerWebsite":"","_VenueAddress":"","_VenueCity":"","_VenueCountry":"","_VenueProvince":"","_VenueState":"","_VenueZip":"","_VenuePhone":"","_VenueURL":"","_VenueStateProvince":"","_VenueLat":"","_VenueLng":"","_VenueShowMap":false,"_VenueShowMapLink":false},"product_brand":[],"product_cat":[44],"product_tag":[],"class_list":{"0":"post-2160","1":"product","2":"type-product","3":"status-publish","4":"has-post-thumbnail","6":"product_cat-pecasimplementosagricolas","8":"first","9":"instock","10":"shipping-taxable","11":"purchasable","12":"product-type-simple"},"jetpack_sharing_enabled":true,"_links":{"self":[{"href":"https:\/\/agriomac.com.br\/loja\/wp-json\/wp\/v2\/product\/2160","targetHints":{"allow":["GET"]}}],"collection":[{"href":"https:\/\/agriomac.com.br\/loja\/wp-json\/wp\/v2\/product"}],"about":[{"href":"https:\/\/agriomac.com.br\/loja\/wp-json\/wp\/v2\/types\/product"}],"replies":[{"embeddable":true,"href":"https:\/\/agriomac.com.br\/loja\/wp-json\/wp\/v2\/comments?post=2160"}],"version-history":[{"count":1,"href":"https:\/\/agriomac.com.br\/loja\/wp-json\/wp\/v2\/product\/2160\/revisions"}],"predecessor-version":[{"id":2161,"href":"https:\/\/agriomac.com.br\/loja\/wp-json\/wp\/v2\/product\/2160\/revisions\/2161"}],"wp:featuredmedia":[{"embeddable":true,"href":"https:\/\/agriomac.com.br\/loja\/wp-json\/wp\/v2\/media\/2172"}],"wp:attachment":[{"href":"https:\/\/agriomac.com.br\/loja\/wp-json\/wp\/v2\/media?parent=2160"}],"wp:term":[{"taxonomy":"product_brand","embeddable":true,"href":"https:\/\/agriomac.com.br\/loja\/wp-json\/wp\/v2\/product_brand?post=2160"},{"taxonomy":"product_cat","embeddable":true,"href":"https:\/\/agriomac.com.br\/loja\/wp-json\/wp\/v2\/product_cat?post=2160"},{"taxonomy":"product_tag","embeddable":true,"href":"https:\/\/agriomac.com.br\/loja\/wp-json\/wp\/v2\/product_tag?post=2160"}],"curies":[{"name":"wp","href":"https:\/\/api.w.org\/{rel}","templated":true}]}}