{"id":2162,"date":"2025-06-10T22:48:19","date_gmt":"2025-06-10T22:48:19","guid":{"rendered":"https:\/\/agriomac.com.br\/loja\/?post_type=product&#038;p=2162"},"modified":"2025-06-10T23:29:17","modified_gmt":"2025-06-10T23:29:17","slug":"eixo-compactador-esq","status":"publish","type":"product","link":"https:\/\/agriomac.com.br\/loja\/produto\/eixo-compactador-esq\/","title":{"rendered":"EIXO COMPACTADOR ESQ"},"content":{"rendered":"<p data-start=\"5433\" data-end=\"5644\">Complementando o conjunto de compacta\u00e7\u00e3o, o Eixo Compactador Esquerdo oferece resist\u00eancia e precis\u00e3o nos implementos agr\u00edcolas, suportando esfor\u00e7os mec\u00e2nicos durante o trabalho no solo.<\/p>\n<p data-start=\"5646\" data-end=\"5677\"><strong data-start=\"5646\" data-end=\"5675\">Caracter\u00edsticas t\u00e9cnicas:<\/strong><\/p>\n<ul data-start=\"5678\" data-end=\"5872\">\n<li data-start=\"5678\" data-end=\"5723\">\n<p data-start=\"5680\" data-end=\"5723\">Tipo: Eixo de compacta\u00e7\u00e3o (lado esquerdo)<\/p>\n<\/li>\n<li data-start=\"5724\" data-end=\"5762\">\n<p data-start=\"5726\" data-end=\"5762\">Material: A\u00e7o tratado termicamente<\/p>\n<\/li>\n<li data-start=\"5763\" data-end=\"5800\">\n<p data-start=\"5765\" data-end=\"5800\">Acabamento: Pintura anticorrosiva<\/p>\n<\/li>\n<li data-start=\"5801\" data-end=\"5872\">\n<p data-start=\"5803\" data-end=\"5872\">Aplica\u00e7\u00f5es: Compactadores, adubadeiras, sistemas de preparo de solo<\/p>\n<\/li>\n<\/ul>\n","protected":false},"excerpt":{"rendered":"<p data-start=\"5327\" data-end=\"5431\">Eixo compactador lado esquerdo \u2013 Compat\u00edvel com sistemas de compacta\u00e7\u00e3o agr\u00edcola.<\/p>\n<p data-start=\"5433\" data-end=\"5644\">\n","protected":false},"featured_media":2173,"comment_status":"open","ping_status":"closed","template":"","meta":{"_price":"18.81","_stock":"4","_tribe_ticket_header":"","_tribe_default_ticket_provider":"","_tribe_ticket_capacity":"4","_ticket_start_date":"","_ticket_end_date":"","_tribe_ticket_show_description":"","_tribe_ticket_show_not_going":false,"_tribe_ticket_use_global_stock":"","_tribe_ticket_global_stock_level":"","_global_stock_mode":"","_global_stock_cap":"","_tribe_rsvp_for_event":"","_tribe_ticket_going_count":"","_tribe_ticket_not_going_count":"","_tribe_tickets_list":"[]","_tribe_ticket_has_attendee_info_fields":false,"_EventAllDay":false,"_EventTimezone":"","_EventStartDate":"","_EventEndDate":"","_EventStartDateUTC":"","_EventEndDateUTC":"","_EventShowMap":false,"_EventShowMapLink":false,"_EventURL":"","_EventCost":"","_EventCostDescription":"","_EventCurrencySymbol":"","_EventCurrencyCode":"","_EventCurrencyPosition":"","_EventDateTimeSeparator":"","_EventTimeRangeSeparator":"","_EventOrganizerID":[],"_EventVenueID":[],"_OrganizerEmail":"","_OrganizerPhone":"","_OrganizerWebsite":"","_VenueAddress":"","_VenueCity":"","_VenueCountry":"","_VenueProvince":"","_VenueState":"","_VenueZip":"","_VenuePhone":"","_VenueURL":"","_VenueStateProvince":"","_VenueLat":"","_VenueLng":"","_VenueShowMap":false,"_VenueShowMapLink":false},"product_brand":[],"product_cat":[44],"product_tag":[],"class_list":{"0":"post-2162","1":"product","2":"type-product","3":"status-publish","4":"has-post-thumbnail","6":"product_cat-pecasimplementosagricolas","8":"first","9":"instock","10":"shipping-taxable","11":"purchasable","12":"product-type-simple"},"jetpack_sharing_enabled":true,"_links":{"self":[{"href":"https:\/\/agriomac.com.br\/loja\/wp-json\/wp\/v2\/product\/2162","targetHints":{"allow":["GET"]}}],"collection":[{"href":"https:\/\/agriomac.com.br\/loja\/wp-json\/wp\/v2\/product"}],"about":[{"href":"https:\/\/agriomac.com.br\/loja\/wp-json\/wp\/v2\/types\/product"}],"replies":[{"embeddable":true,"href":"https:\/\/agriomac.com.br\/loja\/wp-json\/wp\/v2\/comments?post=2162"}],"version-history":[{"count":1,"href":"https:\/\/agriomac.com.br\/loja\/wp-json\/wp\/v2\/product\/2162\/revisions"}],"predecessor-version":[{"id":2163,"href":"https:\/\/agriomac.com.br\/loja\/wp-json\/wp\/v2\/product\/2162\/revisions\/2163"}],"wp:featuredmedia":[{"embeddable":true,"href":"https:\/\/agriomac.com.br\/loja\/wp-json\/wp\/v2\/media\/2173"}],"wp:attachment":[{"href":"https:\/\/agriomac.com.br\/loja\/wp-json\/wp\/v2\/media?parent=2162"}],"wp:term":[{"taxonomy":"product_brand","embeddable":true,"href":"https:\/\/agriomac.com.br\/loja\/wp-json\/wp\/v2\/product_brand?post=2162"},{"taxonomy":"product_cat","embeddable":true,"href":"https:\/\/agriomac.com.br\/loja\/wp-json\/wp\/v2\/product_cat?post=2162"},{"taxonomy":"product_tag","embeddable":true,"href":"https:\/\/agriomac.com.br\/loja\/wp-json\/wp\/v2\/product_tag?post=2162"}],"curies":[{"name":"wp","href":"https:\/\/api.w.org\/{rel}","templated":true}]}}