{"id":2178,"date":"2025-06-10T23:17:15","date_gmt":"2025-06-10T23:17:15","guid":{"rendered":"https:\/\/agriomac.com.br\/loja\/?post_type=product&#038;p=2178"},"modified":"2025-06-10T23:43:08","modified_gmt":"2025-06-10T23:43:08","slug":"parafuso-sx-g-5-nc-3-4-x-4-1-2-c-10un","status":"publish","type":"product","link":"https:\/\/agriomac.com.br\/loja\/produto\/parafuso-sx-g-5-nc-3-4-x-4-1-2-c-10un\/","title":{"rendered":"PARAFUSO SX G-5 NC 3\/4 X 4.1\/2 &#8211; C\/10UN"},"content":{"rendered":"<p data-start=\"1102\" data-end=\"1359\">Fabricado em a\u00e7o de grau 5, o Parafuso Sextavado 3\/4&#8243; x 4.1\/2&#8243; UNC \u00e9 ideal para conex\u00f5es que exigem firmeza e durabilidade. Utilizado em m\u00e1quinas, implementos e estruturas, sua rosca grossa proporciona maior resist\u00eancia \u00e0 vibra\u00e7\u00e3o.<\/p>\n<p data-start=\"1361\" data-end=\"1392\"><strong data-start=\"1361\" data-end=\"1390\">Caracter\u00edsticas t\u00e9cnicas:<\/strong><\/p>\n<ul data-start=\"1393\" data-end=\"1596\">\n<li data-start=\"1393\" data-end=\"1411\">\n<p data-start=\"1395\" data-end=\"1411\">Di\u00e2metro: 3\/4&#8243;<\/p>\n<\/li>\n<li data-start=\"1412\" data-end=\"1435\">\n<p data-start=\"1414\" data-end=\"1435\">Comprimento: 4.1\/2&#8243;<\/p>\n<\/li>\n<li data-start=\"1436\" data-end=\"1450\">\n<p data-start=\"1438\" data-end=\"1450\">Rosca: UNC<\/p>\n<\/li>\n<li data-start=\"1451\" data-end=\"1465\">\n<p data-start=\"1453\" data-end=\"1465\">Classe: G5<\/p>\n<\/li>\n<li data-start=\"1466\" data-end=\"1491\">\n<p data-start=\"1468\" data-end=\"1491\">Material: A\u00e7o carbono<\/p>\n<\/li>\n<li data-start=\"1492\" data-end=\"1515\">\n<p data-start=\"1494\" data-end=\"1515\">Acabamento: Zincado<\/p>\n<\/li>\n<li data-start=\"1516\" data-end=\"1596\">\n<p data-start=\"1518\" data-end=\"1596\">Aplica\u00e7\u00f5es: M\u00e1quinas agr\u00edcolas, sistemas estruturais, equipamentos industriais<\/p>\n<\/li>\n<\/ul>\n","protected":false},"excerpt":{"rendered":"<p data-start=\"970\" data-end=\"1100\">Parafuso sextavado UNC 3\/4&#8243; x 4.1\/2&#8243; \u2013 Grau 5, robusto e confi\u00e1vel para aplica\u00e7\u00f5es industriais e agr\u00edcolas.<\/p>\n<p data-start=\"1102\" data-end=\"1359\">\n","protected":false},"featured_media":2199,"comment_status":"open","ping_status":"closed","template":"","meta":{"_price":"160","_stock":"1","_tribe_ticket_header":"","_tribe_default_ticket_provider":"","_tribe_ticket_capacity":"1","_ticket_start_date":"","_ticket_end_date":"","_tribe_ticket_show_description":"","_tribe_ticket_show_not_going":false,"_tribe_ticket_use_global_stock":"","_tribe_ticket_global_stock_level":"","_global_stock_mode":"","_global_stock_cap":"","_tribe_rsvp_for_event":"","_tribe_ticket_going_count":"","_tribe_ticket_not_going_count":"","_tribe_tickets_list":"[]","_tribe_ticket_has_attendee_info_fields":false,"_EventAllDay":false,"_EventTimezone":"","_EventStartDate":"","_EventEndDate":"","_EventStartDateUTC":"","_EventEndDateUTC":"","_EventShowMap":false,"_EventShowMapLink":false,"_EventURL":"","_EventCost":"","_EventCostDescription":"","_EventCurrencySymbol":"","_EventCurrencyCode":"","_EventCurrencyPosition":"","_EventDateTimeSeparator":"","_EventTimeRangeSeparator":"","_EventOrganizerID":[],"_EventVenueID":[],"_OrganizerEmail":"","_OrganizerPhone":"","_OrganizerWebsite":"","_VenueAddress":"","_VenueCity":"","_VenueCountry":"","_VenueProvince":"","_VenueState":"","_VenueZip":"","_VenuePhone":"","_VenueURL":"","_VenueStateProvince":"","_VenueLat":"","_VenueLng":"","_VenueShowMap":false,"_VenueShowMapLink":false},"product_brand":[],"product_cat":[35],"product_tag":[],"class_list":{"0":"post-2178","1":"product","2":"type-product","3":"status-publish","4":"has-post-thumbnail","6":"product_cat-parafusoseporcas","8":"first","9":"instock","10":"shipping-taxable","11":"purchasable","12":"product-type-simple"},"jetpack_sharing_enabled":true,"_links":{"self":[{"href":"https:\/\/agriomac.com.br\/loja\/wp-json\/wp\/v2\/product\/2178","targetHints":{"allow":["GET"]}}],"collection":[{"href":"https:\/\/agriomac.com.br\/loja\/wp-json\/wp\/v2\/product"}],"about":[{"href":"https:\/\/agriomac.com.br\/loja\/wp-json\/wp\/v2\/types\/product"}],"replies":[{"embeddable":true,"href":"https:\/\/agriomac.com.br\/loja\/wp-json\/wp\/v2\/comments?post=2178"}],"version-history":[{"count":1,"href":"https:\/\/agriomac.com.br\/loja\/wp-json\/wp\/v2\/product\/2178\/revisions"}],"predecessor-version":[{"id":2179,"href":"https:\/\/agriomac.com.br\/loja\/wp-json\/wp\/v2\/product\/2178\/revisions\/2179"}],"wp:featuredmedia":[{"embeddable":true,"href":"https:\/\/agriomac.com.br\/loja\/wp-json\/wp\/v2\/media\/2199"}],"wp:attachment":[{"href":"https:\/\/agriomac.com.br\/loja\/wp-json\/wp\/v2\/media?parent=2178"}],"wp:term":[{"taxonomy":"product_brand","embeddable":true,"href":"https:\/\/agriomac.com.br\/loja\/wp-json\/wp\/v2\/product_brand?post=2178"},{"taxonomy":"product_cat","embeddable":true,"href":"https:\/\/agriomac.com.br\/loja\/wp-json\/wp\/v2\/product_cat?post=2178"},{"taxonomy":"product_tag","embeddable":true,"href":"https:\/\/agriomac.com.br\/loja\/wp-json\/wp\/v2\/product_tag?post=2178"}],"curies":[{"name":"wp","href":"https:\/\/api.w.org\/{rel}","templated":true}]}}