{"id":2184,"date":"2025-06-10T23:19:52","date_gmt":"2025-06-10T23:19:52","guid":{"rendered":"https:\/\/agriomac.com.br\/loja\/?post_type=product&#038;p=2184"},"modified":"2025-06-10T23:43:59","modified_gmt":"2025-06-10T23:43:59","slug":"parafuso-sx-g-5-nc-3-4-x-2-1-2-c-10un","status":"publish","type":"product","link":"https:\/\/agriomac.com.br\/loja\/produto\/parafuso-sx-g-5-nc-3-4-x-2-1-2-c-10un\/","title":{"rendered":"PARAFUSO SX G-5 NC 3\/4&#8243; X 2.1\/2&#8243; &#8211; C\/10UN"},"content":{"rendered":"<p data-start=\"3022\" data-end=\"3215\">Com comprimento de 2.1\/2&#8243;, este parafuso UNC 3\/4&#8243; Grau 5 oferece firmeza em montagens que exigem robustez e estabilidade, sendo amplamente utilizado no setor agr\u00edcola.<\/p>\n<p data-start=\"3217\" data-end=\"3248\"><strong data-start=\"3217\" data-end=\"3246\">Caracter\u00edsticas t\u00e9cnicas:<\/strong><\/p>\n<ul data-start=\"3249\" data-end=\"3459\">\n<li data-start=\"3249\" data-end=\"3267\">\n<p data-start=\"3251\" data-end=\"3267\">Di\u00e2metro: 3\/4&#8243;<\/p>\n<\/li>\n<li data-start=\"3268\" data-end=\"3291\">\n<p data-start=\"3270\" data-end=\"3291\">Comprimento: 2.1\/2&#8243;<\/p>\n<\/li>\n<li data-start=\"3292\" data-end=\"3306\">\n<p data-start=\"3294\" data-end=\"3306\">Rosca: UNC<\/p>\n<\/li>\n<li data-start=\"3307\" data-end=\"3321\">\n<p data-start=\"3309\" data-end=\"3321\">Classe: G5<\/p>\n<\/li>\n<li data-start=\"3322\" data-end=\"3347\">\n<p data-start=\"3324\" data-end=\"3347\">Material: A\u00e7o carbono<\/p>\n<\/li>\n<li data-start=\"3348\" data-end=\"3371\">\n<p data-start=\"3350\" data-end=\"3371\">Acabamento: Zincado<\/p>\n<\/li>\n<li data-start=\"3372\" data-end=\"3459\">\n<p data-start=\"3374\" data-end=\"3459\">Aplica\u00e7\u00f5es: Montagem de equipamentos, estruturas met\u00e1licas, colheitadeiras e tratores<\/p>\n<\/li>\n<\/ul>\n","protected":false},"excerpt":{"rendered":"<p data-start=\"2904\" data-end=\"3020\">Parafuso sextavado UNC 3\/4&#8243; x 2.1\/2&#8243; \u2013 Grau 5, ideal para estruturas agr\u00edcolas e industriais.<\/p>\n<p data-start=\"3022\" data-end=\"3215\">\n","protected":false},"featured_media":2197,"comment_status":"open","ping_status":"closed","template":"","meta":{"_price":"105","_stock":"1","_tribe_ticket_header":"","_tribe_default_ticket_provider":"","_tribe_ticket_capacity":"1","_ticket_start_date":"","_ticket_end_date":"","_tribe_ticket_show_description":"","_tribe_ticket_show_not_going":false,"_tribe_ticket_use_global_stock":"","_tribe_ticket_global_stock_level":"","_global_stock_mode":"","_global_stock_cap":"","_tribe_rsvp_for_event":"","_tribe_ticket_going_count":"","_tribe_ticket_not_going_count":"","_tribe_tickets_list":"[]","_tribe_ticket_has_attendee_info_fields":false,"_EventAllDay":false,"_EventTimezone":"","_EventStartDate":"","_EventEndDate":"","_EventStartDateUTC":"","_EventEndDateUTC":"","_EventShowMap":false,"_EventShowMapLink":false,"_EventURL":"","_EventCost":"","_EventCostDescription":"","_EventCurrencySymbol":"","_EventCurrencyCode":"","_EventCurrencyPosition":"","_EventDateTimeSeparator":"","_EventTimeRangeSeparator":"","_EventOrganizerID":[],"_EventVenueID":[],"_OrganizerEmail":"","_OrganizerPhone":"","_OrganizerWebsite":"","_VenueAddress":"","_VenueCity":"","_VenueCountry":"","_VenueProvince":"","_VenueState":"","_VenueZip":"","_VenuePhone":"","_VenueURL":"","_VenueStateProvince":"","_VenueLat":"","_VenueLng":"","_VenueShowMap":false,"_VenueShowMapLink":false},"product_brand":[],"product_cat":[35],"product_tag":[],"class_list":{"0":"post-2184","1":"product","2":"type-product","3":"status-publish","4":"has-post-thumbnail","6":"product_cat-parafusoseporcas","8":"first","9":"instock","10":"shipping-taxable","11":"purchasable","12":"product-type-simple"},"jetpack_sharing_enabled":true,"_links":{"self":[{"href":"https:\/\/agriomac.com.br\/loja\/wp-json\/wp\/v2\/product\/2184","targetHints":{"allow":["GET"]}}],"collection":[{"href":"https:\/\/agriomac.com.br\/loja\/wp-json\/wp\/v2\/product"}],"about":[{"href":"https:\/\/agriomac.com.br\/loja\/wp-json\/wp\/v2\/types\/product"}],"replies":[{"embeddable":true,"href":"https:\/\/agriomac.com.br\/loja\/wp-json\/wp\/v2\/comments?post=2184"}],"version-history":[{"count":1,"href":"https:\/\/agriomac.com.br\/loja\/wp-json\/wp\/v2\/product\/2184\/revisions"}],"predecessor-version":[{"id":2185,"href":"https:\/\/agriomac.com.br\/loja\/wp-json\/wp\/v2\/product\/2184\/revisions\/2185"}],"wp:featuredmedia":[{"embeddable":true,"href":"https:\/\/agriomac.com.br\/loja\/wp-json\/wp\/v2\/media\/2197"}],"wp:attachment":[{"href":"https:\/\/agriomac.com.br\/loja\/wp-json\/wp\/v2\/media?parent=2184"}],"wp:term":[{"taxonomy":"product_brand","embeddable":true,"href":"https:\/\/agriomac.com.br\/loja\/wp-json\/wp\/v2\/product_brand?post=2184"},{"taxonomy":"product_cat","embeddable":true,"href":"https:\/\/agriomac.com.br\/loja\/wp-json\/wp\/v2\/product_cat?post=2184"},{"taxonomy":"product_tag","embeddable":true,"href":"https:\/\/agriomac.com.br\/loja\/wp-json\/wp\/v2\/product_tag?post=2184"}],"curies":[{"name":"wp","href":"https:\/\/api.w.org\/{rel}","templated":true}]}}