{"id":2186,"date":"2025-06-10T23:21:09","date_gmt":"2025-06-10T23:21:09","guid":{"rendered":"https:\/\/agriomac.com.br\/loja\/?post_type=product&#038;p=2186"},"modified":"2025-06-10T23:44:40","modified_gmt":"2025-06-10T23:44:40","slug":"parafuso-sx-g-5-nc-5-8-x-1-1-2-c-10un","status":"publish","type":"product","link":"https:\/\/agriomac.com.br\/loja\/produto\/parafuso-sx-g-5-nc-5-8-x-1-1-2-c-10un\/","title":{"rendered":"PARAFUSO SX G-5 NC 5\/8 X 1.1\/2 &#8211; C\/10UN"},"content":{"rendered":"<p data-start=\"3639\" data-end=\"3852\">Projetado para conex\u00f5es mais compactas, o Parafuso Sextavado UNC 5\/8&#8243; x 1.1\/2&#8243; \u00e9 fabricado em a\u00e7o grau 5 e \u00e9 amplamente utilizado em suportes, chassis e m\u00e1quinas agr\u00edcolas de m\u00e9dio porte.<\/p>\n<p data-start=\"3854\" data-end=\"3885\"><strong data-start=\"3854\" data-end=\"3883\">Caracter\u00edsticas t\u00e9cnicas:<\/strong><\/p>\n<ul data-start=\"3886\" data-end=\"4096\">\n<li data-start=\"3886\" data-end=\"3904\">\n<p data-start=\"3888\" data-end=\"3904\">Di\u00e2metro: 5\/8&#8243;<\/p>\n<\/li>\n<li data-start=\"3905\" data-end=\"3928\">\n<p data-start=\"3907\" data-end=\"3928\">Comprimento: 1.1\/2&#8243;<\/p>\n<\/li>\n<li data-start=\"3929\" data-end=\"3943\">\n<p data-start=\"3931\" data-end=\"3943\">Rosca: UNC<\/p>\n<\/li>\n<li data-start=\"3944\" data-end=\"3958\">\n<p data-start=\"3946\" data-end=\"3958\">Classe: G5<\/p>\n<\/li>\n<li data-start=\"3959\" data-end=\"3984\">\n<p data-start=\"3961\" data-end=\"3984\">Material: A\u00e7o carbono<\/p>\n<\/li>\n<li data-start=\"3985\" data-end=\"4008\">\n<p data-start=\"3987\" data-end=\"4008\">Acabamento: Zincado<\/p>\n<\/li>\n<li data-start=\"4009\" data-end=\"4096\">\n<p data-start=\"4011\" data-end=\"4096\">Aplica\u00e7\u00f5es: Fixa\u00e7\u00e3o de suportes, chapas estruturais, m\u00e1quinas agr\u00edcolas e industriais<\/p>\n<\/li>\n<\/ul>\n","protected":false},"excerpt":{"rendered":"<p data-start=\"3518\" data-end=\"3637\">Parafuso sextavado UNC 5\/8&#8243; x 1.1\/2&#8243; \u2013 Compacto, resistente e eficiente em fixa\u00e7\u00f5es estruturais.<\/p>\n<p data-start=\"3639\" data-end=\"3852\">\n","protected":false},"featured_media":2202,"comment_status":"open","ping_status":"closed","template":"","meta":{"_price":"42","_stock":"1","_tribe_ticket_header":"","_tribe_default_ticket_provider":"","_tribe_ticket_capacity":"1","_ticket_start_date":"","_ticket_end_date":"","_tribe_ticket_show_description":"","_tribe_ticket_show_not_going":false,"_tribe_ticket_use_global_stock":"","_tribe_ticket_global_stock_level":"","_global_stock_mode":"","_global_stock_cap":"","_tribe_rsvp_for_event":"","_tribe_ticket_going_count":"","_tribe_ticket_not_going_count":"","_tribe_tickets_list":"[]","_tribe_ticket_has_attendee_info_fields":false,"_EventAllDay":false,"_EventTimezone":"","_EventStartDate":"","_EventEndDate":"","_EventStartDateUTC":"","_EventEndDateUTC":"","_EventShowMap":false,"_EventShowMapLink":false,"_EventURL":"","_EventCost":"","_EventCostDescription":"","_EventCurrencySymbol":"","_EventCurrencyCode":"","_EventCurrencyPosition":"","_EventDateTimeSeparator":"","_EventTimeRangeSeparator":"","_EventOrganizerID":[],"_EventVenueID":[],"_OrganizerEmail":"","_OrganizerPhone":"","_OrganizerWebsite":"","_VenueAddress":"","_VenueCity":"","_VenueCountry":"","_VenueProvince":"","_VenueState":"","_VenueZip":"","_VenuePhone":"","_VenueURL":"","_VenueStateProvince":"","_VenueLat":"","_VenueLng":"","_VenueShowMap":false,"_VenueShowMapLink":false},"product_brand":[],"product_cat":[35],"product_tag":[],"class_list":{"0":"post-2186","1":"product","2":"type-product","3":"status-publish","4":"has-post-thumbnail","6":"product_cat-parafusoseporcas","8":"first","9":"instock","10":"shipping-taxable","11":"purchasable","12":"product-type-simple"},"jetpack_sharing_enabled":true,"_links":{"self":[{"href":"https:\/\/agriomac.com.br\/loja\/wp-json\/wp\/v2\/product\/2186","targetHints":{"allow":["GET"]}}],"collection":[{"href":"https:\/\/agriomac.com.br\/loja\/wp-json\/wp\/v2\/product"}],"about":[{"href":"https:\/\/agriomac.com.br\/loja\/wp-json\/wp\/v2\/types\/product"}],"replies":[{"embeddable":true,"href":"https:\/\/agriomac.com.br\/loja\/wp-json\/wp\/v2\/comments?post=2186"}],"version-history":[{"count":1,"href":"https:\/\/agriomac.com.br\/loja\/wp-json\/wp\/v2\/product\/2186\/revisions"}],"predecessor-version":[{"id":2187,"href":"https:\/\/agriomac.com.br\/loja\/wp-json\/wp\/v2\/product\/2186\/revisions\/2187"}],"wp:featuredmedia":[{"embeddable":true,"href":"https:\/\/agriomac.com.br\/loja\/wp-json\/wp\/v2\/media\/2202"}],"wp:attachment":[{"href":"https:\/\/agriomac.com.br\/loja\/wp-json\/wp\/v2\/media?parent=2186"}],"wp:term":[{"taxonomy":"product_brand","embeddable":true,"href":"https:\/\/agriomac.com.br\/loja\/wp-json\/wp\/v2\/product_brand?post=2186"},{"taxonomy":"product_cat","embeddable":true,"href":"https:\/\/agriomac.com.br\/loja\/wp-json\/wp\/v2\/product_cat?post=2186"},{"taxonomy":"product_tag","embeddable":true,"href":"https:\/\/agriomac.com.br\/loja\/wp-json\/wp\/v2\/product_tag?post=2186"}],"curies":[{"name":"wp","href":"https:\/\/api.w.org\/{rel}","templated":true}]}}