{"id":2188,"date":"2025-06-10T23:21:51","date_gmt":"2025-06-10T23:21:51","guid":{"rendered":"https:\/\/agriomac.com.br\/loja\/?post_type=product&#038;p=2188"},"modified":"2025-06-11T00:02:28","modified_gmt":"2025-06-11T00:02:28","slug":"parafuso-sx-g-5-nc-5-8-x-4-c-10un","status":"publish","type":"product","link":"https:\/\/agriomac.com.br\/loja\/produto\/parafuso-sx-g-5-nc-5-8-x-4-c-10un\/","title":{"rendered":"PARAFUSO SX G-5 NC 5\/8 X 4 &#8211; C\/10UN"},"content":{"rendered":"<p data-start=\"4252\" data-end=\"4455\">Indicado para montagens profundas e resistentes, o Parafuso Sextavado UNC 5\/8&#8243; x 4&#8243; \u2013 Grau 5 \u00e9 uma excelente op\u00e7\u00e3o para uso em estruturas pesadas, tratores e m\u00e1quinas agr\u00edcolas.<\/p>\n<p data-start=\"4457\" data-end=\"4488\"><strong data-start=\"4457\" data-end=\"4486\">Caracter\u00edsticas t\u00e9cnicas:<\/strong><\/p>\n<ul data-start=\"4489\" data-end=\"4687\">\n<li data-start=\"4489\" data-end=\"4507\">\n<p data-start=\"4491\" data-end=\"4507\">Di\u00e2metro: 5\/8&#8243;<\/p>\n<\/li>\n<li data-start=\"4508\" data-end=\"4527\">\n<p data-start=\"4510\" data-end=\"4527\">Comprimento: 4&#8243;<\/p>\n<\/li>\n<li data-start=\"4528\" data-end=\"4542\">\n<p data-start=\"4530\" data-end=\"4542\">Rosca: UNC<\/p>\n<\/li>\n<li data-start=\"4543\" data-end=\"4557\">\n<p data-start=\"4545\" data-end=\"4557\">Classe: G5<\/p>\n<\/li>\n<li data-start=\"4558\" data-end=\"4583\">\n<p data-start=\"4560\" data-end=\"4583\">Material: A\u00e7o carbono<\/p>\n<\/li>\n<li data-start=\"4584\" data-end=\"4607\">\n<p data-start=\"4586\" data-end=\"4607\">Acabamento: Zincado<\/p>\n<\/li>\n<li data-start=\"4608\" data-end=\"4687\">\n<p data-start=\"4610\" data-end=\"4687\">Aplica\u00e7\u00f5es: Montagens profundas, estruturas refor\u00e7adas, implementos agr\u00edcolas<\/p>\n<\/li>\n<\/ul>\n","protected":false},"excerpt":{"rendered":"<p data-start=\"4151\" data-end=\"4250\">Parafuso sextavado UNC 5\/8&#8243; x 4&#8243; \u2013 Alta resist\u00eancia para montagens robustas.<\/p>\n<p data-start=\"4252\" data-end=\"4455\">\n","protected":false},"featured_media":2206,"comment_status":"open","ping_status":"closed","template":"","meta":{"_price":"95","_stock":"1","_tribe_ticket_header":"","_tribe_default_ticket_provider":"","_tribe_ticket_capacity":"1","_ticket_start_date":"","_ticket_end_date":"","_tribe_ticket_show_description":"","_tribe_ticket_show_not_going":false,"_tribe_ticket_use_global_stock":"","_tribe_ticket_global_stock_level":"","_global_stock_mode":"","_global_stock_cap":"","_tribe_rsvp_for_event":"","_tribe_ticket_going_count":"","_tribe_ticket_not_going_count":"","_tribe_tickets_list":"[]","_tribe_ticket_has_attendee_info_fields":false,"_EventAllDay":false,"_EventTimezone":"","_EventStartDate":"","_EventEndDate":"","_EventStartDateUTC":"","_EventEndDateUTC":"","_EventShowMap":false,"_EventShowMapLink":false,"_EventURL":"","_EventCost":"","_EventCostDescription":"","_EventCurrencySymbol":"","_EventCurrencyCode":"","_EventCurrencyPosition":"","_EventDateTimeSeparator":"","_EventTimeRangeSeparator":"","_EventOrganizerID":[],"_EventVenueID":[],"_OrganizerEmail":"","_OrganizerPhone":"","_OrganizerWebsite":"","_VenueAddress":"","_VenueCity":"","_VenueCountry":"","_VenueProvince":"","_VenueState":"","_VenueZip":"","_VenuePhone":"","_VenueURL":"","_VenueStateProvince":"","_VenueLat":"","_VenueLng":"","_VenueShowMap":false,"_VenueShowMapLink":false},"product_brand":[],"product_cat":[35],"product_tag":[],"class_list":{"0":"post-2188","1":"product","2":"type-product","3":"status-publish","4":"has-post-thumbnail","6":"product_cat-parafusoseporcas","8":"first","9":"instock","10":"shipping-taxable","11":"purchasable","12":"product-type-simple"},"jetpack_sharing_enabled":true,"_links":{"self":[{"href":"https:\/\/agriomac.com.br\/loja\/wp-json\/wp\/v2\/product\/2188","targetHints":{"allow":["GET"]}}],"collection":[{"href":"https:\/\/agriomac.com.br\/loja\/wp-json\/wp\/v2\/product"}],"about":[{"href":"https:\/\/agriomac.com.br\/loja\/wp-json\/wp\/v2\/types\/product"}],"replies":[{"embeddable":true,"href":"https:\/\/agriomac.com.br\/loja\/wp-json\/wp\/v2\/comments?post=2188"}],"version-history":[{"count":1,"href":"https:\/\/agriomac.com.br\/loja\/wp-json\/wp\/v2\/product\/2188\/revisions"}],"predecessor-version":[{"id":2189,"href":"https:\/\/agriomac.com.br\/loja\/wp-json\/wp\/v2\/product\/2188\/revisions\/2189"}],"wp:featuredmedia":[{"embeddable":true,"href":"https:\/\/agriomac.com.br\/loja\/wp-json\/wp\/v2\/media\/2206"}],"wp:attachment":[{"href":"https:\/\/agriomac.com.br\/loja\/wp-json\/wp\/v2\/media?parent=2188"}],"wp:term":[{"taxonomy":"product_brand","embeddable":true,"href":"https:\/\/agriomac.com.br\/loja\/wp-json\/wp\/v2\/product_brand?post=2188"},{"taxonomy":"product_cat","embeddable":true,"href":"https:\/\/agriomac.com.br\/loja\/wp-json\/wp\/v2\/product_cat?post=2188"},{"taxonomy":"product_tag","embeddable":true,"href":"https:\/\/agriomac.com.br\/loja\/wp-json\/wp\/v2\/product_tag?post=2188"}],"curies":[{"name":"wp","href":"https:\/\/api.w.org\/{rel}","templated":true}]}}