{"id":2190,"date":"2025-06-10T23:23:08","date_gmt":"2025-06-10T23:23:08","guid":{"rendered":"https:\/\/agriomac.com.br\/loja\/?post_type=product&#038;p=2190"},"modified":"2025-06-10T23:45:25","modified_gmt":"2025-06-10T23:45:25","slug":"parafuso-sx-g-5-nc-5-8-x-2-c-10un","status":"publish","type":"product","link":"https:\/\/agriomac.com.br\/loja\/produto\/parafuso-sx-g-5-nc-5-8-x-2-c-10un\/","title":{"rendered":"PARAFUSO SX G-5 NC 5\/8&#8243; X 2&#8243; &#8211; C\/10UN"},"content":{"rendered":"<p data-start=\"4854\" data-end=\"5066\">O Parafuso Sextavado UNC 5\/8&#8243; x 2&#8243; \u00e9 indicado para aplica\u00e7\u00f5es onde se exige boa resist\u00eancia com espa\u00e7o reduzido. Sua rosca grossa facilita a fixa\u00e7\u00e3o em materiais met\u00e1licos e estruturais.<\/p>\n<p data-start=\"5068\" data-end=\"5099\"><strong data-start=\"5068\" data-end=\"5097\">Caracter\u00edsticas t\u00e9cnicas:<\/strong><\/p>\n<ul data-start=\"5100\" data-end=\"5297\">\n<li data-start=\"5100\" data-end=\"5118\">\n<p data-start=\"5102\" data-end=\"5118\">Di\u00e2metro: 5\/8&#8243;<\/p>\n<\/li>\n<li data-start=\"5119\" data-end=\"5138\">\n<p data-start=\"5121\" data-end=\"5138\">Comprimento: 2&#8243;<\/p>\n<\/li>\n<li data-start=\"5139\" data-end=\"5153\">\n<p data-start=\"5141\" data-end=\"5153\">Rosca: UNC<\/p>\n<\/li>\n<li data-start=\"5154\" data-end=\"5168\">\n<p data-start=\"5156\" data-end=\"5168\">Classe: G5<\/p>\n<\/li>\n<li data-start=\"5169\" data-end=\"5194\">\n<p data-start=\"5171\" data-end=\"5194\">Material: A\u00e7o carbono<\/p>\n<\/li>\n<li data-start=\"5195\" data-end=\"5218\">\n<p data-start=\"5197\" data-end=\"5218\">Acabamento: Zincado<\/p>\n<\/li>\n<li data-start=\"5219\" data-end=\"5297\">\n<p data-start=\"5221\" data-end=\"5297\">Aplica\u00e7\u00f5es: Equipamentos agr\u00edcolas, bases met\u00e1licas, componentes estruturais<\/p>\n<\/li>\n<\/ul>\n","protected":false},"excerpt":{"rendered":"<p data-start=\"4744\" data-end=\"4852\">Parafuso sextavado UNC 5\/8&#8243; x 2&#8243; \u2013 Compacto e dur\u00e1vel para uso industrial e agr\u00edcola.<\/p>\n<p data-start=\"4854\" data-end=\"5066\">\n","protected":false},"featured_media":2204,"comment_status":"open","ping_status":"closed","template":"","meta":{"_price":"50","_stock":"1","_tribe_ticket_header":"","_tribe_default_ticket_provider":"","_tribe_ticket_capacity":"1","_ticket_start_date":"","_ticket_end_date":"","_tribe_ticket_show_description":"","_tribe_ticket_show_not_going":false,"_tribe_ticket_use_global_stock":"","_tribe_ticket_global_stock_level":"","_global_stock_mode":"","_global_stock_cap":"","_tribe_rsvp_for_event":"","_tribe_ticket_going_count":"","_tribe_ticket_not_going_count":"","_tribe_tickets_list":"[]","_tribe_ticket_has_attendee_info_fields":false,"_EventAllDay":false,"_EventTimezone":"","_EventStartDate":"","_EventEndDate":"","_EventStartDateUTC":"","_EventEndDateUTC":"","_EventShowMap":false,"_EventShowMapLink":false,"_EventURL":"","_EventCost":"","_EventCostDescription":"","_EventCurrencySymbol":"","_EventCurrencyCode":"","_EventCurrencyPosition":"","_EventDateTimeSeparator":"","_EventTimeRangeSeparator":"","_EventOrganizerID":[],"_EventVenueID":[],"_OrganizerEmail":"","_OrganizerPhone":"","_OrganizerWebsite":"","_VenueAddress":"","_VenueCity":"","_VenueCountry":"","_VenueProvince":"","_VenueState":"","_VenueZip":"","_VenuePhone":"","_VenueURL":"","_VenueStateProvince":"","_VenueLat":"","_VenueLng":"","_VenueShowMap":false,"_VenueShowMapLink":false},"product_brand":[],"product_cat":[35],"product_tag":[],"class_list":{"0":"post-2190","1":"product","2":"type-product","3":"status-publish","4":"has-post-thumbnail","6":"product_cat-parafusoseporcas","8":"first","9":"instock","10":"shipping-taxable","11":"purchasable","12":"product-type-simple"},"jetpack_sharing_enabled":true,"_links":{"self":[{"href":"https:\/\/agriomac.com.br\/loja\/wp-json\/wp\/v2\/product\/2190","targetHints":{"allow":["GET"]}}],"collection":[{"href":"https:\/\/agriomac.com.br\/loja\/wp-json\/wp\/v2\/product"}],"about":[{"href":"https:\/\/agriomac.com.br\/loja\/wp-json\/wp\/v2\/types\/product"}],"replies":[{"embeddable":true,"href":"https:\/\/agriomac.com.br\/loja\/wp-json\/wp\/v2\/comments?post=2190"}],"version-history":[{"count":1,"href":"https:\/\/agriomac.com.br\/loja\/wp-json\/wp\/v2\/product\/2190\/revisions"}],"predecessor-version":[{"id":2191,"href":"https:\/\/agriomac.com.br\/loja\/wp-json\/wp\/v2\/product\/2190\/revisions\/2191"}],"wp:featuredmedia":[{"embeddable":true,"href":"https:\/\/agriomac.com.br\/loja\/wp-json\/wp\/v2\/media\/2204"}],"wp:attachment":[{"href":"https:\/\/agriomac.com.br\/loja\/wp-json\/wp\/v2\/media?parent=2190"}],"wp:term":[{"taxonomy":"product_brand","embeddable":true,"href":"https:\/\/agriomac.com.br\/loja\/wp-json\/wp\/v2\/product_brand?post=2190"},{"taxonomy":"product_cat","embeddable":true,"href":"https:\/\/agriomac.com.br\/loja\/wp-json\/wp\/v2\/product_cat?post=2190"},{"taxonomy":"product_tag","embeddable":true,"href":"https:\/\/agriomac.com.br\/loja\/wp-json\/wp\/v2\/product_tag?post=2190"}],"curies":[{"name":"wp","href":"https:\/\/api.w.org\/{rel}","templated":true}]}}