{"id":2192,"date":"2025-06-10T23:23:40","date_gmt":"2025-06-10T23:23:40","guid":{"rendered":"https:\/\/agriomac.com.br\/loja\/?post_type=product&#038;p=2192"},"modified":"2025-06-10T23:45:09","modified_gmt":"2025-06-10T23:45:09","slug":"parafuso-sx-g-5-nc-5-8-x-2-1-2-c-10un","status":"publish","type":"product","link":"https:\/\/agriomac.com.br\/loja\/produto\/parafuso-sx-g-5-nc-5-8-x-2-1-2-c-10un\/","title":{"rendered":"PARAFUSO SX G-5 NC 5\/8&#8243; X 2.1\/2&#8243; &#8211; C\/10UN"},"content":{"rendered":"<p data-start=\"5468\" data-end=\"5706\">Utilizado em equipamentos agr\u00edcolas e estruturas met\u00e1licas, o Parafuso Sextavado UNC 5\/8&#8243; x 2.1\/2&#8243; garante desempenho mec\u00e2nico com seguran\u00e7a e resist\u00eancia, sendo ideal para ambientes com vibra\u00e7\u00e3o e carga elevada.<\/p>\n<p data-start=\"5708\" data-end=\"5739\"><strong data-start=\"5708\" data-end=\"5737\">Caracter\u00edsticas t\u00e9cnicas:<\/strong><\/p>\n<ul data-start=\"5740\" data-end=\"5946\">\n<li data-start=\"5740\" data-end=\"5758\">\n<p data-start=\"5742\" data-end=\"5758\">Di\u00e2metro: 5\/8&#8243;<\/p>\n<\/li>\n<li data-start=\"5759\" data-end=\"5782\">\n<p data-start=\"5761\" data-end=\"5782\">Comprimento: 2.1\/2&#8243;<\/p>\n<\/li>\n<li data-start=\"5783\" data-end=\"5797\">\n<p data-start=\"5785\" data-end=\"5797\">Rosca: UNC<\/p>\n<\/li>\n<li data-start=\"5798\" data-end=\"5812\">\n<p data-start=\"5800\" data-end=\"5812\">Classe: G5<\/p>\n<\/li>\n<li data-start=\"5813\" data-end=\"5838\">\n<p data-start=\"5815\" data-end=\"5838\">Material: A\u00e7o carbono<\/p>\n<\/li>\n<li data-start=\"5839\" data-end=\"5862\">\n<p data-start=\"5841\" data-end=\"5862\">Acabamento: Zincado<\/p>\n<\/li>\n<li data-start=\"5863\" data-end=\"5946\">\n<p data-start=\"5865\" data-end=\"5946\">Aplica\u00e7\u00f5es: M\u00e1quinas agr\u00edcolas, sistemas estruturais, chapas met\u00e1licas refor\u00e7adas<\/p>\n<\/li>\n<\/ul>\n","protected":false},"excerpt":{"rendered":"<p data-start=\"5358\" data-end=\"5466\">Parafuso sextavado UNC 5\/8&#8243; x 2.1\/2&#8243; \u2013 Alta resist\u00eancia para fixa\u00e7\u00f5es de m\u00e9dio porte.<\/p>\n<p data-start=\"5468\" data-end=\"5706\">\n","protected":false},"featured_media":2203,"comment_status":"open","ping_status":"closed","template":"","meta":{"_price":"70","_stock":"1","_tribe_ticket_header":"","_tribe_default_ticket_provider":"","_tribe_ticket_capacity":"1","_ticket_start_date":"","_ticket_end_date":"","_tribe_ticket_show_description":"","_tribe_ticket_show_not_going":false,"_tribe_ticket_use_global_stock":"","_tribe_ticket_global_stock_level":"","_global_stock_mode":"","_global_stock_cap":"","_tribe_rsvp_for_event":"","_tribe_ticket_going_count":"","_tribe_ticket_not_going_count":"","_tribe_tickets_list":"[]","_tribe_ticket_has_attendee_info_fields":false,"_EventAllDay":false,"_EventTimezone":"","_EventStartDate":"","_EventEndDate":"","_EventStartDateUTC":"","_EventEndDateUTC":"","_EventShowMap":false,"_EventShowMapLink":false,"_EventURL":"","_EventCost":"","_EventCostDescription":"","_EventCurrencySymbol":"","_EventCurrencyCode":"","_EventCurrencyPosition":"","_EventDateTimeSeparator":"","_EventTimeRangeSeparator":"","_EventOrganizerID":[],"_EventVenueID":[],"_OrganizerEmail":"","_OrganizerPhone":"","_OrganizerWebsite":"","_VenueAddress":"","_VenueCity":"","_VenueCountry":"","_VenueProvince":"","_VenueState":"","_VenueZip":"","_VenuePhone":"","_VenueURL":"","_VenueStateProvince":"","_VenueLat":"","_VenueLng":"","_VenueShowMap":false,"_VenueShowMapLink":false},"product_brand":[],"product_cat":[35],"product_tag":[],"class_list":{"0":"post-2192","1":"product","2":"type-product","3":"status-publish","4":"has-post-thumbnail","6":"product_cat-parafusoseporcas","8":"first","9":"instock","10":"shipping-taxable","11":"purchasable","12":"product-type-simple"},"jetpack_sharing_enabled":true,"_links":{"self":[{"href":"https:\/\/agriomac.com.br\/loja\/wp-json\/wp\/v2\/product\/2192","targetHints":{"allow":["GET"]}}],"collection":[{"href":"https:\/\/agriomac.com.br\/loja\/wp-json\/wp\/v2\/product"}],"about":[{"href":"https:\/\/agriomac.com.br\/loja\/wp-json\/wp\/v2\/types\/product"}],"replies":[{"embeddable":true,"href":"https:\/\/agriomac.com.br\/loja\/wp-json\/wp\/v2\/comments?post=2192"}],"version-history":[{"count":1,"href":"https:\/\/agriomac.com.br\/loja\/wp-json\/wp\/v2\/product\/2192\/revisions"}],"predecessor-version":[{"id":2193,"href":"https:\/\/agriomac.com.br\/loja\/wp-json\/wp\/v2\/product\/2192\/revisions\/2193"}],"wp:featuredmedia":[{"embeddable":true,"href":"https:\/\/agriomac.com.br\/loja\/wp-json\/wp\/v2\/media\/2203"}],"wp:attachment":[{"href":"https:\/\/agriomac.com.br\/loja\/wp-json\/wp\/v2\/media?parent=2192"}],"wp:term":[{"taxonomy":"product_brand","embeddable":true,"href":"https:\/\/agriomac.com.br\/loja\/wp-json\/wp\/v2\/product_brand?post=2192"},{"taxonomy":"product_cat","embeddable":true,"href":"https:\/\/agriomac.com.br\/loja\/wp-json\/wp\/v2\/product_cat?post=2192"},{"taxonomy":"product_tag","embeddable":true,"href":"https:\/\/agriomac.com.br\/loja\/wp-json\/wp\/v2\/product_tag?post=2192"}],"curies":[{"name":"wp","href":"https:\/\/api.w.org\/{rel}","templated":true}]}}