{"id":2194,"date":"2025-06-10T23:24:14","date_gmt":"2025-06-10T23:24:14","guid":{"rendered":"https:\/\/agriomac.com.br\/loja\/?post_type=product&#038;p=2194"},"modified":"2025-06-11T00:02:16","modified_gmt":"2025-06-11T00:02:16","slug":"parafuso-sx-g-5-nc-5-8-x-3-c-10un","status":"publish","type":"product","link":"https:\/\/agriomac.com.br\/loja\/produto\/parafuso-sx-g-5-nc-5-8-x-3-c-10un\/","title":{"rendered":"PARAFUSO SX G-5 NC 5\/8&#8243; X 3&#8243; &#8211; C\/10UN"},"content":{"rendered":"<p data-start=\"6121\" data-end=\"6342\">Com comprimento de 3&#8243;, este Parafuso Sextavado UNC 5\/8&#8243; Grau 5 proporciona \u00f3tima fixa\u00e7\u00e3o em estruturas com exig\u00eancia de profundidade e resist\u00eancia, como implementos agr\u00edcolas e chassis met\u00e1licos.<\/p>\n<p data-start=\"6344\" data-end=\"6375\"><strong data-start=\"6344\" data-end=\"6373\">Caracter\u00edsticas t\u00e9cnicas:<\/strong><\/p>\n<ul data-start=\"6376\" data-end=\"6576\">\n<li data-start=\"6376\" data-end=\"6394\">\n<p data-start=\"6378\" data-end=\"6394\">Di\u00e2metro: 5\/8&#8243;<\/p>\n<\/li>\n<li data-start=\"6395\" data-end=\"6414\">\n<p data-start=\"6397\" data-end=\"6414\">Comprimento: 3&#8243;<\/p>\n<\/li>\n<li data-start=\"6415\" data-end=\"6429\">\n<p data-start=\"6417\" data-end=\"6429\">Rosca: UNC<\/p>\n<\/li>\n<li data-start=\"6430\" data-end=\"6444\">\n<p data-start=\"6432\" data-end=\"6444\">Classe: G5<\/p>\n<\/li>\n<li data-start=\"6445\" data-end=\"6470\">\n<p data-start=\"6447\" data-end=\"6470\">Material: A\u00e7o carbono<\/p>\n<\/li>\n<li data-start=\"6471\" data-end=\"6494\">\n<p data-start=\"6473\" data-end=\"6494\">Acabamento: Zincado<\/p>\n<\/li>\n<li data-start=\"6495\" data-end=\"6576\">\n<p data-start=\"6497\" data-end=\"6576\">Aplica\u00e7\u00f5es: Fixa\u00e7\u00f5es em tratores, grades, chassis, equipamentos de grande porte<\/p>\n<\/li>\n<\/ul>\n","protected":false},"excerpt":{"rendered":"<p data-start=\"6003\" data-end=\"6119\">Parafuso sextavado UNC 5\/8&#8243; x 3&#8243; \u2013 Rosca grossa, classe G5, indicado para fixa\u00e7\u00f5es exigentes.<\/p>\n<p data-start=\"6121\" data-end=\"6342\">\n","protected":false},"featured_media":2205,"comment_status":"open","ping_status":"closed","template":"","meta":{"_price":"60","_stock":"1","_tribe_ticket_header":"","_tribe_default_ticket_provider":"","_tribe_ticket_capacity":"1","_ticket_start_date":"","_ticket_end_date":"","_tribe_ticket_show_description":"","_tribe_ticket_show_not_going":false,"_tribe_ticket_use_global_stock":"","_tribe_ticket_global_stock_level":"","_global_stock_mode":"","_global_stock_cap":"","_tribe_rsvp_for_event":"","_tribe_ticket_going_count":"","_tribe_ticket_not_going_count":"","_tribe_tickets_list":"[]","_tribe_ticket_has_attendee_info_fields":false,"_EventAllDay":false,"_EventTimezone":"","_EventStartDate":"","_EventEndDate":"","_EventStartDateUTC":"","_EventEndDateUTC":"","_EventShowMap":false,"_EventShowMapLink":false,"_EventURL":"","_EventCost":"","_EventCostDescription":"","_EventCurrencySymbol":"","_EventCurrencyCode":"","_EventCurrencyPosition":"","_EventDateTimeSeparator":"","_EventTimeRangeSeparator":"","_EventOrganizerID":[],"_EventVenueID":[],"_OrganizerEmail":"","_OrganizerPhone":"","_OrganizerWebsite":"","_VenueAddress":"","_VenueCity":"","_VenueCountry":"","_VenueProvince":"","_VenueState":"","_VenueZip":"","_VenuePhone":"","_VenueURL":"","_VenueStateProvince":"","_VenueLat":"","_VenueLng":"","_VenueShowMap":false,"_VenueShowMapLink":false},"product_brand":[],"product_cat":[35],"product_tag":[],"class_list":{"0":"post-2194","1":"product","2":"type-product","3":"status-publish","4":"has-post-thumbnail","6":"product_cat-parafusoseporcas","8":"first","9":"instock","10":"shipping-taxable","11":"purchasable","12":"product-type-simple"},"jetpack_sharing_enabled":true,"_links":{"self":[{"href":"https:\/\/agriomac.com.br\/loja\/wp-json\/wp\/v2\/product\/2194","targetHints":{"allow":["GET"]}}],"collection":[{"href":"https:\/\/agriomac.com.br\/loja\/wp-json\/wp\/v2\/product"}],"about":[{"href":"https:\/\/agriomac.com.br\/loja\/wp-json\/wp\/v2\/types\/product"}],"replies":[{"embeddable":true,"href":"https:\/\/agriomac.com.br\/loja\/wp-json\/wp\/v2\/comments?post=2194"}],"version-history":[{"count":1,"href":"https:\/\/agriomac.com.br\/loja\/wp-json\/wp\/v2\/product\/2194\/revisions"}],"predecessor-version":[{"id":2195,"href":"https:\/\/agriomac.com.br\/loja\/wp-json\/wp\/v2\/product\/2194\/revisions\/2195"}],"wp:featuredmedia":[{"embeddable":true,"href":"https:\/\/agriomac.com.br\/loja\/wp-json\/wp\/v2\/media\/2205"}],"wp:attachment":[{"href":"https:\/\/agriomac.com.br\/loja\/wp-json\/wp\/v2\/media?parent=2194"}],"wp:term":[{"taxonomy":"product_brand","embeddable":true,"href":"https:\/\/agriomac.com.br\/loja\/wp-json\/wp\/v2\/product_brand?post=2194"},{"taxonomy":"product_cat","embeddable":true,"href":"https:\/\/agriomac.com.br\/loja\/wp-json\/wp\/v2\/product_cat?post=2194"},{"taxonomy":"product_tag","embeddable":true,"href":"https:\/\/agriomac.com.br\/loja\/wp-json\/wp\/v2\/product_tag?post=2194"}],"curies":[{"name":"wp","href":"https:\/\/api.w.org\/{rel}","templated":true}]}}