{"id":222,"date":"2021-12-26T22:20:40","date_gmt":"2021-12-26T22:20:40","guid":{"rendered":"https:\/\/kadence.pixel-show.com\/single-product\/?post_type=product&#038;p=222"},"modified":"2025-06-02T23:19:35","modified_gmt":"2025-06-02T23:19:35","slug":"terminal-luva-cc249","status":"publish","type":"product","link":"https:\/\/agriomac.com.br\/loja\/produto\/terminal-luva-cc249\/","title":{"rendered":"TERMINAL LUVA CC249"},"content":{"rendered":"<p data-start=\"1802\" data-end=\"2045\">O Terminal tipo Luva CC249 \u00e9 um componente de acoplamento utilizado em transmiss\u00f5es de torque em ambientes agr\u00edcolas. Permite f\u00e1cil encaixe em eixos, oferecendo resist\u00eancia e precis\u00e3o na opera\u00e7\u00e3o cont\u00ednua de m\u00e1quinas.<\/p>\n<p data-start=\"2047\" data-end=\"2076\"><strong data-start=\"2047\" data-end=\"2076\">Caracter\u00edsticas t\u00e9cnicas:<\/strong><\/p>\n<ul data-start=\"2078\" data-end=\"2289\">\n<li data-start=\"2078\" data-end=\"2103\">\n<p data-start=\"2080\" data-end=\"2103\"><strong data-start=\"2080\" data-end=\"2089\">Tipo:<\/strong> Terminal luva<\/p>\n<\/li>\n<li data-start=\"2104\" data-end=\"2123\">\n<p data-start=\"2106\" data-end=\"2123\"><strong data-start=\"2106\" data-end=\"2117\">C\u00f3digo:<\/strong> CC249<\/p>\n<\/li>\n<li data-start=\"2124\" data-end=\"2151\">\n<p data-start=\"2126\" data-end=\"2151\"><strong data-start=\"2126\" data-end=\"2139\">Material:<\/strong> A\u00e7o usinado<\/p>\n<\/li>\n<li data-start=\"2152\" data-end=\"2193\">\n<p data-start=\"2154\" data-end=\"2193\"><strong data-start=\"2154\" data-end=\"2169\">Acabamento:<\/strong> Tratamento antiferrugem<\/p>\n<\/li>\n<li data-start=\"2194\" data-end=\"2237\">\n<p data-start=\"2196\" data-end=\"2237\"><strong data-start=\"2196\" data-end=\"2212\">Acoplamento:<\/strong> Encaixe liso ou estriado<\/p>\n<\/li>\n<li data-start=\"2238\" data-end=\"2289\">\n<p data-start=\"2240\" data-end=\"2289\"><strong data-start=\"2240\" data-end=\"2255\">Aplica\u00e7\u00f5es:<\/strong> Cardans, tratores, colheitadeiras<\/p>\n<\/li>\n<\/ul>\n","protected":false},"excerpt":{"rendered":"<p data-start=\"1687\" data-end=\"1800\">Terminal luva CC249 \u2013 Acoplamento confi\u00e1vel para eixos de cardan em implementos agr\u00edcolas.<\/p>\n<p data-start=\"1802\" data-end=\"2045\">\n","protected":false},"featured_media":1686,"comment_status":"open","ping_status":"closed","template":"","meta":{"_price":"152","_stock":"3","_tribe_ticket_header":"","_tribe_default_ticket_provider":"","_tribe_ticket_capacity":"0","_ticket_start_date":"","_ticket_end_date":"","_tribe_ticket_show_description":"","_tribe_ticket_show_not_going":false,"_tribe_ticket_use_global_stock":"","_tribe_ticket_global_stock_level":"","_global_stock_mode":"","_global_stock_cap":"","_tribe_rsvp_for_event":"","_tribe_ticket_going_count":"","_tribe_ticket_not_going_count":"","_tribe_tickets_list":"[]","_tribe_ticket_has_attendee_info_fields":false,"_EventAllDay":false,"_EventTimezone":"","_EventStartDate":"","_EventEndDate":"","_EventStartDateUTC":"","_EventEndDateUTC":"","_EventShowMap":false,"_EventShowMapLink":false,"_EventURL":"","_EventCost":"","_EventCostDescription":"","_EventCurrencySymbol":"","_EventCurrencyCode":"","_EventCurrencyPosition":"","_EventDateTimeSeparator":"","_EventTimeRangeSeparator":"","_EventOrganizerID":[],"_EventVenueID":[],"_OrganizerEmail":"","_OrganizerPhone":"","_OrganizerWebsite":"","_VenueAddress":"","_VenueCity":"","_VenueCountry":"","_VenueProvince":"","_VenueState":"","_VenueZip":"","_VenuePhone":"","_VenueURL":"","_VenueStateProvince":"","_VenueLat":"","_VenueLng":"","_VenueShowMap":false,"_VenueShowMapLink":false},"product_brand":[],"product_cat":[44],"product_tag":[],"class_list":{"0":"post-222","1":"product","2":"type-product","3":"status-publish","4":"has-post-thumbnail","6":"product_cat-pecasimplementosagricolas","8":"first","9":"instock","10":"shipping-taxable","11":"purchasable","12":"product-type-simple"},"jetpack_sharing_enabled":true,"_links":{"self":[{"href":"https:\/\/agriomac.com.br\/loja\/wp-json\/wp\/v2\/product\/222","targetHints":{"allow":["GET"]}}],"collection":[{"href":"https:\/\/agriomac.com.br\/loja\/wp-json\/wp\/v2\/product"}],"about":[{"href":"https:\/\/agriomac.com.br\/loja\/wp-json\/wp\/v2\/types\/product"}],"replies":[{"embeddable":true,"href":"https:\/\/agriomac.com.br\/loja\/wp-json\/wp\/v2\/comments?post=222"}],"version-history":[{"count":3,"href":"https:\/\/agriomac.com.br\/loja\/wp-json\/wp\/v2\/product\/222\/revisions"}],"predecessor-version":[{"id":1692,"href":"https:\/\/agriomac.com.br\/loja\/wp-json\/wp\/v2\/product\/222\/revisions\/1692"}],"wp:featuredmedia":[{"embeddable":true,"href":"https:\/\/agriomac.com.br\/loja\/wp-json\/wp\/v2\/media\/1686"}],"wp:attachment":[{"href":"https:\/\/agriomac.com.br\/loja\/wp-json\/wp\/v2\/media?parent=222"}],"wp:term":[{"taxonomy":"product_brand","embeddable":true,"href":"https:\/\/agriomac.com.br\/loja\/wp-json\/wp\/v2\/product_brand?post=222"},{"taxonomy":"product_cat","embeddable":true,"href":"https:\/\/agriomac.com.br\/loja\/wp-json\/wp\/v2\/product_cat?post=222"},{"taxonomy":"product_tag","embeddable":true,"href":"https:\/\/agriomac.com.br\/loja\/wp-json\/wp\/v2\/product_tag?post=222"}],"curies":[{"name":"wp","href":"https:\/\/api.w.org\/{rel}","templated":true}]}}