{"id":2221,"date":"2025-06-11T00:10:24","date_gmt":"2025-06-11T00:10:24","guid":{"rendered":"https:\/\/agriomac.com.br\/loja\/?post_type=product&#038;p=2221"},"modified":"2025-06-11T00:39:06","modified_gmt":"2025-06-11T00:39:06","slug":"parafuso-sx-8-8-ma-16-x-180-c-5un","status":"publish","type":"product","link":"https:\/\/agriomac.com.br\/loja\/produto\/parafuso-sx-8-8-ma-16-x-180-c-5un\/","title":{"rendered":"PARAFUSO SX 8.8 MA 16 X 180 &#8211; C\/5UN"},"content":{"rendered":"<p data-start=\"1795\" data-end=\"2112\">O Parafuso Sextavado M16 x 180mm \u2013 Classe 8.8 \u00e9 projetado para oferecer fixa\u00e7\u00e3o segura em aplica\u00e7\u00f5es com necessidade de comprimento estendido. Fabricado em a\u00e7o carbono de alta resist\u00eancia, garante excelente desempenho em equipamentos agr\u00edcolas, constru\u00e7\u00f5es met\u00e1licas e montagens industriais.<\/p>\n<p data-start=\"2114\" data-end=\"2143\"><strong data-start=\"2114\" data-end=\"2143\">Caracter\u00edsticas t\u00e9cnicas:<\/strong><\/p>\n<ul data-start=\"2144\" data-end=\"2381\">\n<li data-start=\"2144\" data-end=\"2172\">\n<p data-start=\"2146\" data-end=\"2172\">Tipo: Parafuso sextavado<\/p>\n<\/li>\n<li data-start=\"2173\" data-end=\"2197\">\n<p data-start=\"2175\" data-end=\"2197\">Rosca: M\u00e9trica total<\/p>\n<\/li>\n<li data-start=\"2198\" data-end=\"2216\">\n<p data-start=\"2200\" data-end=\"2216\">Di\u00e2metro: 16mm<\/p>\n<\/li>\n<li data-start=\"2217\" data-end=\"2239\">\n<p data-start=\"2219\" data-end=\"2239\">Comprimento: 180mm<\/p>\n<\/li>\n<li data-start=\"2240\" data-end=\"2255\">\n<p data-start=\"2242\" data-end=\"2255\">Classe: 8.8<\/p>\n<\/li>\n<li data-start=\"2256\" data-end=\"2281\">\n<p data-start=\"2258\" data-end=\"2281\">Material: A\u00e7o carbono<\/p>\n<\/li>\n<li data-start=\"2282\" data-end=\"2303\">\n<p data-start=\"2284\" data-end=\"2303\">Acabamento: Bruto<\/p>\n<\/li>\n<li data-start=\"2304\" data-end=\"2381\">\n<p data-start=\"2306\" data-end=\"2381\">Aplica\u00e7\u00f5es: Fixa\u00e7\u00f5es longas em m\u00e1quinas, estruturas e equipamentos robustos<\/p>\n<\/li>\n<\/ul>\n","protected":false},"excerpt":{"rendered":"<p>Parafuso sextavado M16 x 180mm \u2013 Classe 8.8, resistente e longo, ideal para estruturas robustas e profundas.<\/p>\n","protected":false},"featured_media":2272,"comment_status":"open","ping_status":"closed","template":"","meta":{"_price":"85","_stock":"2","_tribe_ticket_header":"","_tribe_default_ticket_provider":"","_tribe_ticket_capacity":"2","_ticket_start_date":"","_ticket_end_date":"","_tribe_ticket_show_description":"","_tribe_ticket_show_not_going":false,"_tribe_ticket_use_global_stock":"","_tribe_ticket_global_stock_level":"","_global_stock_mode":"","_global_stock_cap":"","_tribe_rsvp_for_event":"","_tribe_ticket_going_count":"","_tribe_ticket_not_going_count":"","_tribe_tickets_list":"[]","_tribe_ticket_has_attendee_info_fields":false,"_EventAllDay":false,"_EventTimezone":"","_EventStartDate":"","_EventEndDate":"","_EventStartDateUTC":"","_EventEndDateUTC":"","_EventShowMap":false,"_EventShowMapLink":false,"_EventURL":"","_EventCost":"","_EventCostDescription":"","_EventCurrencySymbol":"","_EventCurrencyCode":"","_EventCurrencyPosition":"","_EventDateTimeSeparator":"","_EventTimeRangeSeparator":"","_EventOrganizerID":[],"_EventVenueID":[],"_OrganizerEmail":"","_OrganizerPhone":"","_OrganizerWebsite":"","_VenueAddress":"","_VenueCity":"","_VenueCountry":"","_VenueProvince":"","_VenueState":"","_VenueZip":"","_VenuePhone":"","_VenueURL":"","_VenueStateProvince":"","_VenueLat":"","_VenueLng":"","_VenueShowMap":false,"_VenueShowMapLink":false},"product_brand":[],"product_cat":[35],"product_tag":[],"class_list":{"0":"post-2221","1":"product","2":"type-product","3":"status-publish","4":"has-post-thumbnail","6":"product_cat-parafusoseporcas","8":"first","9":"instock","10":"shipping-taxable","11":"purchasable","12":"product-type-simple"},"jetpack_sharing_enabled":true,"_links":{"self":[{"href":"https:\/\/agriomac.com.br\/loja\/wp-json\/wp\/v2\/product\/2221","targetHints":{"allow":["GET"]}}],"collection":[{"href":"https:\/\/agriomac.com.br\/loja\/wp-json\/wp\/v2\/product"}],"about":[{"href":"https:\/\/agriomac.com.br\/loja\/wp-json\/wp\/v2\/types\/product"}],"replies":[{"embeddable":true,"href":"https:\/\/agriomac.com.br\/loja\/wp-json\/wp\/v2\/comments?post=2221"}],"version-history":[{"count":1,"href":"https:\/\/agriomac.com.br\/loja\/wp-json\/wp\/v2\/product\/2221\/revisions"}],"predecessor-version":[{"id":2223,"href":"https:\/\/agriomac.com.br\/loja\/wp-json\/wp\/v2\/product\/2221\/revisions\/2223"}],"wp:featuredmedia":[{"embeddable":true,"href":"https:\/\/agriomac.com.br\/loja\/wp-json\/wp\/v2\/media\/2272"}],"wp:attachment":[{"href":"https:\/\/agriomac.com.br\/loja\/wp-json\/wp\/v2\/media?parent=2221"}],"wp:term":[{"taxonomy":"product_brand","embeddable":true,"href":"https:\/\/agriomac.com.br\/loja\/wp-json\/wp\/v2\/product_brand?post=2221"},{"taxonomy":"product_cat","embeddable":true,"href":"https:\/\/agriomac.com.br\/loja\/wp-json\/wp\/v2\/product_cat?post=2221"},{"taxonomy":"product_tag","embeddable":true,"href":"https:\/\/agriomac.com.br\/loja\/wp-json\/wp\/v2\/product_tag?post=2221"}],"curies":[{"name":"wp","href":"https:\/\/api.w.org\/{rel}","templated":true}]}}