{"id":2267,"date":"2025-06-11T00:28:01","date_gmt":"2025-06-11T00:28:01","guid":{"rendered":"https:\/\/agriomac.com.br\/loja\/?post_type=product&#038;p=2267"},"modified":"2026-05-02T20:31:59","modified_gmt":"2026-05-02T20:31:59","slug":"parafuso-sx-8-8-ma-20-x-250-c-5un","status":"publish","type":"product","link":"https:\/\/agriomac.com.br\/loja\/produto\/parafuso-sx-8-8-ma-20-x-250-c-5un\/","title":{"rendered":"PARAFUSO SX 8.8 MA 20 X 250 &#8211; C\/10 UN COM PORCA TR"},"content":{"rendered":"<p data-start=\"1738\" data-end=\"2013\">O Parafuso Sextavado M20 x 250mm \u2013 Classe 8.8 \u00e9 ideal para aplica\u00e7\u00f5es onde se exige grande profundidade de fixa\u00e7\u00e3o aliada a alta resist\u00eancia. Muito utilizado em estruturas met\u00e1licas de grande porte, montagens industriais e implementos de alta carga.<\/p>\n<p data-start=\"2015\" data-end=\"2044\"><strong data-start=\"2015\" data-end=\"2044\">Caracter\u00edsticas t\u00e9cnicas:<\/strong><\/p>\n<ul data-start=\"2045\" data-end=\"2310\">\n<li data-start=\"2045\" data-end=\"2073\">\n<p data-start=\"2047\" data-end=\"2073\">Tipo: Parafuso sextavado<\/p>\n<\/li>\n<li data-start=\"2074\" data-end=\"2098\">\n<p data-start=\"2076\" data-end=\"2098\">Rosca: M\u00e9trica total<\/p>\n<\/li>\n<li data-start=\"2099\" data-end=\"2117\">\n<p data-start=\"2101\" data-end=\"2117\">Di\u00e2metro: 20mm<\/p>\n<\/li>\n<li data-start=\"2118\" data-end=\"2140\">\n<p data-start=\"2120\" data-end=\"2140\">Comprimento: 250mm<\/p>\n<\/li>\n<li data-start=\"2141\" data-end=\"2156\">\n<p data-start=\"2143\" data-end=\"2156\">Classe: 8.8<\/p>\n<\/li>\n<li data-start=\"2157\" data-end=\"2182\">\n<p data-start=\"2159\" data-end=\"2182\">Material: A\u00e7o carbono<\/p>\n<\/li>\n<li data-start=\"2183\" data-end=\"2204\">\n<p data-start=\"2185\" data-end=\"2204\">Acabamento: Bruto<\/p>\n<\/li>\n<li data-start=\"2205\" data-end=\"2310\">\n<p data-start=\"2207\" data-end=\"2310\">Aplica\u00e7\u00f5es: Fixa\u00e7\u00f5es de longo alcance em estruturas met\u00e1licas, m\u00e1quinas pesadas e implementos agr\u00edcolas<\/p>\n<\/li>\n<\/ul>\n","protected":false},"excerpt":{"rendered":"<p data-start=\"1598\" data-end=\"1736\">Parafuso sextavado M20 x 250mm \u2013 Classe 8.8, ideal para aplica\u00e7\u00f5es estruturais com grande exig\u00eancia de comprimento.<\/p>\n<p data-start=\"1738\" data-end=\"2013\">\n","protected":false},"featured_media":2297,"comment_status":"open","ping_status":"closed","template":"","meta":{"_price":"332.90","_stock":"10","_tribe_ticket_header":"","_tribe_default_ticket_provider":"","_tribe_ticket_capacity":"1","_ticket_start_date":"","_ticket_end_date":"","_tribe_ticket_show_description":"","_tribe_ticket_show_not_going":false,"_tribe_ticket_use_global_stock":"","_tribe_ticket_global_stock_level":"","_global_stock_mode":"","_global_stock_cap":"","_tribe_rsvp_for_event":"","_tribe_ticket_going_count":"","_tribe_ticket_not_going_count":"","_tribe_tickets_list":"[]","_tribe_ticket_has_attendee_info_fields":false,"_EventAllDay":false,"_EventTimezone":"","_EventStartDate":"","_EventEndDate":"","_EventStartDateUTC":"","_EventEndDateUTC":"","_EventShowMap":false,"_EventShowMapLink":false,"_EventURL":"","_EventCost":"","_EventCostDescription":"","_EventCurrencySymbol":"","_EventCurrencyCode":"","_EventCurrencyPosition":"","_EventDateTimeSeparator":"","_EventTimeRangeSeparator":"","_EventOrganizerID":[],"_EventVenueID":[],"_OrganizerEmail":"","_OrganizerPhone":"","_OrganizerWebsite":"","_VenueAddress":"","_VenueCity":"","_VenueCountry":"","_VenueProvince":"","_VenueState":"","_VenueZip":"","_VenuePhone":"","_VenueURL":"","_VenueStateProvince":"","_VenueLat":"","_VenueLng":"","_VenueShowMap":false,"_VenueShowMapLink":false},"product_brand":[],"product_cat":[35],"product_tag":[],"class_list":{"0":"post-2267","1":"product","2":"type-product","3":"status-publish","4":"has-post-thumbnail","6":"product_cat-parafusoseporcas","8":"first","9":"instock","10":"shipping-taxable","11":"purchasable","12":"product-type-simple"},"jetpack_sharing_enabled":true,"_links":{"self":[{"href":"https:\/\/agriomac.com.br\/loja\/wp-json\/wp\/v2\/product\/2267","targetHints":{"allow":["GET"]}}],"collection":[{"href":"https:\/\/agriomac.com.br\/loja\/wp-json\/wp\/v2\/product"}],"about":[{"href":"https:\/\/agriomac.com.br\/loja\/wp-json\/wp\/v2\/types\/product"}],"replies":[{"embeddable":true,"href":"https:\/\/agriomac.com.br\/loja\/wp-json\/wp\/v2\/comments?post=2267"}],"version-history":[{"count":3,"href":"https:\/\/agriomac.com.br\/loja\/wp-json\/wp\/v2\/product\/2267\/revisions"}],"predecessor-version":[{"id":3001,"href":"https:\/\/agriomac.com.br\/loja\/wp-json\/wp\/v2\/product\/2267\/revisions\/3001"}],"wp:featuredmedia":[{"embeddable":true,"href":"https:\/\/agriomac.com.br\/loja\/wp-json\/wp\/v2\/media\/2297"}],"wp:attachment":[{"href":"https:\/\/agriomac.com.br\/loja\/wp-json\/wp\/v2\/media?parent=2267"}],"wp:term":[{"taxonomy":"product_brand","embeddable":true,"href":"https:\/\/agriomac.com.br\/loja\/wp-json\/wp\/v2\/product_brand?post=2267"},{"taxonomy":"product_cat","embeddable":true,"href":"https:\/\/agriomac.com.br\/loja\/wp-json\/wp\/v2\/product_cat?post=2267"},{"taxonomy":"product_tag","embeddable":true,"href":"https:\/\/agriomac.com.br\/loja\/wp-json\/wp\/v2\/product_tag?post=2267"}],"curies":[{"name":"wp","href":"https:\/\/api.w.org\/{rel}","templated":true}]}}