{"id":2385,"date":"2025-07-02T19:06:37","date_gmt":"2025-07-02T19:06:37","guid":{"rendered":"https:\/\/agriomac.com.br\/loja\/?post_type=product&#038;p=2385"},"modified":"2026-02-27T21:44:44","modified_gmt":"2026-02-27T21:44:44","slug":"mancal-f-205","status":"publish","type":"product","link":"https:\/\/agriomac.com.br\/loja\/produto\/mancal-f-205\/","title":{"rendered":"Mancal F-205"},"content":{"rendered":"<div class=\"woocommerce-tabs wc-tabs-wrapper\">\n<div id=\"tab-description\" class=\"woocommerce-Tabs-panel woocommerce-Tabs-panel--description panel entry-content wc-tab\" role=\"tabpanel\" aria-labelledby=\"tab-title-description\">\n<p data-start=\"277\" data-end=\"829\">Fabricado em ferro fundido de alta resist\u00eancia, \u00e9 ideal para aplica\u00e7\u00f5es industriais, agr\u00edcolas e automotivas, garantindo alinhamento preciso, resist\u00eancia a cargas e durabilidade. O mancal F205 possui fura\u00e7\u00e3o padronizada para f\u00e1cil fixa\u00e7\u00e3o, permitindo montagem est\u00e1vel em diversas estruturas.<\/p>\n<p data-start=\"831\" data-end=\"860\"><strong data-start=\"831\" data-end=\"860\">Caracter\u00edsticas t\u00e9cnicas:<\/strong><\/p>\n<ul data-start=\"862\" data-end=\"1444\">\n<li data-start=\"862\" data-end=\"921\">\n<p data-start=\"864\" data-end=\"921\"><strong data-start=\"864\" data-end=\"873\">Tipo:<\/strong>\u00a0Mancal com 4 furos (modelo F-205)<\/p>\n<\/li>\n<li data-start=\"1282\" data-end=\"1417\">\n<p data-start=\"1284\" data-end=\"1417\"><strong data-start=\"1284\" data-end=\"1299\">Aplica\u00e7\u00f5es:<\/strong>\u00a0Equipamentos agr\u00edcolas, industriais, esteiras transportadoras, ventiladores, m\u00e1quinas t\u00eaxteis, motores, entre outros.<\/p>\n<\/li>\n<li data-start=\"1418\" data-end=\"1444\">\n<p data-start=\"1420\" data-end=\"1444\"><strong data-start=\"1420\" data-end=\"1434\">Embalagem:<\/strong>\u00a01 unidade<\/p>\n<\/li>\n<\/ul>\n<\/div>\n<\/div>\n<section class=\"related products\">\n<h2><\/h2>\n<\/section>\n","protected":false},"excerpt":{"rendered":"<p>O Mancal F205 com 4 furos \u00e9 um suporte robusto utilizado para alojar rolamentos de forma segura e eficiente em eixos rotativos.<\/p>\n","protected":false},"featured_media":2392,"comment_status":"open","ping_status":"closed","template":"","meta":{"_price":"40","_stock":"","_tribe_ticket_header":"","_tribe_default_ticket_provider":"","_tribe_ticket_capacity":"2","_ticket_start_date":"","_ticket_end_date":"","_tribe_ticket_show_description":"","_tribe_ticket_show_not_going":false,"_tribe_ticket_use_global_stock":"","_tribe_ticket_global_stock_level":"","_global_stock_mode":"","_global_stock_cap":"","_tribe_rsvp_for_event":"","_tribe_ticket_going_count":"","_tribe_ticket_not_going_count":"","_tribe_tickets_list":"[]","_tribe_ticket_has_attendee_info_fields":false,"_EventAllDay":false,"_EventTimezone":"","_EventStartDate":"","_EventEndDate":"","_EventStartDateUTC":"","_EventEndDateUTC":"","_EventShowMap":false,"_EventShowMapLink":false,"_EventURL":"","_EventCost":"","_EventCostDescription":"","_EventCurrencySymbol":"","_EventCurrencyCode":"","_EventCurrencyPosition":"","_EventDateTimeSeparator":"","_EventTimeRangeSeparator":"","_EventOrganizerID":[],"_EventVenueID":[],"_OrganizerEmail":"","_OrganizerPhone":"","_OrganizerWebsite":"","_VenueAddress":"","_VenueCity":"","_VenueCountry":"","_VenueProvince":"","_VenueState":"","_VenueZip":"","_VenuePhone":"","_VenueURL":"","_VenueStateProvince":"","_VenueLat":"","_VenueLng":"","_VenueShowMap":false,"_VenueShowMapLink":false},"product_brand":[69],"product_cat":[71],"product_tag":[],"class_list":{"0":"post-2385","1":"product","2":"type-product","3":"status-publish","4":"has-post-thumbnail","6":"product_brand-drl-bearings","7":"product_cat-mancais","9":"first","10":"onbackorder","11":"shipping-taxable","12":"purchasable","13":"product-type-simple"},"jetpack_sharing_enabled":true,"_links":{"self":[{"href":"https:\/\/agriomac.com.br\/loja\/wp-json\/wp\/v2\/product\/2385","targetHints":{"allow":["GET"]}}],"collection":[{"href":"https:\/\/agriomac.com.br\/loja\/wp-json\/wp\/v2\/product"}],"about":[{"href":"https:\/\/agriomac.com.br\/loja\/wp-json\/wp\/v2\/types\/product"}],"replies":[{"embeddable":true,"href":"https:\/\/agriomac.com.br\/loja\/wp-json\/wp\/v2\/comments?post=2385"}],"version-history":[{"count":3,"href":"https:\/\/agriomac.com.br\/loja\/wp-json\/wp\/v2\/product\/2385\/revisions"}],"predecessor-version":[{"id":2391,"href":"https:\/\/agriomac.com.br\/loja\/wp-json\/wp\/v2\/product\/2385\/revisions\/2391"}],"wp:featuredmedia":[{"embeddable":true,"href":"https:\/\/agriomac.com.br\/loja\/wp-json\/wp\/v2\/media\/2392"}],"wp:attachment":[{"href":"https:\/\/agriomac.com.br\/loja\/wp-json\/wp\/v2\/media?parent=2385"}],"wp:term":[{"taxonomy":"product_brand","embeddable":true,"href":"https:\/\/agriomac.com.br\/loja\/wp-json\/wp\/v2\/product_brand?post=2385"},{"taxonomy":"product_cat","embeddable":true,"href":"https:\/\/agriomac.com.br\/loja\/wp-json\/wp\/v2\/product_cat?post=2385"},{"taxonomy":"product_tag","embeddable":true,"href":"https:\/\/agriomac.com.br\/loja\/wp-json\/wp\/v2\/product_tag?post=2385"}],"curies":[{"name":"wp","href":"https:\/\/api.w.org\/{rel}","templated":true}]}}