{"id":42,"date":"2021-07-17T10:42:05","date_gmt":"2021-07-17T10:42:05","guid":{"rendered":"https:\/\/demo.athemes.com\/botiga\/?post_type=product&#038;p=42"},"modified":"2025-06-02T23:20:31","modified_gmt":"2025-06-02T23:20:31","slug":"terminal-luva-ta602","status":"publish","type":"product","link":"https:\/\/agriomac.com.br\/loja\/produto\/terminal-luva-ta602\/","title":{"rendered":"TERMINAL LUVA TA602"},"content":{"rendered":"<p data-start=\"4159\" data-end=\"4348\">O Terminal Luva TA602 proporciona seguran\u00e7a e resist\u00eancia na transmiss\u00e3o de torque em m\u00e1quinas agr\u00edcolas. Ideal para sistemas que exigem conex\u00e3o robusta e dur\u00e1vel.<\/p>\n<p data-start=\"4350\" data-end=\"4379\"><strong data-start=\"4350\" data-end=\"4379\">Caracter\u00edsticas t\u00e9cnicas:<\/strong><\/p>\n<ul data-start=\"4381\" data-end=\"4597\">\n<li data-start=\"4381\" data-end=\"4408\">\n<p data-start=\"4383\" data-end=\"4408\"><strong data-start=\"4383\" data-end=\"4392\">Tipo:<\/strong> Terminal luva<\/p>\n<\/li>\n<li data-start=\"4409\" data-end=\"4430\">\n<p data-start=\"4411\" data-end=\"4430\"><strong data-start=\"4411\" data-end=\"4422\">C\u00f3digo:<\/strong> TA602<\/p>\n<\/li>\n<li data-start=\"4431\" data-end=\"4481\">\n<p data-start=\"4433\" data-end=\"4481\"><strong data-start=\"4433\" data-end=\"4446\">Material:<\/strong> A\u00e7o de alta resist\u00eancia mec\u00e2nica<\/p>\n<\/li>\n<li data-start=\"4482\" data-end=\"4530\">\n<p data-start=\"4484\" data-end=\"4530\"><strong data-start=\"4484\" data-end=\"4499\">Acabamento:<\/strong> Revestimento contra corros\u00e3o<\/p>\n<\/li>\n<li data-start=\"4531\" data-end=\"4597\">\n<p data-start=\"4533\" data-end=\"4597\"><strong data-start=\"4533\" data-end=\"4548\">Aplica\u00e7\u00f5es:<\/strong> Transmiss\u00f5es agr\u00edcolas, cardans, eixos de torque<\/p>\n<\/li>\n<\/ul>\n","protected":false},"excerpt":{"rendered":"<p data-start=\"4037\" data-end=\"4157\">Terminal luva TA602 \u2013 Utilizado em transmiss\u00f5es agr\u00edcolas com acoplamento confi\u00e1vel e resistente.<\/p>\n<p data-start=\"4159\" data-end=\"4348\">\n","protected":false},"featured_media":1681,"comment_status":"open","ping_status":"closed","template":"","meta":{"_price":"62","_stock":"2","_tribe_ticket_header":"","_tribe_default_ticket_provider":"","_tribe_ticket_capacity":"0","_ticket_start_date":"","_ticket_end_date":"","_tribe_ticket_show_description":"","_tribe_ticket_show_not_going":false,"_tribe_ticket_use_global_stock":"","_tribe_ticket_global_stock_level":"","_global_stock_mode":"","_global_stock_cap":"","_tribe_rsvp_for_event":"","_tribe_ticket_going_count":"","_tribe_ticket_not_going_count":"","_tribe_tickets_list":"[]","_tribe_ticket_has_attendee_info_fields":false,"_EventAllDay":false,"_EventTimezone":"","_EventStartDate":"","_EventEndDate":"","_EventStartDateUTC":"","_EventEndDateUTC":"","_EventShowMap":false,"_EventShowMapLink":false,"_EventURL":"","_EventCost":"","_EventCostDescription":"","_EventCurrencySymbol":"","_EventCurrencyCode":"","_EventCurrencyPosition":"","_EventDateTimeSeparator":"","_EventTimeRangeSeparator":"","_EventOrganizerID":[],"_EventVenueID":[],"_OrganizerEmail":"","_OrganizerPhone":"","_OrganizerWebsite":"","_VenueAddress":"","_VenueCity":"","_VenueCountry":"","_VenueProvince":"","_VenueState":"","_VenueZip":"","_VenuePhone":"","_VenueURL":"","_VenueStateProvince":"","_VenueLat":"","_VenueLng":"","_VenueShowMap":false,"_VenueShowMapLink":false},"product_brand":[],"product_cat":[44],"product_tag":[],"class_list":{"0":"post-42","1":"product","2":"type-product","3":"status-publish","4":"has-post-thumbnail","6":"product_cat-pecasimplementosagricolas","8":"first","9":"instock","10":"shipping-taxable","11":"purchasable","12":"product-type-simple"},"jetpack_sharing_enabled":true,"_links":{"self":[{"href":"https:\/\/agriomac.com.br\/loja\/wp-json\/wp\/v2\/product\/42","targetHints":{"allow":["GET"]}}],"collection":[{"href":"https:\/\/agriomac.com.br\/loja\/wp-json\/wp\/v2\/product"}],"about":[{"href":"https:\/\/agriomac.com.br\/loja\/wp-json\/wp\/v2\/types\/product"}],"replies":[{"embeddable":true,"href":"https:\/\/agriomac.com.br\/loja\/wp-json\/wp\/v2\/comments?post=42"}],"version-history":[{"count":3,"href":"https:\/\/agriomac.com.br\/loja\/wp-json\/wp\/v2\/product\/42\/revisions"}],"predecessor-version":[{"id":1704,"href":"https:\/\/agriomac.com.br\/loja\/wp-json\/wp\/v2\/product\/42\/revisions\/1704"}],"wp:featuredmedia":[{"embeddable":true,"href":"https:\/\/agriomac.com.br\/loja\/wp-json\/wp\/v2\/media\/1681"}],"wp:attachment":[{"href":"https:\/\/agriomac.com.br\/loja\/wp-json\/wp\/v2\/media?parent=42"}],"wp:term":[{"taxonomy":"product_brand","embeddable":true,"href":"https:\/\/agriomac.com.br\/loja\/wp-json\/wp\/v2\/product_brand?post=42"},{"taxonomy":"product_cat","embeddable":true,"href":"https:\/\/agriomac.com.br\/loja\/wp-json\/wp\/v2\/product_cat?post=42"},{"taxonomy":"product_tag","embeddable":true,"href":"https:\/\/agriomac.com.br\/loja\/wp-json\/wp\/v2\/product_tag?post=42"}],"curies":[{"name":"wp","href":"https:\/\/api.w.org\/{rel}","templated":true}]}}