{"id":93,"date":"2021-07-18T08:40:16","date_gmt":"2021-07-18T08:40:16","guid":{"rendered":"https:\/\/demo.athemes.com\/botiga\/?post_type=product&#038;p=93"},"modified":"2025-06-02T23:20:52","modified_gmt":"2025-06-02T23:20:52","slug":"terminal-luva-cc20","status":"publish","type":"product","link":"https:\/\/agriomac.com.br\/loja\/produto\/terminal-luva-cc20\/","title":{"rendered":"TERMINAL LUVA CC20"},"content":{"rendered":"<p data-start=\"3589\" data-end=\"3773\">O Terminal Luva CC20 \u00e9 ideal para sistemas de torque em m\u00e1quinas agr\u00edcolas. Sua estrutura refor\u00e7ada e formato preciso asseguram desempenho e f\u00e1cil instala\u00e7\u00e3o.<\/p>\n<p data-start=\"3775\" data-end=\"3804\"><strong data-start=\"3775\" data-end=\"3804\">Caracter\u00edsticas t\u00e9cnicas:<\/strong><\/p>\n<ul data-start=\"3806\" data-end=\"3999\">\n<li data-start=\"3806\" data-end=\"3833\">\n<p data-start=\"3808\" data-end=\"3833\"><strong data-start=\"3808\" data-end=\"3817\">Tipo:<\/strong> Terminal luva<\/p>\n<\/li>\n<li data-start=\"3834\" data-end=\"3854\">\n<p data-start=\"3836\" data-end=\"3854\"><strong data-start=\"3836\" data-end=\"3847\">C\u00f3digo:<\/strong> CC20<\/p>\n<\/li>\n<li data-start=\"3855\" data-end=\"3897\">\n<p data-start=\"3857\" data-end=\"3897\"><strong data-start=\"3857\" data-end=\"3870\">Material:<\/strong> A\u00e7o tratado termicamente<\/p>\n<\/li>\n<li data-start=\"3898\" data-end=\"3940\">\n<p data-start=\"3900\" data-end=\"3940\"><strong data-start=\"3900\" data-end=\"3915\">Acabamento:<\/strong> Fosfatizado ou pintado<\/p>\n<\/li>\n<li data-start=\"3941\" data-end=\"3999\">\n<p data-start=\"3943\" data-end=\"3999\"><strong data-start=\"3943\" data-end=\"3958\">Aplica\u00e7\u00f5es:<\/strong> Cardans, implementos agr\u00edcolas, tratores<\/p>\n<\/li>\n<\/ul>\n","protected":false},"excerpt":{"rendered":"<p data-start=\"3489\" data-end=\"3587\">Terminal luva CC20 \u2013 Ideal para conex\u00e3o de torque em implementos agr\u00edcolas.<\/p>\n<p data-start=\"3589\" data-end=\"3773\">\n","protected":false},"featured_media":1687,"comment_status":"open","ping_status":"closed","template":"","meta":{"_price":"248.84","_stock":"3","_tribe_ticket_header":"","_tribe_default_ticket_provider":"","_tribe_ticket_capacity":"0","_ticket_start_date":"","_ticket_end_date":"","_tribe_ticket_show_description":"","_tribe_ticket_show_not_going":false,"_tribe_ticket_use_global_stock":"","_tribe_ticket_global_stock_level":"","_global_stock_mode":"","_global_stock_cap":"","_tribe_rsvp_for_event":"","_tribe_ticket_going_count":"","_tribe_ticket_not_going_count":"","_tribe_tickets_list":"[]","_tribe_ticket_has_attendee_info_fields":false,"_EventAllDay":false,"_EventTimezone":"","_EventStartDate":"","_EventEndDate":"","_EventStartDateUTC":"","_EventEndDateUTC":"","_EventShowMap":false,"_EventShowMapLink":false,"_EventURL":"","_EventCost":"","_EventCostDescription":"","_EventCurrencySymbol":"","_EventCurrencyCode":"","_EventCurrencyPosition":"","_EventDateTimeSeparator":"","_EventTimeRangeSeparator":"","_EventOrganizerID":[],"_EventVenueID":[],"_OrganizerEmail":"","_OrganizerPhone":"","_OrganizerWebsite":"","_VenueAddress":"","_VenueCity":"","_VenueCountry":"","_VenueProvince":"","_VenueState":"","_VenueZip":"","_VenuePhone":"","_VenueURL":"","_VenueStateProvince":"","_VenueLat":"","_VenueLng":"","_VenueShowMap":false,"_VenueShowMapLink":false},"product_brand":[],"product_cat":[44],"product_tag":[],"class_list":{"0":"post-93","1":"product","2":"type-product","3":"status-publish","4":"has-post-thumbnail","6":"product_cat-pecasimplementosagricolas","8":"first","9":"instock","10":"shipping-taxable","11":"purchasable","12":"product-type-simple"},"jetpack_sharing_enabled":true,"_links":{"self":[{"href":"https:\/\/agriomac.com.br\/loja\/wp-json\/wp\/v2\/product\/93","targetHints":{"allow":["GET"]}}],"collection":[{"href":"https:\/\/agriomac.com.br\/loja\/wp-json\/wp\/v2\/product"}],"about":[{"href":"https:\/\/agriomac.com.br\/loja\/wp-json\/wp\/v2\/types\/product"}],"replies":[{"embeddable":true,"href":"https:\/\/agriomac.com.br\/loja\/wp-json\/wp\/v2\/comments?post=93"}],"version-history":[{"count":3,"href":"https:\/\/agriomac.com.br\/loja\/wp-json\/wp\/v2\/product\/93\/revisions"}],"predecessor-version":[{"id":1703,"href":"https:\/\/agriomac.com.br\/loja\/wp-json\/wp\/v2\/product\/93\/revisions\/1703"}],"wp:featuredmedia":[{"embeddable":true,"href":"https:\/\/agriomac.com.br\/loja\/wp-json\/wp\/v2\/media\/1687"}],"wp:attachment":[{"href":"https:\/\/agriomac.com.br\/loja\/wp-json\/wp\/v2\/media?parent=93"}],"wp:term":[{"taxonomy":"product_brand","embeddable":true,"href":"https:\/\/agriomac.com.br\/loja\/wp-json\/wp\/v2\/product_brand?post=93"},{"taxonomy":"product_cat","embeddable":true,"href":"https:\/\/agriomac.com.br\/loja\/wp-json\/wp\/v2\/product_cat?post=93"},{"taxonomy":"product_tag","embeddable":true,"href":"https:\/\/agriomac.com.br\/loja\/wp-json\/wp\/v2\/product_tag?post=93"}],"curies":[{"name":"wp","href":"https:\/\/api.w.org\/{rel}","templated":true}]}}